{"id":1059,"date":"2016-08-08T17:20:13","date_gmt":"2016-08-08T15:20:13","guid":{"rendered":"http:\/\/bernsteinbank.co\/?page_id=1059"},"modified":"2024-03-04T15:23:14","modified_gmt":"2024-03-04T14:23:14","slug":"risikohinweis","status":"publish","type":"page","link":"https:\/\/bernstein-bank.com\/de\/risikohinweis\/","title":{"rendered":"Risikohinweis"},"content":{"rendered":"[vc_row type=&#8220;in_container&#8220; scene_position=&#8220;center&#8220; text_color=&#8220;dark&#8220; text_align=&#8220;left&#8220; top_padding=&#8220;55&#8243; overlay_strength=&#8220;0.3&#8243;][vc_column column_padding=&#8220;no-extra-padding&#8220; column_padding_position=&#8220;all&#8220; background_color_opacity=&#8220;1&#8243; background_hover_color_opacity=&#8220;1&#8243; width=&#8220;1\/1&#8243;][vc_column_text]\n<h3><strong>Risikohinweis<\/strong><\/h3>\n<p>Die Hebelprodukte, die auf dieser Webseite zur Verf\u00fcgung stehen, sind nicht f\u00fcr jeden Anleger geeignet. Handeln Sie nicht mit Kapital, dessen Verlust Sie sich nicht leisten k\u00f6nnen und lassen Sie sich beraten, wenn Sie die Risiken nicht verstehen.<\/p>\n<h3><strong>Disclaimer<\/strong><\/h3>\n<p>Die Finanzprodukte und Services, die von uns angeboten werden, tragen ein hohes Risiko und sind nicht f\u00fcr alle Investoren geeignet. Aus diesem Grund sollten Sie sicherstellen, dass Sie die Risiken vollst\u00e4ndig verstehen, bevor Sie unsere Produkte und Services nutzen. CFD sind komplexe Instrumente und gehen wegen der Hebelwirkung mit dem hohen Risiko einher, schnell Geld zu verlieren. <strong>68% der Kleinanlegerkonten verlieren Geld beim CFD-Handel mit diesem Anbieter. <\/strong>Sie sollten \u00fcberlegen, ob Sie verstehen, wie CFD funktionieren, und ob Sie es sich leisten k\u00f6nnen, das hohe Risiko einzugehen, Ihr Geld zu verlieren.<\/p>\n<p>Wir bieten keine Investmentberatung an. Falls Sie nicht sicher sein sollten, ob diese Form der Investition die richtige f\u00fcr Sie ist, sollten Sie sich bei einem autorisierten Finanzberater Rat suchen. Wir sind derzeit nicht autorisiert Investmentberatung anzubieten und deshalb werden wir Ihnen auch keine Beratung geben k\u00f6nnen. Trotz alledem k\u00f6nnen wir Ihnen von Zeit zu Zeit sachbezogene Informationen in Bezug auf einen zugrundenliegenden Markt oder eine Transaktion geben, bei denen Sie eine Anfrage hatten.<br \/>\nSpekulieren Sie nur mit Geld, bei dem Sie es sich leisten k\u00f6nnen, es zu verlieren.<\/p>\n<p>Diese Risikowarnung ist nicht Teil Ihres Handelsvertrags mit uns. Die Risikowarnung ist daf\u00fcr gedacht, dass Sie das Risiko verstehen, das bei den von uns angebotenen Produkten und Services besteht. Jedoch kann diese Risikowarnung nicht alle damit verbundenen Risiken erkl\u00e4ren. Es kann nur als allgemeiner Leitfaden f\u00fcr die involvierten Risiken gelten, wenn Sie mit unseren Produkten handeln und unsere Services nutzen. Sie m\u00fcssen selbst f\u00fcr sich entscheiden, ob die damit verbundenen Risiken zu Ihrer Investitionsstrategie und zu Ihrem Risikohunger passen.<\/p>\n<p>Handeln mit derivativen Finanzprodukten ist mit gro\u00dfen Risiken behaftet. Wenn Sie sich daf\u00fcr entscheiden, mit solchen Instrumenten zu handeln, sollten Sie sich folgendes bewusst sein:[\/vc_column_text][\/vc_column][\/vc_row][vc_row type=&#8220;in_container&#8220; scene_position=&#8220;center&#8220; text_color=&#8220;dark&#8220; text_align=&#8220;left&#8220; top_padding=&#8220;55&#8243; bottom_padding=&#8220;75&#8243; overlay_strength=&#8220;0.3&#8243;][vc_column column_padding=&#8220;no-extra-padding&#8220; column_padding_position=&#8220;all&#8220; background_color_opacity=&#8220;1&#8243; background_hover_color_opacity=&#8220;1&#8243; width=&#8220;1\/1&#8243;][vc_column_text]\n<h3><strong>Handeln au\u00dferb\u00f6rslich<\/strong><\/h3>\n<p>Wenn Sie mit uns handeln, treten Sie in einen derivativen au\u00dferb\u00f6rslichen Handel ein (auch bekannt als Freiverkehr oder OTC), der nicht \u00fcbertragbar ist. Das bedeutet, dass Sie direkt mit uns in Handelsgesch\u00e4fte eintreten und diese auch mit uns abgeschlossen werden m\u00fcssen. Sie k\u00f6nnen Ihre Handelsgesch\u00e4fte nicht an dritte Personen verkaufen oder transferieren. Dies kann mit einem h\u00f6heren Risiko behaftet sein, als es bei transferierbaren und b\u00f6rsennotierten Derivaten der Fall ist, da die M\u00f6glichkeit des \u00d6ffnens und des Schlie\u00dfens eines Handelsgesch\u00e4ftes davon abh\u00e4ngt, ob wir in der Position sind, Orders von Ihnen zu akzeptieren und diese durchzuf\u00fchren.<\/p>\n<h3><strong>Marge<\/strong><\/h3>\n<p>Sie k\u00f6nnen bei einem Handel schnell mehr verlieren, als Sie f\u00fcr das Handelsgesch\u00e4ft zum \u00d6ffnen hinterlegt haben (die Marge). Jegliche Handelsverluste, die die Marge \u00fcbersteigen, werden von Ihrem Konto abgezogen. Sie k\u00f6nnen kurzfristig aufgefordert werden, eine zus\u00e4tzliche Marge einzubezahlen, um Ihr Handelsgesch\u00e4ft aufrechtzuerhalten. An allen Handelstagen werden Ihre Handelsgesch\u00e4fte fortlaufend von uns neu bewertet und jeglicher Gewinn oder Verlust wird sofort auf Ihrem Konto dargestellt. Ein Verlust kann dazu f\u00fchren, dass Sie sofort zus\u00e4tzliche Gelder auf Ihr Konto einzahlen m\u00fcssen, um somit Ihre offenen Handelsgesch\u00e4fte aufrechterhalten zu k\u00f6nnen.<\/p>\n<p>Wir k\u00f6nnen zu jeder Zeit unsere Margin-S\u00e4tze und\/oder nominalen Handelsanforderungen \u00e4ndern. Dies kann auch dazu f\u00fchren, dass sich die notwendige Marge ver\u00e4ndert, um Ihr Handelsgesch\u00e4ft aufrechtzuerhalten. Falls Sie die zus\u00e4tzlichen Gelder (diese k\u00f6nnen einem hohen Betrag entsprechen) innerhalb der vorgeschriebenen Frist (m\u00f6glicherweise kann es sehr kurzfristig sein, z. B. Minuten) nicht zur Verf\u00fcgung stellen, k\u00f6nnte Ihre Transaktion in der Verlustzone geschlossen werden. In diesem Fall sind Sie f\u00fcr alle Defizite verantwortlich.<\/p>\n<h3><strong>Verlustlimits sind nicht gew\u00e4hrleistet<\/strong><\/h3>\n<p>Eine Stop-Loss-Order durchzuf\u00fchren kann Ihre Verluste begrenzen. Dies ist jedoch nicht sichergestellt. Ihr Verlust kann unter gewissen Umst\u00e4nden gr\u00f6\u00dfer sein. Slippage (Schwund) tritt auf, wenn ein Markt den Preis hinter sich l\u00e4sst, zu dem Sie Ihre Stop-Loss-Order gesetzt haben. Ein Grund daf\u00fcr k\u00f6nnte sein, dass der zugrundeliegende Markt ungew\u00f6hnlich volatil agiert. Zum Beispiel: Der zugrundeliegende Markt stoppt zu einem bestimmten Zeitpunkt \u00fcber Ihrem Stop-Loss-Orderpreis und startet sp\u00e4ter den Handel erneut unter Ihrem Stop-Loss-Orderpreis. Unter solchen Umst\u00e4nden w\u00fcrden wir Ihr offenes Handelsgesch\u00e4ft zum Zeitpunkt oder schnellstm\u00f6glich nach der Neuer\u00f6ffnung des Handels auf dem zugrundeliegenden Markt schlie\u00dfen (z. B. zum n\u00e4chstm\u00f6glich verf\u00fcgbaren Preis). Zus\u00e4tzlich ist zu beachten, dass M\u00e4rkte extrem hektisch sind, wenn der zugrundeliegende Markt volatil agiert. Entsprechend unserer Grunds\u00e4tze zur Orderausf\u00fchrung f\u00fchren wir Orders in Tranchen durch. Dies kann dazu folgen, dass bei einem stark fallenden zugrundeliegenden Markt Ihre Stop-Loss-Order zu einem Preis unter Ihrem Stopp-Loss-Orderpreis durchgef\u00fchrt wird.<\/p>\n<h3><strong>Bisherige Ergebnisse<\/strong><\/h3>\n<p>Sie sollten auf keinen Fall davon ausgehen, dass bisherige Ergebnisse in Zusammenhang mit eventuellen zuk\u00fcnftigen Ergebnissen stehen. Es besteht keine Sicherheit in Bezug auf zuk\u00fcnftige Ergebnisse eines bestimmten zugrundeliegenden Marktes oder Handelsgesch\u00e4fts. Es wird keine Gew\u00e4hr f\u00fcr zuk\u00fcnftige Ergebnisse \u00fcbernommen.<\/p>\n<h3><strong>Handelsaussetzung<\/strong><\/h3>\n<p>Manchmal k\u00f6nnen Marktbedingungen und die Regeln bestimmter M\u00e4rkte (z. B. Aussetzen von Handelsgesch\u00e4ften aufgrund von Volatilit\u00e4t, Mangel an Liquidit\u00e4t auf dem zugrundeliegenden Markt, usw.) den Handel risikoreicher machen. Dies kann in extremen F\u00e4llen zur Aufl\u00f6sung eines Vertrags f\u00fchren. Wir behalten uns das Recht vor, Abschl\u00fcsse von Vertr\u00e4gen zu \u00e4ndern, die an einem bestimmten Tag auslaufen, wenn an diesem Tag der Handel ausgesetzt wird.<\/p>\n<h3><strong>Hebel und Gearing<\/strong><\/h3>\n<p>Hebel oder Gearing erlaubt es Ihnen, ein Handelsgesch\u00e4ft mit einer relativ geringen Einlage (auch Marge genannt) in Bezug auf den gesamten Auftragswert einzugehen. Dies kann jedoch bedeuten, dass eine relativ geringe Bewegung auf dem zugrundeliegenden Markt einen \u00fcberproportionalen dramatischen Einfluss auf Ihr Handelsgesch\u00e4ft haben kann.<\/p>\n<p>Auch eine geringe Bewegung auf dem zugrundeliegenden Markt kann zu dem Verlust Ihres gesamten Marginbetrags f\u00fchren. Sie sind ebenfalls f\u00fcr jegliche Verluste verantwortlich, die aus dieser Position resultieren. Deshalb ist es sehr wichtig, dass Sie nur mit Geld spekulieren, bei dem Sie sich es leisten k\u00f6nnen, es zu verlieren.<\/p>\n<h3><strong>M\u00e4rkte au\u00dferhalb der Bundesrepublik Deutschland und Devisenmarkt<\/strong><\/h3>\n<p>M\u00e4rkte au\u00dferhalb der Bundesrepublik Deutschland beinhalten verschiedene Risiken. In einigen F\u00e4llen kann das Risiko h\u00f6her sein. Das Potential f\u00fcr Gewinne oder Verluste bei Transaktionen auf solchen M\u00e4rkten oder bei Vertr\u00e4gen in einer anderen W\u00e4hrung als Ihrer Basisw\u00e4hrung werden durch Fluktuation der Wechselkurse beeinflusst. Wenn Sie Handelsgesch\u00e4fte durchf\u00fchren oder Gelder auf Ihrem Konto halten, die nicht Ihrer nationalen W\u00e4hrung entsprechen, k\u00f6nnen W\u00e4hrungsrisiken auftreten. Sie sind selbst verantwortlich die Risiken zu managen. Wir sind nicht f\u00fcr die Verluste verantwortlich, die daraus resultieren.<\/p>\n<h3><strong>Transaktionen mit Eventualverbindlichkeiten<\/strong><\/h3>\n<p>Wo ein Handelsgesch\u00e4ft mit Einsch\u00fcssen verkn\u00fcpft ist, verlangen wir von Ihnen einige Zahlungen gegen den Einkaufspreis. Dies geschieht anstatt der sofortigen Gesamtzahlung des Einkaufspreises.<\/p>\n<p>Auch wenn ein Handelsgesch\u00e4ft nicht mit Einsch\u00fcssen verkn\u00fcpft ist, k\u00f6nnen Sie verpflichtet sein, unter bestimmten Umst\u00e4nden weitere Zahlungen \u00fcber einen eventuell bereits gezahlten Betrag hinaus durchzuf\u00fchren, wenn Sie den Vertrag eingegangen sind. Transaktionen mit Eventualverbindlichkeiten, die nicht an oder nach den Regeln einer anerkannten B\u00f6rse gehandelt werden, bringen noch erheblich gr\u00f6\u00dfere Risiken mit sich.<\/p>\n<h3><strong>Spreads, Kommissionen und Kosten<\/strong><\/h3>\n<p>Bevor Sie anfangen mit uns zu handeln, sollten Sie sich die Details zu allen Kommissionen und anderen Geb\u00fchren besorgen, die Sie \u00fcbernehmen m\u00fcssen. Wenn irgendwelche Geb\u00fchren nicht in Geld dargestellt werden (wie z.B. GeldBriefSpannen), sollten Sie sich eine klare Erl\u00e4uterung besorgen, was solche Geb\u00fchren in Geld ausgedr\u00fcckt bedeuten k\u00f6nnten. Im Falle von Futures, bei denen die Kommission in Prozent berechnet wird, wird der Prozentsatz normalerweise vom gesamten Vertragswert berechnet und nicht nur von der Erstzahlung.<\/p>\n<p>Je nach Art und Dauer des Handelsgesch\u00e4fts verlangen wir von Ihnen Finanzierungskosten. Auch wenn Sie in einer anderen W\u00e4hrung handeln als der Basisw\u00e4hrung Ihres Kontos, werden wir Sie m\u00f6glicherweise bitten, diese Fremdw\u00e4hrungen zu Ihrer Basisw\u00e4hrung zu konvertieren. Die Summe aus Finanzierungskosten und Fremdw\u00e4hrungskosten kann Ihre Handelsgewinne \u00fcberschreiten oder Ihre Verluste des Handelsgesch\u00e4fts erh\u00f6hen.<\/p>\n<h3><strong>Steuerrisiko<\/strong><\/h3>\n<p>Bei Ihren Handelsgesch\u00e4ften oder aus den damit verbundenen Gewinnen gehen Sie das Risiko ein, dass diese in die Besteuerung einbezogen werden. Wir versichern und garantieren nicht, dass keine Steuer oder Stempelsteuer (au\u03b2er Handelsgeb\u00fchren) f\u00e4llig sind. Sie sind f\u00fcr alle Steuern und Stempelsteuern in Bezug auf Ihre Handelsgesch\u00e4fte verantwortlich. Bernstein stellt keine Steuerberatung zur Verf\u00fcgung und Sie sind selbst f\u00fcr Ihre Steuerangelegenheiten verantwortlich.<\/p>\n<h3><strong>Ihr Geld<\/strong><\/h3>\n<p>Wenn sie als Kleinanleger eingestuft wurden oder wir vereinbart haben, Sie als professionellen Kunden zu behandeln, wird Ihr Geld auf einem abgesonderten Kundengelder-Konto separat von unserem Geld gehalten. Dies bedeutet jedoch keinen vollen Schutz (z.B. im Falle der Insolvenz unserer Bank).<\/p>\n<p><em>19. April 2022<\/em>[\/vc_column_text][\/vc_column][\/vc_row]\n","protected":false},"excerpt":{"rendered":"<p>[vc_row type=&#8220;in_container&#8220; scene_position=&#8220;center&#8220; text_color=&#8220;dark&#8220; text_align=&#8220;left&#8220; top_padding=&#8220;55&#8243; overlay_strength=&#8220;0.3&#8243;][vc_column column_padding=&#8220;no-extra-padding&#8220; column_padding_position=&#8220;all&#8220; background_color_opacity=&#8220;1&#8243; background_hover_color_opacity=&#8220;1&#8243; width=&#8220;1\/1&#8243;][vc_column_text] Risikohinweis Die Hebelprodukte, die auf dieser Webseite zur Verf\u00fcgung stehen, sind nicht f\u00fcr jeden Anleger geeignet. Handeln Sie&#8230;<\/p>\n","protected":false},"author":37,"featured_media":0,"parent":0,"menu_order":129,"comment_status":"closed","ping_status":"closed","template":"","meta":{"inline_featured_image":false,"footnotes":""},"class_list":["post-1059","page","type-page","status-publish","hentry"],"yoast_head":"<!-- This site is optimized with the Yoast SEO plugin v27.0 - https:\/\/yoast.com\/product\/yoast-seo-wordpress\/ -->\n<title>Risikohinweis | Bernstein Bank<\/title>\n<meta name=\"description\" content=\"Die Bernstein Bank GmbH ist eine deutsche Privatbank. Als einziger deutscher Bafin regulierter CFD Broker mit einer MT4-Lizenz bietet sie den Online-Handel in W\u00e4hrungen, Aktien, Rohstoffen und Krypto-W\u00e4hrungen an.\" \/>\n<meta name=\"robots\" content=\"index, follow, max-snippet:-1, max-image-preview:large, max-video-preview:-1\" \/>\n<link rel=\"canonical\" href=\"https:\/\/bernstein-bank.com\/en\/risk-warning\/\" \/>\n<meta property=\"og:locale\" content=\"de_DE\" \/>\n<meta property=\"og:type\" content=\"article\" \/>\n<meta property=\"og:title\" content=\"Risikohinweis | Bernstein Bank\" \/>\n<meta property=\"og:description\" content=\"Die Bernstein Bank GmbH ist eine deutsche Privatbank. Als einziger deutscher Bafin regulierter CFD Broker mit einer MT4-Lizenz bietet sie den Online-Handel in W\u00e4hrungen, Aktien, Rohstoffen und Krypto-W\u00e4hrungen an.\" \/>\n<meta property=\"og:url\" content=\"https:\/\/bernstein-bank.com\/en\/risk-warning\/\" \/>\n<meta property=\"og:site_name\" content=\"Bernstein Bank\" \/>\n<meta property=\"article:modified_time\" content=\"2024-03-04T14:23:14+00:00\" \/>\n<meta name=\"twitter:card\" content=\"summary_large_image\" \/>\n<meta name=\"twitter:label1\" content=\"Gesch\u00e4tzte Lesezeit\" \/>\n\t<meta name=\"twitter:data1\" content=\"8\u00a0Minuten\" \/>\n<script type=\"application\/ld+json\" class=\"yoast-schema-graph\">{\"@context\":\"https:\/\/schema.org\",\"@graph\":[{\"@type\":\"WebPage\",\"@id\":\"https:\/\/bernstein-bank.com\/en\/risk-warning\/\",\"url\":\"https:\/\/bernstein-bank.com\/en\/risk-warning\/\",\"name\":\"Risikohinweis | Bernstein Bank\",\"isPartOf\":{\"@id\":\"https:\/\/bernstein-bank.com\/en\/#website\"},\"datePublished\":\"2016-08-08T15:20:13+00:00\",\"dateModified\":\"2024-03-04T14:23:14+00:00\",\"description\":\"Die Bernstein Bank GmbH ist eine deutsche Privatbank. Als einziger deutscher Bafin regulierter CFD Broker mit einer MT4-Lizenz bietet sie den Online-Handel in W\u00e4hrungen, Aktien, Rohstoffen und Krypto-W\u00e4hrungen an.\",\"breadcrumb\":{\"@id\":\"https:\/\/bernstein-bank.com\/en\/risk-warning\/#breadcrumb\"},\"inLanguage\":\"de\",\"potentialAction\":[{\"@type\":\"ReadAction\",\"target\":[\"https:\/\/bernstein-bank.com\/en\/risk-warning\/\"]}]},{\"@type\":\"BreadcrumbList\",\"@id\":\"https:\/\/bernstein-bank.com\/en\/risk-warning\/#breadcrumb\",\"itemListElement\":[{\"@type\":\"ListItem\",\"position\":1,\"name\":\"Home\",\"item\":\"https:\/\/bernstein-bank.com\/de\/\"},{\"@type\":\"ListItem\",\"position\":2,\"name\":\"Risikohinweis\"}]},{\"@type\":\"WebSite\",\"@id\":\"https:\/\/bernstein-bank.com\/en\/#website\",\"url\":\"https:\/\/bernstein-bank.com\/en\/\",\"name\":\"Bernstein Bank\",\"description\":\"Bernstein Bank\",\"potentialAction\":[{\"@type\":\"SearchAction\",\"target\":{\"@type\":\"EntryPoint\",\"urlTemplate\":\"https:\/\/bernstein-bank.com\/en\/?s={search_term_string}\"},\"query-input\":{\"@type\":\"PropertyValueSpecification\",\"valueRequired\":true,\"valueName\":\"search_term_string\"}}],\"inLanguage\":\"de\"}]}<\/script>\n<!-- \/ Yoast SEO plugin. -->","yoast_head_json":{"title":"Risikohinweis | Bernstein Bank","description":"Die Bernstein Bank GmbH ist eine deutsche Privatbank. Als einziger deutscher Bafin regulierter CFD Broker mit einer MT4-Lizenz bietet sie den Online-Handel in W\u00e4hrungen, Aktien, Rohstoffen und Krypto-W\u00e4hrungen an.","robots":{"index":"index","follow":"follow","max-snippet":"max-snippet:-1","max-image-preview":"max-image-preview:large","max-video-preview":"max-video-preview:-1"},"canonical":"https:\/\/bernstein-bank.com\/en\/risk-warning\/","og_locale":"de_DE","og_type":"article","og_title":"Risikohinweis | Bernstein Bank","og_description":"Die Bernstein Bank GmbH ist eine deutsche Privatbank. Als einziger deutscher Bafin regulierter CFD Broker mit einer MT4-Lizenz bietet sie den Online-Handel in W\u00e4hrungen, Aktien, Rohstoffen und Krypto-W\u00e4hrungen an.","og_url":"https:\/\/bernstein-bank.com\/en\/risk-warning\/","og_site_name":"Bernstein Bank","article_modified_time":"2024-03-04T14:23:14+00:00","twitter_card":"summary_large_image","twitter_misc":{"Gesch\u00e4tzte Lesezeit":"8\u00a0Minuten"},"schema":{"@context":"https:\/\/schema.org","@graph":[{"@type":"WebPage","@id":"https:\/\/bernstein-bank.com\/en\/risk-warning\/","url":"https:\/\/bernstein-bank.com\/en\/risk-warning\/","name":"Risikohinweis | Bernstein Bank","isPartOf":{"@id":"https:\/\/bernstein-bank.com\/en\/#website"},"datePublished":"2016-08-08T15:20:13+00:00","dateModified":"2024-03-04T14:23:14+00:00","description":"Die Bernstein Bank GmbH ist eine deutsche Privatbank. Als einziger deutscher Bafin regulierter CFD Broker mit einer MT4-Lizenz bietet sie den Online-Handel in W\u00e4hrungen, Aktien, Rohstoffen und Krypto-W\u00e4hrungen an.","breadcrumb":{"@id":"https:\/\/bernstein-bank.com\/en\/risk-warning\/#breadcrumb"},"inLanguage":"de","potentialAction":[{"@type":"ReadAction","target":["https:\/\/bernstein-bank.com\/en\/risk-warning\/"]}]},{"@type":"BreadcrumbList","@id":"https:\/\/bernstein-bank.com\/en\/risk-warning\/#breadcrumb","itemListElement":[{"@type":"ListItem","position":1,"name":"Home","item":"https:\/\/bernstein-bank.com\/de\/"},{"@type":"ListItem","position":2,"name":"Risikohinweis"}]},{"@type":"WebSite","@id":"https:\/\/bernstein-bank.com\/en\/#website","url":"https:\/\/bernstein-bank.com\/en\/","name":"Bernstein Bank","description":"Bernstein Bank","potentialAction":[{"@type":"SearchAction","target":{"@type":"EntryPoint","urlTemplate":"https:\/\/bernstein-bank.com\/en\/?s={search_term_string}"},"query-input":{"@type":"PropertyValueSpecification","valueRequired":true,"valueName":"search_term_string"}}],"inLanguage":"de"}]}},"_links":{"self":[{"href":"https:\/\/bernstein-bank.com\/de\/wp-json\/wp\/v2\/pages\/1059","targetHints":{"allow":["GET"]}}],"collection":[{"href":"https:\/\/bernstein-bank.com\/de\/wp-json\/wp\/v2\/pages"}],"about":[{"href":"https:\/\/bernstein-bank.com\/de\/wp-json\/wp\/v2\/types\/page"}],"author":[{"embeddable":true,"href":"https:\/\/bernstein-bank.com\/de\/wp-json\/wp\/v2\/users\/37"}],"replies":[{"embeddable":true,"href":"https:\/\/bernstein-bank.com\/de\/wp-json\/wp\/v2\/comments?post=1059"}],"version-history":[{"count":0,"href":"https:\/\/bernstein-bank.com\/de\/wp-json\/wp\/v2\/pages\/1059\/revisions"}],"wp:attachment":[{"href":"https:\/\/bernstein-bank.com\/de\/wp-json\/wp\/v2\/media?parent=1059"}],"curies":[{"name":"wp","href":"https:\/\/api.w.org\/{rel}","templated":true}]}}