{"id":11,"date":"2016-07-01T12:01:03","date_gmt":"2016-07-01T10:01:03","guid":{"rendered":"http:\/\/fantomas.co\/dev\/bb\/?page_id=11"},"modified":"2024-03-19T12:14:53","modified_gmt":"2024-03-19T11:14:53","slug":"ueber-uns","status":"publish","type":"page","link":"https:\/\/bernstein-bank.com\/de\/ueber-uns\/","title":{"rendered":"\u00dcber uns"},"content":{"rendered":"[vc_row type=&#8220;in_container&#8220; scene_position=&#8220;center&#8220; text_color=&#8220;dark&#8220; text_align=&#8220;left&#8220; id=&#8220;unternehmen&#8220; overlay_strength=&#8220;0.3&#8243;][vc_column column_padding=&#8220;no-extra-padding&#8220; column_padding_position=&#8220;all&#8220; background_color_opacity=&#8220;1&#8243; background_hover_color_opacity=&#8220;1&#8243; width=&#8220;1\/1&#8243;][page_submenu sticky=&#8220;true&#8220; bg_color=&#8220;#ffffff&#8220; link_color=&#8220;#333333&#8243;][page_link link_url=&#8220;#unternehmen&#8220; title=&#8220;Unternehmen&#8220; tab_id=&#8220;1468504585749-5&#8243; id=&#8220;1468571669860-9&#8243;] [\/page_link][page_link link_url=&#8220;#bernstein-werte&#8220; title=&#8220;Bernstein Werte&#8220; tab_id=&#8220;1468504586171-1&#8243; id=&#8220;1548926888940-2&#8243;] [\/page_link][page_link title=&#8220;Lizenzen \/ Regulierungen&#8220; tab_id=&#8220;1468504645546-3&#8243; link_url=&#8220;#lizenzen&#8220; id=&#8220;1468571669954-1&#8243;][\/page_link][page_link title=&#8220;Management&#8220; tab_id=&#8220;1548926899383-5&#8243; link_url=&#8220;#management&#8220; id=&#8220;1548927017583-6&#8243;][\/page_link][page_link title=&#8220;Karriere&#8220; tab_id=&#8220;1468504679854-5&#8243; link_url=&#8220;#karriere&#8220; id=&#8220;1477124154694-10&#8243;][\/page_link][\/page_submenu][\/vc_column][\/vc_row][vc_row type=&#8220;in_container&#8220; scene_position=&#8220;center&#8220; text_color=&#8220;dark&#8220; text_align=&#8220;left&#8220; top_padding=&#8220;75&#8243; id=&#8220;bernstein-werte&#8220; overlay_strength=&#8220;0.3&#8243;][vc_column column_padding=&#8220;no-extra-padding&#8220; column_padding_position=&#8220;all&#8220; background_color_opacity=&#8220;1&#8243; background_hover_color_opacity=&#8220;1&#8243; width=&#8220;1\/1&#8243;][vc_column_text]\n<h2><strong>Unsere Werte<\/strong><\/h2>\n[\/vc_column_text]<div style=\"height: 35px;\" class=\"divider\"><\/div>[vc_row_inner equal_height=&#8220;yes&#8220;][vc_column_inner boxed=&#8220;true&#8220; column_padding=&#8220;no-extra-padding&#8220; column_padding_position=&#8220;all&#8220; background_color_opacity=&#8220;1&#8243; width=&#8220;1\/2&#8243;]<div class=\"iwithtext\"><div class=\"iwt-icon\"> <img decoding=\"async\" src=\"https:\/\/bernstein-bank.azureedge.net\/wp-content\/uploads\/2016\/07\/arrows_check.svg\" alt=\"\" \/> <\/div><div class=\"iwt-text\"> \n<h4>Partnerschaftlichkeit<\/h4>\n<p>Respekt und Kooperation leiten unseren Umgang mit Kunden, Gesch\u00e4ftspartnern und Mitarbeitern. Wir denken und handeln marktorientiert. Handlungsweisend sind die Anforderungen, Bed\u00fcrfnisse und Ziele unserer Partner. <\/div><div class=\"clear\"><\/div><\/div>[\/vc_column_inner][vc_column_inner boxed=&#8220;true&#8220; column_padding=&#8220;no-extra-padding&#8220; column_padding_position=&#8220;all&#8220; background_color_opacity=&#8220;1&#8243; width=&#8220;1\/2&#8243;]<div class=\"iwithtext\"><div class=\"iwt-icon\"> <img decoding=\"async\" src=\"https:\/\/bernstein-bank.azureedge.net\/wp-content\/uploads\/2016\/07\/arrows_check.svg\" alt=\"\" \/> <\/div><div class=\"iwt-text\"> \n<h4>Innovation<\/h4>\n<p>In Zeiten st\u00e4ndigen Wandels sind wir wissensdurstig und nutzen neue Ideen als Grundlage jeder Innovation. Wir stehen neuen Technologien und Verfahren offen gegen\u00fcber und nutzen diese f\u00fcr die kontinuierliche Optimierung des Bestehenden. <\/div><div class=\"clear\"><\/div><\/div>[\/vc_column_inner][\/vc_row_inner][vc_row_inner equal_height=&#8220;yes&#8220;][vc_column_inner boxed=&#8220;true&#8220; column_padding=&#8220;no-extra-padding&#8220; column_padding_position=&#8220;all&#8220; background_color_opacity=&#8220;1&#8243; width=&#8220;1\/2&#8243;]<div class=\"iwithtext\"><div class=\"iwt-icon\"> <img decoding=\"async\" src=\"https:\/\/bernstein-bank.azureedge.net\/wp-content\/uploads\/2016\/07\/arrows_check.svg\" alt=\"\" \/> <\/div><div class=\"iwt-text\"> \n<h4>Qualit\u00e4t<\/h4>\n<p>Mit unserer Erfahrung, Kompetenz und Konzentration auf die Bed\u00fcrfnisse unserer Partner verbessern wir kontinuierlich unsere Abl\u00e4ufe, Strukturen und Techniken. Durch die hochwertigen Rahmenbedingungen am Finanzplatz Deutschland bieten wir fortw\u00e4hrende exzellente Leistungen. <\/div><div class=\"clear\"><\/div><\/div>[\/vc_column_inner][vc_column_inner boxed=&#8220;true&#8220; column_padding=&#8220;no-extra-padding&#8220; column_padding_position=&#8220;all&#8220; background_color_opacity=&#8220;1&#8243; width=&#8220;1\/2&#8243;]<div class=\"iwithtext\"><div class=\"iwt-icon\"> <img decoding=\"async\" src=\"https:\/\/bernstein-bank.azureedge.net\/wp-content\/uploads\/2016\/07\/arrows_check.svg\" alt=\"\" \/> <\/div><div class=\"iwt-text\"> \n<h4>Disziplin<\/h4>\n<p>Unsere Ziele und Werte haben wir klar vor Augen. Sie bestimmen unser t\u00e4gliches Denken und Tun. Daher nehmen wir uns selbst nicht so wichtig und stellen uns zugunsten von anderen zur\u00fcck. <\/div><div class=\"clear\"><\/div><\/div>[\/vc_column_inner][\/vc_row_inner][vc_row_inner equal_height=&#8220;yes&#8220;][vc_column_inner boxed=&#8220;true&#8220; column_padding=&#8220;no-extra-padding&#8220; column_padding_position=&#8220;all&#8220; background_color_opacity=&#8220;1&#8243; width=&#8220;1\/2&#8243;]<div class=\"iwithtext\"><div class=\"iwt-icon\"> <img decoding=\"async\" src=\"https:\/\/bernstein-bank.azureedge.net\/wp-content\/uploads\/2016\/07\/arrows_check.svg\" alt=\"\" \/> <\/div><div class=\"iwt-text\"> \n<h4>Integrit\u00e4t<\/h4>\n<p>Als unser wichtigstes Gut halten wir uns an Recht und Gesetz und tun dar\u00fcber hinaus auch das, was richtig f\u00fcr unsere Kunden ist. Wir sind kommunikativ, f\u00f6rdern und respektieren Feedback unserer Mitarbeiter, Kunden und Gesch\u00e4ftspartner. <\/div><div class=\"clear\"><\/div><\/div>[\/vc_column_inner][vc_column_inner boxed=&#8220;true&#8220; column_padding=&#8220;no-extra-padding&#8220; column_padding_position=&#8220;all&#8220; background_color_opacity=&#8220;1&#8243; width=&#8220;1\/2&#8243;]<div class=\"iwithtext\"><div class=\"iwt-icon\"> <img decoding=\"async\" src=\"https:\/\/bernstein-bank.azureedge.net\/wp-content\/uploads\/2016\/07\/arrows_check.svg\" alt=\"\" \/> <\/div><div class=\"iwt-text\"> \n<h4>Weitsicht<\/h4>\n<p>Wir denken nicht weniger an die Zukunft, als an den aktuellen Moment. Unser vorausschauendes Verhalten erm\u00f6glicht es uns daher, schnell auf \u00c4nderungen des Status Quo zu reagieren. <\/div><div class=\"clear\"><\/div><\/div>[\/vc_column_inner][\/vc_row_inner][\/vc_column][\/vc_row][vc_row type=&#8220;in_container&#8220; scene_position=&#8220;center&#8220; text_color=&#8220;dark&#8220; text_align=&#8220;left&#8220; top_padding=&#8220;75&#8243; bottom_padding=&#8220;100&#8243; id=&#8220;karriere&#8220; overlay_strength=&#8220;0.3&#8243;][vc_column column_padding=&#8220;no-extra-padding&#8220; column_padding_position=&#8220;all&#8220; background_color_opacity=&#8220;1&#8243; background_hover_color_opacity=&#8220;1&#8243; width=&#8220;1\/1&#8243;][vc_column_text]\n<h2><strong>Karriere<\/strong><\/h2>\n[\/vc_column_text][vc_row_inner][vc_column_inner column_padding=&#8220;no-extra-padding&#8220; column_padding_position=&#8220;all&#8220; background_color_opacity=&#8220;1&#8243; width=&#8220;1\/2&#8243;]<div style=\"height: 35px;\" class=\"divider\"><\/div>[vc_column_text]Der Erfolg unseres Unternehmens basiert auf unseren hoch qualifizierten und motivierten Mitarbeitern.Das von uns gebotene attraktive Arbeitsumfeld, moderne Kommunikations- und Informationsmedien sowie Aus- und Weiterbildungsma\u00dfnahmen sehen wir als wesentliche Voraussetzung f\u00fcr unsere hochwertigen Dienstleistungen an.<\/p>\n<p>Regelm\u00e4\u00dfige Zielvereinbarungs- und Beurteilungsgespr\u00e4che sowie variable Verg\u00fctungsbestandteile sind Bestandteile unseres attraktiven Verg\u00fctungssystems. Wir freuen uns \u00fcber Ihre Initiativbewerbung per Email an: <a href=\"mailto:bewerbung@bernstein-bank.com\">bewerbung@bernstein-bank.com<\/a>[\/vc_column_text][\/vc_column_inner][vc_column_inner column_padding=&#8220;no-extra-padding&#8220; column_padding_position=&#8220;all&#8220; background_color_opacity=&#8220;1&#8243; width=&#8220;1\/2&#8243;]<div class=\"img-with-aniamtion-wrap center\"><img decoding=\"async\" class=\"img-with-animation round\" data-delay=\"0\" height=\"100%\" width=\"100%\" data-animation=\"none\" src=\"https:\/\/bernstein-bank.azureedge.net\/wp-content\/uploads\/2018\/11\/career.jpg\" alt=\"Career at Bernstein Bank\" \/><\/div>[\/vc_column_inner][\/vc_row_inner][\/vc_column][\/vc_row]\n","protected":false},"excerpt":{"rendered":"<p>[vc_row type=&#8220;in_container&#8220; scene_position=&#8220;center&#8220; text_color=&#8220;dark&#8220; text_align=&#8220;left&#8220; id=&#8220;unternehmen&#8220; overlay_strength=&#8220;0.3&#8243;][vc_column column_padding=&#8220;no-extra-padding&#8220; column_padding_position=&#8220;all&#8220; background_color_opacity=&#8220;1&#8243; background_hover_color_opacity=&#8220;1&#8243; width=&#8220;1\/1&#8243;][page_submenu sticky=&#8220;true&#8220; bg_color=&#8220;#ffffff&#8220; link_color=&#8220;#333333&#8243;][page_link link_url=&#8220;#unternehmen&#8220; title=&#8220;Unternehmen&#8220; tab_id=&#8220;1468504585749-5&#8243; id=&#8220;1468571669860-9&#8243;] [\/page_link][page_link link_url=&#8220;#bernstein-werte&#8220; title=&#8220;Bernstein Werte&#8220; tab_id=&#8220;1468504586171-1&#8243; id=&#8220;1548926888940-2&#8243;] [\/page_link][page_link title=&#8220;Lizenzen \/ Regulierungen&#8220; tab_id=&#8220;1468504645546-3&#8243;&#8230;<\/p>\n","protected":false},"author":37,"featured_media":0,"parent":0,"menu_order":64,"comment_status":"closed","ping_status":"closed","template":"","meta":{"inline_featured_image":false,"footnotes":""},"class_list":["post-11","page","type-page","status-publish","hentry"],"yoast_head":"<!-- This site is optimized with the Yoast SEO plugin v27.0 - https:\/\/yoast.com\/product\/yoast-seo-wordpress\/ -->\n<title>CFD Broker | Erste deutsche Bank mit eigener MT4 Lizenz | Bernstein Bank<\/title>\n<meta name=\"description\" content=\"Deutscher Privatbank f\u00fcr Online Handel mit CFDs auf Aktien, Rohstoffe, Indizes und W\u00e4hrungen, im Zentrum von M\u00fcnchen. Hoher Standard an Sicherheit und Qualit\u00e4t. Deutsche Einlagensicherung und Regulierung. Professioneller Kundensupport am Telefon, \u00fcber E-Mail und im Chat.\" \/>\n<meta name=\"robots\" content=\"index, follow, max-snippet:-1, max-image-preview:large, max-video-preview:-1\" \/>\n<link rel=\"canonical\" href=\"https:\/\/bernstein-bank.com\/en\/about-us\/\" \/>\n<meta property=\"og:locale\" content=\"de_DE\" \/>\n<meta property=\"og:type\" content=\"article\" \/>\n<meta property=\"og:title\" content=\"CFD Broker | Erste deutsche Bank mit eigener MT4 Lizenz | Bernstein Bank\" \/>\n<meta property=\"og:description\" content=\"Deutscher Privatbank f\u00fcr Online Handel mit CFDs auf Aktien, Rohstoffe, Indizes und W\u00e4hrungen, im Zentrum von M\u00fcnchen. Hoher Standard an Sicherheit und Qualit\u00e4t. Deutsche Einlagensicherung und Regulierung. Professioneller Kundensupport am Telefon, \u00fcber E-Mail und im Chat.\" \/>\n<meta property=\"og:url\" content=\"https:\/\/bernstein-bank.com\/en\/about-us\/\" \/>\n<meta property=\"og:site_name\" content=\"Bernstein Bank\" \/>\n<meta property=\"article:modified_time\" content=\"2024-03-19T11:14:53+00:00\" \/>\n<meta name=\"twitter:card\" content=\"summary_large_image\" \/>\n<meta name=\"twitter:label1\" content=\"Gesch\u00e4tzte Lesezeit\" \/>\n\t<meta name=\"twitter:data1\" content=\"3\u00a0Minuten\" \/>\n<script type=\"application\/ld+json\" class=\"yoast-schema-graph\">{\"@context\":\"https:\/\/schema.org\",\"@graph\":[{\"@type\":\"WebPage\",\"@id\":\"https:\/\/bernstein-bank.com\/en\/about-us\/\",\"url\":\"https:\/\/bernstein-bank.com\/en\/about-us\/\",\"name\":\"CFD Broker | Erste deutsche Bank mit eigener MT4 Lizenz | Bernstein Bank\",\"isPartOf\":{\"@id\":\"https:\/\/bernstein-bank.com\/en\/#website\"},\"datePublished\":\"2016-07-01T10:01:03+00:00\",\"dateModified\":\"2024-03-19T11:14:53+00:00\",\"description\":\"Deutscher Privatbank f\u00fcr Online Handel mit CFDs auf Aktien, Rohstoffe, Indizes und W\u00e4hrungen, im Zentrum von M\u00fcnchen. Hoher Standard an Sicherheit und Qualit\u00e4t. Deutsche Einlagensicherung und Regulierung. Professioneller Kundensupport am Telefon, \u00fcber E-Mail und im Chat.\",\"breadcrumb\":{\"@id\":\"https:\/\/bernstein-bank.com\/en\/about-us\/#breadcrumb\"},\"inLanguage\":\"de\",\"potentialAction\":[{\"@type\":\"ReadAction\",\"target\":[\"https:\/\/bernstein-bank.com\/en\/about-us\/\"]}]},{\"@type\":\"BreadcrumbList\",\"@id\":\"https:\/\/bernstein-bank.com\/en\/about-us\/#breadcrumb\",\"itemListElement\":[{\"@type\":\"ListItem\",\"position\":1,\"name\":\"Home\",\"item\":\"https:\/\/bernstein-bank.com\/de\/\"},{\"@type\":\"ListItem\",\"position\":2,\"name\":\"\u00dcber uns\"}]},{\"@type\":\"WebSite\",\"@id\":\"https:\/\/bernstein-bank.com\/en\/#website\",\"url\":\"https:\/\/bernstein-bank.com\/en\/\",\"name\":\"Bernstein Bank\",\"description\":\"Bernstein Bank\",\"potentialAction\":[{\"@type\":\"SearchAction\",\"target\":{\"@type\":\"EntryPoint\",\"urlTemplate\":\"https:\/\/bernstein-bank.com\/en\/?s={search_term_string}\"},\"query-input\":{\"@type\":\"PropertyValueSpecification\",\"valueRequired\":true,\"valueName\":\"search_term_string\"}}],\"inLanguage\":\"de\"}]}<\/script>\n<!-- \/ Yoast SEO plugin. -->","yoast_head_json":{"title":"CFD Broker | Erste deutsche Bank mit eigener MT4 Lizenz | Bernstein Bank","description":"Deutscher Privatbank f\u00fcr Online Handel mit CFDs auf Aktien, Rohstoffe, Indizes und W\u00e4hrungen, im Zentrum von M\u00fcnchen. Hoher Standard an Sicherheit und Qualit\u00e4t. Deutsche Einlagensicherung und Regulierung. Professioneller Kundensupport am Telefon, \u00fcber E-Mail und im Chat.","robots":{"index":"index","follow":"follow","max-snippet":"max-snippet:-1","max-image-preview":"max-image-preview:large","max-video-preview":"max-video-preview:-1"},"canonical":"https:\/\/bernstein-bank.com\/en\/about-us\/","og_locale":"de_DE","og_type":"article","og_title":"CFD Broker | Erste deutsche Bank mit eigener MT4 Lizenz | Bernstein Bank","og_description":"Deutscher Privatbank f\u00fcr Online Handel mit CFDs auf Aktien, Rohstoffe, Indizes und W\u00e4hrungen, im Zentrum von M\u00fcnchen. Hoher Standard an Sicherheit und Qualit\u00e4t. Deutsche Einlagensicherung und Regulierung. Professioneller Kundensupport am Telefon, \u00fcber E-Mail und im Chat.","og_url":"https:\/\/bernstein-bank.com\/en\/about-us\/","og_site_name":"Bernstein Bank","article_modified_time":"2024-03-19T11:14:53+00:00","twitter_card":"summary_large_image","twitter_misc":{"Gesch\u00e4tzte Lesezeit":"3\u00a0Minuten"},"schema":{"@context":"https:\/\/schema.org","@graph":[{"@type":"WebPage","@id":"https:\/\/bernstein-bank.com\/en\/about-us\/","url":"https:\/\/bernstein-bank.com\/en\/about-us\/","name":"CFD Broker | Erste deutsche Bank mit eigener MT4 Lizenz | Bernstein Bank","isPartOf":{"@id":"https:\/\/bernstein-bank.com\/en\/#website"},"datePublished":"2016-07-01T10:01:03+00:00","dateModified":"2024-03-19T11:14:53+00:00","description":"Deutscher Privatbank f\u00fcr Online Handel mit CFDs auf Aktien, Rohstoffe, Indizes und W\u00e4hrungen, im Zentrum von M\u00fcnchen. Hoher Standard an Sicherheit und Qualit\u00e4t. Deutsche Einlagensicherung und Regulierung. Professioneller Kundensupport am Telefon, \u00fcber E-Mail und im Chat.","breadcrumb":{"@id":"https:\/\/bernstein-bank.com\/en\/about-us\/#breadcrumb"},"inLanguage":"de","potentialAction":[{"@type":"ReadAction","target":["https:\/\/bernstein-bank.com\/en\/about-us\/"]}]},{"@type":"BreadcrumbList","@id":"https:\/\/bernstein-bank.com\/en\/about-us\/#breadcrumb","itemListElement":[{"@type":"ListItem","position":1,"name":"Home","item":"https:\/\/bernstein-bank.com\/de\/"},{"@type":"ListItem","position":2,"name":"\u00dcber uns"}]},{"@type":"WebSite","@id":"https:\/\/bernstein-bank.com\/en\/#website","url":"https:\/\/bernstein-bank.com\/en\/","name":"Bernstein Bank","description":"Bernstein Bank","potentialAction":[{"@type":"SearchAction","target":{"@type":"EntryPoint","urlTemplate":"https:\/\/bernstein-bank.com\/en\/?s={search_term_string}"},"query-input":{"@type":"PropertyValueSpecification","valueRequired":true,"valueName":"search_term_string"}}],"inLanguage":"de"}]}},"_links":{"self":[{"href":"https:\/\/bernstein-bank.com\/de\/wp-json\/wp\/v2\/pages\/11","targetHints":{"allow":["GET"]}}],"collection":[{"href":"https:\/\/bernstein-bank.com\/de\/wp-json\/wp\/v2\/pages"}],"about":[{"href":"https:\/\/bernstein-bank.com\/de\/wp-json\/wp\/v2\/types\/page"}],"author":[{"embeddable":true,"href":"https:\/\/bernstein-bank.com\/de\/wp-json\/wp\/v2\/users\/37"}],"replies":[{"embeddable":true,"href":"https:\/\/bernstein-bank.com\/de\/wp-json\/wp\/v2\/comments?post=11"}],"version-history":[{"count":0,"href":"https:\/\/bernstein-bank.com\/de\/wp-json\/wp\/v2\/pages\/11\/revisions"}],"wp:attachment":[{"href":"https:\/\/bernstein-bank.com\/de\/wp-json\/wp\/v2\/media?parent=11"}],"curies":[{"name":"wp","href":"https:\/\/api.w.org\/{rel}","templated":true}]}}