{"id":11531,"date":"2019-03-14T05:23:36","date_gmt":"2019-03-14T04:23:36","guid":{"rendered":"https:\/\/bernstein-bank.com\/?page_id=11531\/"},"modified":"2024-07-02T14:36:10","modified_gmt":"2024-07-02T12:36:10","slug":"service","status":"publish","type":"page","link":"https:\/\/bernstein-bank.com\/de\/service\/","title":{"rendered":"Service"},"content":{"rendered":"[vc_row type=&#8220;in_container&#8220; scene_position=&#8220;center&#8220; text_color=&#8220;dark&#8220; text_align=&#8220;left&#8220; overlay_strength=&#8220;0.3&#8243;][vc_column column_padding=&#8220;no-extra-padding&#8220; column_padding_position=&#8220;all&#8220; background_color_opacity=&#8220;1&#8243; background_hover_color_opacity=&#8220;1&#8243; width=&#8220;1\/1&#8243;][page_submenu sticky=&#8220;true&#8220;][page_link link_url=&#8220;#kontoeroeffnung&#8220; title=&#8220;Kontoer\u00f6ffnung&#8220; tab_id=&#8220;1552537254012-8&#8243; id=&#8220;1552539761150-1&#8243;] [\/page_link][page_link link_url=&#8220;#webtrader&#8220; title=&#8220;WebTrader&#8220; tab_id=&#8220;1552537254111-1&#8243; id=&#8220;1552537465432-6&#8243;] [\/page_link][page_link title=&#8220;Dokumente&#8220; tab_id=&#8220;1552537263685-9&#8243; link_url=&#8220;#dokumente&#8220; id=&#8220;1552537465454-1&#8243;][\/page_link][page_link title=&#8220;Zahlungen&#8220; tab_id=&#8220;1552537264490-9&#8243; link_url=&#8220;#zahlungen&#8220; id=&#8220;1552537465465-1&#8243;][\/page_link][page_link title=&#8220;FAQ&#8220; tab_id=&#8220;1552537265211-7&#8243; link_url=&#8220;#faq&#8220; id=&#8220;1552537465476-6&#8243;][\/page_link][page_link title=&#8220;Kontakt&#8220; tab_id=&#8220;1552537412460-7&#8243; link_url=&#8220;#kontakt&#8220; id=&#8220;1552538197536-7&#8243;][\/page_link][\/page_submenu][\/vc_column][\/vc_row][vc_row type=&#8220;in_container&#8220; scene_position=&#8220;center&#8220; text_color=&#8220;dark&#8220; text_align=&#8220;left&#8220; overlay_strength=&#8220;0.3&#8243;][vc_column column_padding=&#8220;no-extra-padding&#8220; column_padding_position=&#8220;all&#8220; background_color_opacity=&#8220;1&#8243; background_hover_color_opacity=&#8220;1&#8243; width=&#8220;1\/1&#8243;][vc_column_text]\n<h2><strong>FAQ Risikomanagement<\/strong><\/h2>\n[\/vc_column_text]<div  class=\"divider\"><\/div><div class=\"toggles \"><div class=\"toggle default\"><h3><a href=\"#\"><i class=\"icon-plus-sign\"><\/i>Wie sieht es mit dem Risikomanagement aus?<\/a><\/h3><div>[vc_column_text]Im Allgemeinen ist das Risikomanagement der wichtigste Baustein beim erfolgreichen Handel. Viele erfolgreiche H\u00e4ndler sagen, dass der Handel im Grunde nichts anderes ist, als die Risiken der offenen Positionen zu verwalten. Instrumente des Risikomanagements sind die Bestimmung der Positionsgr\u00f6\u00dfe, eine Stopp-Loss Order bzw. eine Gewinnmitnahmeziel (Kursziel) und\/oder ein Gewinnsicherungs-Stopp.<\/p>\n<p>Auch die Diversifikation, also die Streuung Ihrer Anlage in unterschiedlichen Instrumente, ist ein wichtiges Instrument, um langfristig erfolgreich zu handeln.[\/vc_column_text]<\/div><\/div><div class=\"toggle default\"><h3><a href=\"#\"><i class=\"icon-plus-sign\"><\/i>Was ist eine Stopp-Loss Order?<\/a><\/h3><div>[vc_column_text]Zun\u00e4chst einmal ist der Stopp eine Orderart. Mit dem Stopp-Kurs definieren Sie eine Signalmarke, bei der eine Market-Order aktiviert wird und Ihre Position zum n\u00e4chsten handelbaren Kurs geschlossen oder ge\u00f6ffnet wird. Der Zusatz \u201eLoss\u201c bedeutet nichts anderes, als dass es sich hierbei um eine Verlustbegrenzung handelt. Ihre Position wird bei Ausf\u00fchrung der Oder im Verlust geschlossen.<\/p>\n<p>Der Stopp-Loss dient dem Schutz Ihres Handelskapitals. Eine Position wird mittels Stopp-Loss geschlossen, wenn ein bestimmter Verlust angefallen ist. Dieser Betrag sollte zwischen 2{00d01853637b39502f4b40df07e6c440df239e6a451e2b059a5570ff4557c573} und 4{00d01853637b39502f4b40df07e6c440df239e6a451e2b059a5570ff4557c573} Ihres eingesetzten Kapitals liegen. Wenn Ihre Einlage zum Beispiel bei 100.000 Euro liegt, w\u00e4re Ihr Verlustrisiko dann zwischen 2.000 Euro und 4.000 Euro. Nat\u00fcrlich k\u00f6nnen Sie eine Stopp-Loss Order in Ihrem MetaTrader einstellen.[\/vc_column_text]<\/div><\/div><div class=\"toggle default\"><h3><a href=\"#\"><i class=\"icon-plus-sign\"><\/i>Was ist ein Kursziel? <\/a><\/h3><div>[vc_column_text]Mit einem Kursziel (engl.: Profit-Target) legen Sie fest, wann Sie aus einer Position aussteigen. Ein Kursziel k\u00f6nnen Sie mit den Instrumenten der technischen Analyse (z.B. Unterst\u00fctzung und Widerstand, Fibonacci-Projektionen oder -Retracements) errechnen und in die Handelssoftware eingeben. Sie k\u00f6nnen aber nat\u00fcrlich Ihr Kursziel auch mit anderen Methoden bestimmen. Zum Beispiel, wenn Ihr angelaufener Gewinn bei 5{00d01853637b39502f4b40df07e6c440df239e6a451e2b059a5570ff4557c573} Ihres Depotwertes liegt.[\/vc_column_text]<\/div><\/div><div class=\"toggle default\"><h3><a href=\"#\"><i class=\"icon-plus-sign\"><\/i>Was ist ein Gewinnsicherungsstopp?<\/a><\/h3><div>[vc_column_text]Zun\u00e4chst einmal ist der Stopp eine Orderart. Mit dem Stopp-Kurs definieren Sie eine Signalmarke, bei der eine Market-Order aktiviert wird und Ihre Position zum n\u00e4chsten handelbaren Kurs geschlossen oder ge\u00f6ffnet wird. Der Zusatz \u201eGewinnsicherung\u201c bedeutet nichts anderes, als dass es sich hierbei um einen Sicherung der angelaufenen Gewinne handelt. Ihre Position wird bei Ausf\u00fchrung der Order mit dem noch vorhandenen Restgewinn geschlossen.[\/vc_column_text]<\/div><\/div><div class=\"toggle default\"><h3><a href=\"#\"><i class=\"icon-plus-sign\"><\/i>Was bedeutet Diversifikation?<\/a><\/h3><div>[vc_column_text]Unter Diversifikation k\u00f6nnen Sie ganz allgemein die Streuung Ihres Verm\u00f6gens auf mehrere Finanzinstrumente verstehen. Das Ziel ist es dabei Klumpenrisiken (Risikokonzentration) zu vermeiden und \u201eauf mehrere Pferde zu setzen\u201c. Die Wahrscheinlichkeit einen hohen Verlust zu erzielen ist demnach bei einem Portfolio mit vielen verschiedenen Finanzinstrumenten geringer, als bei einem Portfolio das aus einem oder wenigen Finanzinstrumenten besteht. Dadurch, dass Sie auf einem Marginkonto handeln und einen nur geringen Kapitaleinsatz erbringen m\u00fcssen, ist es \u2013 auch mit kleineren Depots \u2013 sehr einfach mehrere Finanzinstrumente zu handeln und somit risikomindernde Diversifikationseffekte zu erzielen.[\/vc_column_text]<\/div><\/div><div class=\"toggle default\"><h3><a href=\"#\"><i class=\"icon-plus-sign\"><\/i>Was ist ein Margin-Konto?<\/a><\/h3><div>[vc_column_text]Bei einem Margin-Konto m\u00fcssen Sie nur einen Bruchteil des gehandelten Volumens kapitalm\u00e4\u00dfig vorhalten. Sie m\u00fcssen nur eine geringe Sicherheitsleistung (die Margin) auf dem Konto zur Verf\u00fcgung haben. So ist es m\u00f6glich, dass Sie zum Beispiel ein W\u00e4hrungspaar mit einem Volumen von 10.000 Euro handeln, jedoch nur eine Sicherheitsleistung von 100 Euro auf dem Konto verf\u00fcgbar sein muss.[\/vc_column_text]<\/div><\/div><div class=\"toggle default\"><h3><a href=\"#\"><i class=\"icon-plus-sign\"><\/i>Wie und wann erhalte ich meine Kontoausz\u00fcge?<\/a><\/h3><div>[vc_column_text]Kontoausz\u00fcge erhalten Sie t\u00e4glich, sofern eine Transaktion (Trade, Ein- oder Auszahlung) auf Ihrem Konto stattgefunden hat. Die Kontoausz\u00fcge werden Ihnen per E-Mail zugesendet. Sie k\u00f6nnen sich nat\u00fcrlich jederzeit auf Ihr Konto einloggen und sich in Echtzeit einen aktuellen \u00dcberblick \u00fcber Kontostand, offene Positionen, historische Transaktionen etc. informieren.[\/vc_column_text]<\/div><\/div><\/div>[\/vc_column][\/vc_row][vc_row type=&#8220;in_container&#8220; scene_position=&#8220;center&#8220; text_color=&#8220;dark&#8220; text_align=&#8220;left&#8220; id=&#8220;kontakt&#8220; overlay_strength=&#8220;0.3&#8243;][vc_column column_padding=&#8220;no-extra-padding&#8220; column_padding_position=&#8220;all&#8220; background_color_opacity=&#8220;1&#8243; background_hover_color_opacity=&#8220;1&#8243; width=&#8220;1\/1&#8243;][vc_column_text]\n<h2><strong>Kontakt<\/strong><\/h2>\n[\/vc_column_text]<div  class=\"divider\"><\/div>[vc_row_inner][vc_column_inner column_padding=&#8220;no-extra-padding&#8220; column_padding_position=&#8220;all&#8220; background_color_opacity=&#8220;1&#8243; width=&#8220;1\/4&#8243;][vc_column_text]Sonnenstra\u00dfe 1<br \/>\n80331 M\u00fcnchen<br \/>\nDeutschland[\/vc_column_text][\/vc_column_inner][vc_column_inner column_padding=&#8220;no-extra-padding&#8220; column_padding_position=&#8220;all&#8220; background_color_opacity=&#8220;1&#8243; width=&#8220;1\/4&#8243;][vc_column_text]<strong>Service<\/strong><br \/>\nTel +49 (0)89 2154 310-33<br \/>\nFax +49 (0)89 2154 310-99<br \/>\n<strong><a href=\"mailto:service@bernstein-bank.com\">service@bernstein-bank.com<\/a><\/strong>[\/vc_column_text][\/vc_column_inner][vc_column_inner column_padding=&#8220;no-extra-padding&#8220; column_padding_position=&#8220;all&#8220; background_color_opacity=&#8220;1&#8243; width=&#8220;1\/4&#8243;][\/vc_column_inner][vc_column_inner column_padding=&#8220;no-extra-padding&#8220; column_padding_position=&#8220;all&#8220; background_color_opacity=&#8220;1&#8243; width=&#8220;1\/4&#8243;][\/vc_column_inner][\/vc_row_inner]<div  class=\"divider\"><\/div><div class=\"img-with-aniamtion-wrap \"><img decoding=\"async\" class=\"img-with-animation \" data-delay=\"0\" height=\"100%\" width=\"100%\" data-animation=\"fade-in\" src=\"https:\/\/bernstein-bank.azureedge.net\/wp-content\/uploads\/2016\/08\/maxstrassse2.jpg\" alt=\"\" \/><\/div>[vc_column_text]Maximilianstrasse, M\u00fcnchen[\/vc_column_text][\/vc_column][\/vc_row]\n","protected":false},"excerpt":{"rendered":"<p>[vc_row type=&#8220;in_container&#8220; scene_position=&#8220;center&#8220; text_color=&#8220;dark&#8220; text_align=&#8220;left&#8220; overlay_strength=&#8220;0.3&#8243;][vc_column column_padding=&#8220;no-extra-padding&#8220; column_padding_position=&#8220;all&#8220; background_color_opacity=&#8220;1&#8243; background_hover_color_opacity=&#8220;1&#8243; width=&#8220;1\/1&#8243;][page_submenu sticky=&#8220;true&#8220;][page_link link_url=&#8220;#kontoeroeffnung&#8220; title=&#8220;Kontoer\u00f6ffnung&#8220; tab_id=&#8220;1552537254012-8&#8243; id=&#8220;1552539761150-1&#8243;] [\/page_link][page_link link_url=&#8220;#webtrader&#8220; title=&#8220;WebTrader&#8220; tab_id=&#8220;1552537254111-1&#8243; id=&#8220;1552537465432-6&#8243;] [\/page_link][page_link title=&#8220;Dokumente&#8220; tab_id=&#8220;1552537263685-9&#8243; link_url=&#8220;#dokumente&#8220; id=&#8220;1552537465454-1&#8243;][\/page_link][page_link title=&#8220;Zahlungen&#8220; tab_id=&#8220;1552537264490-9&#8243; link_url=&#8220;#zahlungen&#8220; id=&#8220;1552537465465-1&#8243;][\/page_link][page_link&#8230;<\/p>\n","protected":false},"author":37,"featured_media":0,"parent":0,"menu_order":54,"comment_status":"closed","ping_status":"closed","template":"","meta":{"inline_featured_image":false,"footnotes":""},"class_list":["post-11531","page","type-page","status-publish","hentry"],"yoast_head":"<!-- This site is optimized with the Yoast SEO plugin v27.0 - https:\/\/yoast.com\/product\/yoast-seo-wordpress\/ -->\n<title>CFD Handelskonto er\u00f6ffnen | Rundum-Service | Bernstein Bank<\/title>\n<meta name=\"description\" content=\"Expertenhilfe f\u00fcr Ihre schnelle Kontoer\u00f6ffnung. Bequeme Verwaltung Ihrer Ein- und Auszhalungen, Kontoausz\u00fcge und Ihrer Nachrichten aus dem pers\u00f6nlichem Kundenpotal heraus. Professionelle Unterst\u00fctzung bei jeglichen Problemen.\" \/>\n<meta name=\"robots\" content=\"index, follow, max-snippet:-1, max-image-preview:large, max-video-preview:-1\" \/>\n<link rel=\"canonical\" href=\"https:\/\/bernstein-bank.com\/de\/service\/\" \/>\n<meta property=\"og:locale\" content=\"de_DE\" \/>\n<meta property=\"og:type\" content=\"article\" \/>\n<meta property=\"og:title\" content=\"CFD Handelskonto er\u00f6ffnen | Rundum-Service | Bernstein Bank\" \/>\n<meta property=\"og:description\" content=\"Expertenhilfe f\u00fcr Ihre schnelle Kontoer\u00f6ffnung. Bequeme Verwaltung Ihrer Ein- und Auszhalungen, Kontoausz\u00fcge und Ihrer Nachrichten aus dem pers\u00f6nlichem Kundenpotal heraus. Professionelle Unterst\u00fctzung bei jeglichen Problemen.\" \/>\n<meta property=\"og:url\" content=\"https:\/\/bernstein-bank.com\/de\/service\/\" \/>\n<meta property=\"og:site_name\" content=\"Bernstein Bank\" \/>\n<meta property=\"article:modified_time\" content=\"2024-07-02T12:36:10+00:00\" \/>\n<meta name=\"twitter:card\" content=\"summary_large_image\" \/>\n<meta name=\"twitter:label1\" content=\"Gesch\u00e4tzte Lesezeit\" \/>\n\t<meta name=\"twitter:data1\" content=\"4\u00a0Minuten\" \/>\n<script type=\"application\/ld+json\" class=\"yoast-schema-graph\">{\"@context\":\"https:\/\/schema.org\",\"@graph\":[{\"@type\":\"WebPage\",\"@id\":\"https:\/\/bernstein-bank.com\/de\/service\/\",\"url\":\"https:\/\/bernstein-bank.com\/de\/service\/\",\"name\":\"CFD Handelskonto er\u00f6ffnen | Rundum-Service | Bernstein Bank\",\"isPartOf\":{\"@id\":\"https:\/\/bernstein-bank.com\/en\/#website\"},\"datePublished\":\"2019-03-14T04:23:36+00:00\",\"dateModified\":\"2024-07-02T12:36:10+00:00\",\"description\":\"Expertenhilfe f\u00fcr Ihre schnelle Kontoer\u00f6ffnung. Bequeme Verwaltung Ihrer Ein- und Auszhalungen, Kontoausz\u00fcge und Ihrer Nachrichten aus dem pers\u00f6nlichem Kundenpotal heraus. Professionelle Unterst\u00fctzung bei jeglichen Problemen.\",\"breadcrumb\":{\"@id\":\"https:\/\/bernstein-bank.com\/de\/service\/#breadcrumb\"},\"inLanguage\":\"de\",\"potentialAction\":[{\"@type\":\"ReadAction\",\"target\":[\"https:\/\/bernstein-bank.com\/de\/service\/\"]}]},{\"@type\":\"BreadcrumbList\",\"@id\":\"https:\/\/bernstein-bank.com\/de\/service\/#breadcrumb\",\"itemListElement\":[{\"@type\":\"ListItem\",\"position\":1,\"name\":\"Home\",\"item\":\"https:\/\/bernstein-bank.com\/de\/\"},{\"@type\":\"ListItem\",\"position\":2,\"name\":\"Service\"}]},{\"@type\":\"WebSite\",\"@id\":\"https:\/\/bernstein-bank.com\/en\/#website\",\"url\":\"https:\/\/bernstein-bank.com\/en\/\",\"name\":\"Bernstein Bank\",\"description\":\"Bernstein Bank\",\"potentialAction\":[{\"@type\":\"SearchAction\",\"target\":{\"@type\":\"EntryPoint\",\"urlTemplate\":\"https:\/\/bernstein-bank.com\/en\/?s={search_term_string}\"},\"query-input\":{\"@type\":\"PropertyValueSpecification\",\"valueRequired\":true,\"valueName\":\"search_term_string\"}}],\"inLanguage\":\"de\"}]}<\/script>\n<!-- \/ Yoast SEO plugin. -->","yoast_head_json":{"title":"CFD Handelskonto er\u00f6ffnen | Rundum-Service | Bernstein Bank","description":"Expertenhilfe f\u00fcr Ihre schnelle Kontoer\u00f6ffnung. Bequeme Verwaltung Ihrer Ein- und Auszhalungen, Kontoausz\u00fcge und Ihrer Nachrichten aus dem pers\u00f6nlichem Kundenpotal heraus. Professionelle Unterst\u00fctzung bei jeglichen Problemen.","robots":{"index":"index","follow":"follow","max-snippet":"max-snippet:-1","max-image-preview":"max-image-preview:large","max-video-preview":"max-video-preview:-1"},"canonical":"https:\/\/bernstein-bank.com\/de\/service\/","og_locale":"de_DE","og_type":"article","og_title":"CFD Handelskonto er\u00f6ffnen | Rundum-Service | Bernstein Bank","og_description":"Expertenhilfe f\u00fcr Ihre schnelle Kontoer\u00f6ffnung. Bequeme Verwaltung Ihrer Ein- und Auszhalungen, Kontoausz\u00fcge und Ihrer Nachrichten aus dem pers\u00f6nlichem Kundenpotal heraus. Professionelle Unterst\u00fctzung bei jeglichen Problemen.","og_url":"https:\/\/bernstein-bank.com\/de\/service\/","og_site_name":"Bernstein Bank","article_modified_time":"2024-07-02T12:36:10+00:00","twitter_card":"summary_large_image","twitter_misc":{"Gesch\u00e4tzte Lesezeit":"4\u00a0Minuten"},"schema":{"@context":"https:\/\/schema.org","@graph":[{"@type":"WebPage","@id":"https:\/\/bernstein-bank.com\/de\/service\/","url":"https:\/\/bernstein-bank.com\/de\/service\/","name":"CFD Handelskonto er\u00f6ffnen | Rundum-Service | Bernstein Bank","isPartOf":{"@id":"https:\/\/bernstein-bank.com\/en\/#website"},"datePublished":"2019-03-14T04:23:36+00:00","dateModified":"2024-07-02T12:36:10+00:00","description":"Expertenhilfe f\u00fcr Ihre schnelle Kontoer\u00f6ffnung. Bequeme Verwaltung Ihrer Ein- und Auszhalungen, Kontoausz\u00fcge und Ihrer Nachrichten aus dem pers\u00f6nlichem Kundenpotal heraus. Professionelle Unterst\u00fctzung bei jeglichen Problemen.","breadcrumb":{"@id":"https:\/\/bernstein-bank.com\/de\/service\/#breadcrumb"},"inLanguage":"de","potentialAction":[{"@type":"ReadAction","target":["https:\/\/bernstein-bank.com\/de\/service\/"]}]},{"@type":"BreadcrumbList","@id":"https:\/\/bernstein-bank.com\/de\/service\/#breadcrumb","itemListElement":[{"@type":"ListItem","position":1,"name":"Home","item":"https:\/\/bernstein-bank.com\/de\/"},{"@type":"ListItem","position":2,"name":"Service"}]},{"@type":"WebSite","@id":"https:\/\/bernstein-bank.com\/en\/#website","url":"https:\/\/bernstein-bank.com\/en\/","name":"Bernstein Bank","description":"Bernstein Bank","potentialAction":[{"@type":"SearchAction","target":{"@type":"EntryPoint","urlTemplate":"https:\/\/bernstein-bank.com\/en\/?s={search_term_string}"},"query-input":{"@type":"PropertyValueSpecification","valueRequired":true,"valueName":"search_term_string"}}],"inLanguage":"de"}]}},"_links":{"self":[{"href":"https:\/\/bernstein-bank.com\/de\/wp-json\/wp\/v2\/pages\/11531","targetHints":{"allow":["GET"]}}],"collection":[{"href":"https:\/\/bernstein-bank.com\/de\/wp-json\/wp\/v2\/pages"}],"about":[{"href":"https:\/\/bernstein-bank.com\/de\/wp-json\/wp\/v2\/types\/page"}],"author":[{"embeddable":true,"href":"https:\/\/bernstein-bank.com\/de\/wp-json\/wp\/v2\/users\/37"}],"replies":[{"embeddable":true,"href":"https:\/\/bernstein-bank.com\/de\/wp-json\/wp\/v2\/comments?post=11531"}],"version-history":[{"count":0,"href":"https:\/\/bernstein-bank.com\/de\/wp-json\/wp\/v2\/pages\/11531\/revisions"}],"wp:attachment":[{"href":"https:\/\/bernstein-bank.com\/de\/wp-json\/wp\/v2\/media?parent=11531"}],"curies":[{"name":"wp","href":"https:\/\/api.w.org\/{rel}","templated":true}]}}