{"id":13043,"date":"2019-09-19T16:16:24","date_gmt":"2019-09-19T14:16:24","guid":{"rendered":"https:\/\/bernstein-bank.com\/?page_id=13043\/"},"modified":"2019-09-20T12:41:32","modified_gmt":"2019-09-20T10:41:32","slug":"kryptowaehrungshandel","status":"publish","type":"page","link":"https:\/\/bernstein-bank.com\/de\/kryptowaehrungshandel\/","title":{"rendered":"Kryptow\u00e4hrungshandel"},"content":{"rendered":"[vc_row type=&#8220;in_container&#8220; scene_position=&#8220;center&#8220; text_color=&#8220;dark&#8220; text_align=&#8220;left&#8220; overlay_strength=&#8220;0.3&#8243;][vc_column column_padding=&#8220;no-extra-padding&#8220; column_padding_position=&#8220;all&#8220; background_color_opacity=&#8220;1&#8243; background_hover_color_opacity=&#8220;1&#8243; width=&#8220;2\/3&#8243;][vc_column_text]\n<h1>Kryptow\u00e4hrungshandel<\/h1>\n[\/vc_column_text]<div  class=\"divider\"><\/div><div  class=\"divider\"><\/div>[vc_column_text]Die \u00fcberwiegende Mehrheit der Trader kennt die Schlagw\u00f6rter wie Kryptow\u00e4hrung, Blockchain, Mining und Kryptow\u00e4hrungshandel. Gleichzeitig hat die Mehrheit der Trader noch nicht begonnen, die ber\u00fchmteste Kryptow\u00e4hrung &#8211; Bitcoin &#8211; zu handeln. Warum? Es scheint, dass die Informationslage wir viele Trader noch unverst\u00e4ndlich ist. Wir haben beschlossen, dies zu \u00e4ndern und gehen in diesem Artikel kurz auf die wichtigsten Punkte ein.<\/p>\n<p><strong>Was ist eine Kryptow\u00e4hrung?<\/strong><\/p>\n<p>Jede digitale W\u00e4hrung, die durch verschiedene kryptographische Technologien gesch\u00fctzt ist, gilt als Kryptow\u00e4hrung. Kryptow\u00e4hrung kann nicht in den H\u00e4nden gehalten werden. Sie ist ein digitales \u00c4quivalent zu den W\u00e4hrungen im Forex Handel, den sogenannten FIAT W\u00e4hrungen, existiert aber im virtuellen Raum.[\/vc_column_text]<div  class=\"divider\"><\/div>[vc_row_inner][vc_column_inner column_padding=&#8220;padding-4-percent&#8220; column_padding_position=&#8220;all&#8220; background_color=&#8220;#f2f2f2&#8243; background_color_opacity=&#8220;1&#8243; width=&#8220;1\/1&#8243;][vc_column_text]<strong>Vier Hauptvorteile von Kryptow\u00e4hrungen gegen\u00fcber Fiat-W\u00e4hrungen:<\/strong><\/p>\n<ol>\n<li>Erhaltung des inneren Wertes. Staaten drucken st\u00e4ndig eigenes Geld. Wahrscheinlich stehen die Druckmaschinen der jeweiligen Notenbanken nie still. Fiat-W\u00e4hrungen werden demnach st\u00e4ndig abgeschrieben, zumindest auf Kosten der Inflation. Diesen Prozess gibt es bei Kryptow\u00e4hrungen nicht. Die Anzahl der ausgegebenen Token ist begrenzt. Dies erkl\u00e4rt das ph\u00e4nomenale Wachstum von Kryptow\u00e4hrungen wie Bitcoin.<\/li>\n<\/ol>\n<ol start=\"2\">\n<li>Dezentralisierung. Es gibt kein Zentrum, das f\u00fcr alle Geschehnisse rund um eine Kryptow\u00e4hrung verantwortlich ist. Niemand kann eine Transaktion r\u00fcckwirkend stornieren. Niemand kann die Spielregeln, die im Smart Contract stehen, \u00e4ndern. Die Kontrolle \u00fcber Kryptow\u00e4hrungen liegt nicht bei den Zentralbanken, sondern bei deren Nutzern, die in allen Regionen der Welt sein k\u00f6nnen.<\/li>\n<\/ol>\n<ol start=\"3\">\n<li>Anonymit\u00e4t. Alle Transaktionen innerhalb einer Kryptow\u00e4hrung k\u00f6nnen eingesehen werden da diese Transaktionen online stattfinden. Allerdings ist es unbekannt wem die jeweilige \u201eWallet\u201c geh\u00f6rt. Jeder Teilnehmer kann absolut anonym eine neue Wallet (Lagerst\u00e4tte f\u00fcr Kryptow\u00e4hrungen) erstellen und speichern, beliebig viele Bitcoins \u00fcbertragen und dabei f\u00fcr Staaten und auch Kriminelle v\u00f6llig anonym bleiben.<\/li>\n<\/ol>\n<ol start=\"4\">\n<li>Verf\u00fcgbarkeit. Sofortige und kosteng\u00fcnstiger Geldtransfer in die ganze Welt. Eine Standard\u00fcberweisung, von einem Land zum anderen, dauert 3-4 Bankwerktage und kostet 10-50 Euro. Oftmals sind zus\u00e4tzliche Dokumente erforderlich. Bei Kryptow\u00e4hrungen ist es m\u00f6glich, die Kryptow\u00e4hrung in wenigen Sekunden von der einen Wallet auf die andere Wallet zu \u00fcbertragen, mit minimalen Provisionskosten und ohne Bereitstellung von Dokumenten.<\/li>\n<\/ol>\n[\/vc_column_text][\/vc_column_inner][\/vc_row_inner]<div  class=\"divider\"><\/div>[vc_column_text]<strong>Was ist die Blockchain?<\/strong><\/p>\n<p>Jede Kryptow\u00e4hrung basiert auf verteilter Registry-Technologie (Blockchain). Trotz der scheinbaren Komplexit\u00e4t l\u00e4sst sich die Technologie mit einfachen Worten erkl\u00e4ren.<\/p>\n<p>Die Blockchain ist ein Kontenbuch, das von allen Teilnehmern verwendet wird. Dieses Buch ist dynamisch und wird st\u00e4ndig aktualisiert. Auf den Seiten des Buches k\u00f6nnen alle Ereignisse, von Kryptow\u00e4hrungstransaktionen, bis hin zum Ergebnis einer Umfrage, Abstimmung oder Identifizierung von Immobilienobjekten hinzugef\u00fcgt werden.<\/p>\n<p>Der wesentliche Unterschied eines solchen Buches zu unseren \u00fcblichen Aufzeichnungen besteht darin, dass diese Daten von allen Nutzern gleichzeitig gespeichert werden. Jeder neue Eintrag erscheint gleichzeitig f\u00fcr jeden User. Dadurch wird sichergestellt, dass das System nicht get\u00e4uscht werden kann, so dass kein Zweifel an den bereitgestellten Informationen besteht.<\/p>\n<p>Dank der Blockchain ist es m\u00f6glich, eine gro\u00dfe Anzahl von Vermittlern zu eliminieren: Banken, Immobilienagenturen und sogar Makler (im Falle dezentraler Kryptow\u00e4hrungsb\u00f6rsen).<\/p>\n<p><strong>Was ist Mining?<\/strong><\/p>\n<p>Die Erstellung von Kryptow\u00e4hrungen, wie z.B. BTC (Bitcoin) oder ETH (Ethereum), wird als Mining bezeichnet. Jedes Unternehmen oder jede Person kann am Prozess des Mining teilnehmen. Dies erfordert den Einsatz von Rechenleistung, die zur Auswahl digitaler Signaturen (Hash) verwendet wird. Nachdem jede neue Signatur gefunden wurde, wird ein neuer Datenblock geschlossen.<\/p>\n<p>Der Miner, der diese Signatur findet, wird daf\u00fcr mit Kryptow\u00e4hrung als Gegenleistung belohnt. Dank der Miner wird das Netzwerk funktionsf\u00e4hig gehalten und der Schutz vor doppelten Transaktionen ist gew\u00e4hrleistet.<\/p>\n<p>Die hohe Rentabilit\u00e4t der letzten Jahre hat dazu gef\u00fchrt, dass die Miner immer leistungsf\u00e4higere Computer einsetzen. Das hohe Ma\u00df an Wettbewerb zwingt die einzelnen Miner immer h\u00e4ufiger sich in riesigen Pools zu vereinen, die eine faire Belohnung im Verh\u00e4ltnis zur verbrauchten Rechenleistung garantieren.<\/p>\n<p><strong>Nun, wozu brauchen H\u00e4ndler das alles?<\/strong><\/p>\n<p>Eine faire Frage mit einer einfachen und klaren Antwort. Was ist f\u00fcr kurzfristige Trader wichtig? Die Volatilit\u00e4t! \u00a0Je weniger Volatilit\u00e4t an den M\u00e4rkten vorherrscht umso schwerer ist es f\u00fcr jeden Trader Chancen am Markt zu entdecken. Wenn die Volatilit\u00e4t zunimmt, oder noch besser, wenn ein Trend festgestellt wird, k\u00f6nnen Trader mit einem relativ engen Stop und einen entfernten Take Profit agieren.<\/p>\n<p>Die durchschnittlichen t\u00e4glichen Schwankungen von BTC erreichen circa 3-10%. Vergleichen Sie dies mit der Dynamik des EUR\/USD-Paares, das sich in der ersten Jahresh\u00e4lfte 2019 nur um 5% ver\u00e4ndert hat.<\/p>\n<p><strong>Risiken des Kryptow\u00e4hrungshandels<\/strong><\/p>\n<p>Der Einsatz von Leverage bietet H\u00e4ndlern gro\u00dfe Chancen. Dabei ist vor allem auf die entsprechenden Risiken zu achten. Daher ist es notwendig, die H\u00f6he des Stop-Losses und die H\u00f6he der f\u00fcr den Handel verwendeten Marge sorgf\u00e4ltig zu korrelieren, da die Risiken aufgrund der hohen Volatilit\u00e4t von Bitcoins h\u00f6her sind als auf dem Devisenmarkt.<\/p>\n<p>Ein weiterer wesentlicher Nachteil ist, dass das BTC\/USD-Paar praktisch immun gegen Fundamentalanalysen ist. Hier gibt es keine Unternehmensberichte, keine Auswirkungen durch die Ver\u00e4nderung der Arbeitslosenquote oder die Zunahme\/Abnahme der Einzelhandelsums\u00e4tze, etc. Der Markt wird vollst\u00e4ndig von den Emotionen der H\u00e4ndler und Ger\u00fcchten bestimmt.<\/p>\n<p><strong>Beispiel f\u00fcr den Handel mit CFDs auf Bitcoin<\/strong><\/p>\n<p>Nachfolgend finden Sie den BTC\/USD-Chart auf Tagesbasis. Hier sehen wir, wie eine der Grundfiguren der technischen Analyse &#8211; die Widerstand- und Unterst\u00fctzungslevel &#8211; sukzessive getestet werden. Vier dieser Level sind in dem Diagramm mit roten, horizontalen Linien markiert. Der Durchbruch jeder dieser Linien gab den H\u00e4ndlern die M\u00f6glichkeit, in den Markt einzusteigen.[\/vc_column_text]<div  class=\"divider\"><\/div><div class=\"img-with-aniamtion-wrap \"><img decoding=\"async\" class=\"img-with-animation \" data-delay=\"0\" height=\"100%\" width=\"100%\" data-animation=\"none\" src=\"\" alt=\"\" \/><\/div><div  class=\"divider\"><\/div>[vc_column_text]Es kann eine Frage aufkommen. Warum ist dieser Markt so unruhig? Die Antwort ist einfach: Der Markt ist relativ neu. Es gibt keine gro\u00dfen Hedgefonds und gro\u00dfe Unternehmen die Kryptow\u00e4hrungen mit Algorithmen handeln. Das bedeutet, dass die grundlegende Liquidit\u00e4t viel geringer ist als auf dem klassischen Devisenmarkt.<\/p>\n<p>Heute k\u00f6nnen wir mit Sicherheit sagen, dass der Handel mit Kryptow\u00e4hrungen in das Portfolio jedes aktiven Traders aufgenommen werden sollte. Zumindest f\u00fcr die Momente, in denen sich die klassischen Devisenm\u00e4rkte in einem passiven Zustand befinden.[\/vc_column_text][\/vc_column][vc_column column_padding=&#8220;no-extra-padding&#8220; column_padding_position=&#8220;all&#8220; background_color_opacity=&#8220;1&#8243; background_hover_color_opacity=&#8220;1&#8243; width=&#8220;1\/3&#8243;][vc_raw_html]JTNDZGl2JTIwY2xhc3MlM0QlMjJyb3clMjBXaWRnZXQtYmx1ZS1ib3glMjIlM0UlM0NwJTIwY2xhc3MlM0QlMjJoMiUyMiUzRUxpdmUlMjBLb250byUzQyUyRnAlM0UlM0NwJTNFTSVDMyVCNmNodGVuJTIwU2llJTIwamV0enQlMjBtaXQlMjBkZW0lMjAlM0NiciUyMCUyRiUzRSUyMEhhbmRlbCUyMGJlZ2lubmVuJTNGJTNDJTJGcCUzRSUzQ2ElMjBjbGFzcyUzRCUyMmpzLW1vZGFsJTIwQnV0dG9uJTIwQnV0dG9uLS1wcmltYXJ5JTIwQnV0dG9uLS1ibHVlLWxpZ2h0JTIwQnV0dG9uLS1kYXJrLWJnJTIyJTIwaHJlZiUzRCUyMmh0dHBzJTNBJTJGJTJGcG9ydGFsLmJlcm5zdGVpbi1iYW5rLmNvbSUyRmRlJTJGcmVnaXN0cmF0aW9uJTJGbGl2ZSUyMiUyMGRhdGEtZnVuY3Rpb24lM0QlMjJsaXZlJTIyJTIwZGF0YS1sYWJlbCUzRCUyMkVyJUMzJUI2ZmZuZW4lMjBTaWUlMjBlaW4lMjBMaXZlLUtvbnRvJTIyJTNFJTNDc3BhbiUyMGNsYXNzJTNEJTIyQnV0dG9uLWNvcHklMjIlM0VMaXZlJTIwS29udG8lM0MlMkZzcGFuJTNFJTNDJTJGYSUzRSUzQyUyRmRpdiUzRSUwQSUwQQ==[\/vc_raw_html]<div  class=\"divider\"><\/div>[vc_raw_html]JTNDZGl2JTIwY2xhc3MlM0QlMjJyb3clMjBXaWRnZXQtZ29sZC1ib3glMjIlM0UlM0NwJTIwY2xhc3MlM0QlMjJoMiUyMiUzRURlbW8lMjBLb250byUzQyUyRnAlM0UlM0NwJTNFVGVzdGVuJTIwU2llJTIwdW5zZXJlJTIwUHJvZHVrdGUlMjB1bmQlMjBGZWF0dXJlcyUyMG9obmUlMjBSaXNpa2VuJTNDJTJGcCUzRSUzQ2ElMjBjbGFzcyUzRCUyMmpzLW1vZGFsJTIwQnV0dG9uJTIwQnV0dG9uLS1wcmltYXJ5JTIwQnV0dG9uLS1nb2xkLWxpZ2h0JTIwQnV0dG9uLS1kYXJrLWJnJTIyJTIwaHJlZiUzRCUyMmh0dHBzJTNBJTJGJTJGcG9ydGFsLmJlcm5zdGVpbi1iYW5rLmNvbSUyRmRlJTJGcmVnaXN0cmF0aW9uJTJGZGVtbyUyMiUyMGRhdGEtZnVuY3Rpb24lM0QlMjJsaXZlJTIyJTIwZGF0YS1sYWJlbCUzRCUyMkRlbW8lMjBLb250byUyMiUzRSUzQ3NwYW4lMjBjbGFzcyUzRCUyMkJ1dHRvbi1jb3B5JTIyJTNFRGVtbyUyMEtvbnRvJTNDJTJGc3BhbiUzRSUzQyUyRmElM0UlM0MlMkZkaXYlM0UlMEElMEE=[\/vc_raw_html]<div  class=\"divider\"><\/div>[vc_raw_js]JTNDJTIxLS0lMjBFY29ub21pYyUyMENhbGVuZGFyJTIwV2lkZ2V0JTIwQkVHSU4lMjAtLSUzRSUwQSUzQ3NjcmlwdCUyMGlkJTNEJTIyZWNvbm9taWNDYWxlbmRhcldpZGdldCUyMiUyMHR5cGUlM0QlMjJ0ZXh0JTJGamF2YXNjcmlwdCUyMiUyMHNyYyUzRCUyMmh0dHBzJTNBJTJGJTJGYy5tcWw1LmNvbSUyRmpzJTJGd2lkZ2V0cyUyRmNhbGVuZGFyJTJGd2lkZ2V0LnYxLmpzJTIyJTNFJTNDJTJGc2NyaXB0JTNFJTBBJTNDc2NyaXB0JTIwdHlwZSUzRCUyMnRleHQlMkZqYXZhc2NyaXB0JTIyJTNFJTBBJTIwJTIwJTIwJTIwbmV3JTIwZWNvbm9taWNDYWxlbmRhciUyOCU3QiUyMHdpZHRoJTNBJTIwJTIyMTAwJTI1JTIyJTJDJTIwaGVpZ2h0JTNBJTIwJTIyNDAwJTIyJTJDJTIwbW9kZSUzQSUyMDIlMjAlN0QlMjklM0IlMEElM0MlMkZzY3JpcHQlM0UlMEElM0MlMjEtLSUyMEVjb25vbWljJTIwQ2FsZW5kYXIlMjBXaWRnZXQlMjBFTkQlMjAtLSUzRQ==[\/vc_raw_js][\/vc_column][\/vc_row]\n","protected":false},"excerpt":{"rendered":"<p>[vc_row type=&#8220;in_container&#8220; scene_position=&#8220;center&#8220; text_color=&#8220;dark&#8220; text_align=&#8220;left&#8220; overlay_strength=&#8220;0.3&#8243;][vc_column column_padding=&#8220;no-extra-padding&#8220; column_padding_position=&#8220;all&#8220; background_color_opacity=&#8220;1&#8243; background_hover_color_opacity=&#8220;1&#8243; width=&#8220;2\/3&#8243;][vc_column_text] Kryptow\u00e4hrungshandel [\/vc_column_text][vc_column_text]Die \u00fcberwiegende Mehrheit der Trader kennt die Schlagw\u00f6rter wie Kryptow\u00e4hrung, Blockchain, Mining und Kryptow\u00e4hrungshandel. Gleichzeitig hat die Mehrheit&#8230;<\/p>\n","protected":false},"author":37,"featured_media":0,"parent":0,"menu_order":0,"comment_status":"closed","ping_status":"closed","template":"","meta":{"inline_featured_image":false,"footnotes":""},"class_list":["post-13043","page","type-page","status-publish","hentry"],"yoast_head":"<!-- This site is optimized with the Yoast SEO plugin v27.0 - https:\/\/yoast.com\/product\/yoast-seo-wordpress\/ -->\n<title>Kryptow\u00e4hrungshandel | Bernstein Bank<\/title>\n<meta name=\"description\" content=\"Was ist Kryptow\u00e4hrung, Blockchain, Mining und Kryptow\u00e4hrungshandel? Beispiel f\u00fcr den Handel mit Bitcoin CFD. Risiken des Kryptow\u00e4hrungshandels.\" \/>\n<meta name=\"robots\" content=\"index, follow, max-snippet:-1, max-image-preview:large, max-video-preview:-1\" \/>\n<link rel=\"canonical\" href=\"https:\/\/bernstein-bank.com\/en\/cryptocurrency-trading\/\" \/>\n<meta property=\"og:locale\" content=\"de_DE\" \/>\n<meta property=\"og:type\" content=\"article\" \/>\n<meta property=\"og:title\" content=\"Kryptow\u00e4hrungshandel | Bernstein Bank\" \/>\n<meta property=\"og:description\" content=\"Was ist Kryptow\u00e4hrung, Blockchain, Mining und Kryptow\u00e4hrungshandel? Beispiel f\u00fcr den Handel mit Bitcoin CFD. Risiken des Kryptow\u00e4hrungshandels.\" \/>\n<meta property=\"og:url\" content=\"https:\/\/bernstein-bank.com\/en\/cryptocurrency-trading\/\" \/>\n<meta property=\"og:site_name\" content=\"Bernstein Bank\" \/>\n<meta property=\"article:modified_time\" content=\"2019-09-20T10:41:32+00:00\" \/>\n<meta name=\"twitter:card\" content=\"summary_large_image\" \/>\n<meta name=\"twitter:label1\" content=\"Gesch\u00e4tzte Lesezeit\" \/>\n\t<meta name=\"twitter:data1\" content=\"7\u00a0Minuten\" \/>\n<script type=\"application\/ld+json\" class=\"yoast-schema-graph\">{\"@context\":\"https:\/\/schema.org\",\"@graph\":[{\"@type\":\"WebPage\",\"@id\":\"https:\/\/bernstein-bank.com\/en\/cryptocurrency-trading\/\",\"url\":\"https:\/\/bernstein-bank.com\/en\/cryptocurrency-trading\/\",\"name\":\"Kryptow\u00e4hrungshandel | Bernstein Bank\",\"isPartOf\":{\"@id\":\"https:\/\/bernstein-bank.com\/en\/#website\"},\"datePublished\":\"2019-09-19T14:16:24+00:00\",\"dateModified\":\"2019-09-20T10:41:32+00:00\",\"description\":\"Was ist Kryptow\u00e4hrung, Blockchain, Mining und Kryptow\u00e4hrungshandel? Beispiel f\u00fcr den Handel mit Bitcoin CFD. Risiken des Kryptow\u00e4hrungshandels.\",\"breadcrumb\":{\"@id\":\"https:\/\/bernstein-bank.com\/en\/cryptocurrency-trading\/#breadcrumb\"},\"inLanguage\":\"de\",\"potentialAction\":[{\"@type\":\"ReadAction\",\"target\":[\"https:\/\/bernstein-bank.com\/en\/cryptocurrency-trading\/\"]}]},{\"@type\":\"BreadcrumbList\",\"@id\":\"https:\/\/bernstein-bank.com\/en\/cryptocurrency-trading\/#breadcrumb\",\"itemListElement\":[{\"@type\":\"ListItem\",\"position\":1,\"name\":\"Home\",\"item\":\"https:\/\/bernstein-bank.com\/de\/\"},{\"@type\":\"ListItem\",\"position\":2,\"name\":\"Kryptow\u00e4hrungshandel\"}]},{\"@type\":\"WebSite\",\"@id\":\"https:\/\/bernstein-bank.com\/en\/#website\",\"url\":\"https:\/\/bernstein-bank.com\/en\/\",\"name\":\"Bernstein Bank\",\"description\":\"Bernstein Bank\",\"potentialAction\":[{\"@type\":\"SearchAction\",\"target\":{\"@type\":\"EntryPoint\",\"urlTemplate\":\"https:\/\/bernstein-bank.com\/en\/?s={search_term_string}\"},\"query-input\":{\"@type\":\"PropertyValueSpecification\",\"valueRequired\":true,\"valueName\":\"search_term_string\"}}],\"inLanguage\":\"de\"}]}<\/script>\n<!-- \/ Yoast SEO plugin. -->","yoast_head_json":{"title":"Kryptow\u00e4hrungshandel | Bernstein Bank","description":"Was ist Kryptow\u00e4hrung, Blockchain, Mining und Kryptow\u00e4hrungshandel? Beispiel f\u00fcr den Handel mit Bitcoin CFD. Risiken des Kryptow\u00e4hrungshandels.","robots":{"index":"index","follow":"follow","max-snippet":"max-snippet:-1","max-image-preview":"max-image-preview:large","max-video-preview":"max-video-preview:-1"},"canonical":"https:\/\/bernstein-bank.com\/en\/cryptocurrency-trading\/","og_locale":"de_DE","og_type":"article","og_title":"Kryptow\u00e4hrungshandel | Bernstein Bank","og_description":"Was ist Kryptow\u00e4hrung, Blockchain, Mining und Kryptow\u00e4hrungshandel? Beispiel f\u00fcr den Handel mit Bitcoin CFD. Risiken des Kryptow\u00e4hrungshandels.","og_url":"https:\/\/bernstein-bank.com\/en\/cryptocurrency-trading\/","og_site_name":"Bernstein Bank","article_modified_time":"2019-09-20T10:41:32+00:00","twitter_card":"summary_large_image","twitter_misc":{"Gesch\u00e4tzte Lesezeit":"7\u00a0Minuten"},"schema":{"@context":"https:\/\/schema.org","@graph":[{"@type":"WebPage","@id":"https:\/\/bernstein-bank.com\/en\/cryptocurrency-trading\/","url":"https:\/\/bernstein-bank.com\/en\/cryptocurrency-trading\/","name":"Kryptow\u00e4hrungshandel | Bernstein Bank","isPartOf":{"@id":"https:\/\/bernstein-bank.com\/en\/#website"},"datePublished":"2019-09-19T14:16:24+00:00","dateModified":"2019-09-20T10:41:32+00:00","description":"Was ist Kryptow\u00e4hrung, Blockchain, Mining und Kryptow\u00e4hrungshandel? Beispiel f\u00fcr den Handel mit Bitcoin CFD. Risiken des Kryptow\u00e4hrungshandels.","breadcrumb":{"@id":"https:\/\/bernstein-bank.com\/en\/cryptocurrency-trading\/#breadcrumb"},"inLanguage":"de","potentialAction":[{"@type":"ReadAction","target":["https:\/\/bernstein-bank.com\/en\/cryptocurrency-trading\/"]}]},{"@type":"BreadcrumbList","@id":"https:\/\/bernstein-bank.com\/en\/cryptocurrency-trading\/#breadcrumb","itemListElement":[{"@type":"ListItem","position":1,"name":"Home","item":"https:\/\/bernstein-bank.com\/de\/"},{"@type":"ListItem","position":2,"name":"Kryptow\u00e4hrungshandel"}]},{"@type":"WebSite","@id":"https:\/\/bernstein-bank.com\/en\/#website","url":"https:\/\/bernstein-bank.com\/en\/","name":"Bernstein Bank","description":"Bernstein Bank","potentialAction":[{"@type":"SearchAction","target":{"@type":"EntryPoint","urlTemplate":"https:\/\/bernstein-bank.com\/en\/?s={search_term_string}"},"query-input":{"@type":"PropertyValueSpecification","valueRequired":true,"valueName":"search_term_string"}}],"inLanguage":"de"}]}},"_links":{"self":[{"href":"https:\/\/bernstein-bank.com\/de\/wp-json\/wp\/v2\/pages\/13043","targetHints":{"allow":["GET"]}}],"collection":[{"href":"https:\/\/bernstein-bank.com\/de\/wp-json\/wp\/v2\/pages"}],"about":[{"href":"https:\/\/bernstein-bank.com\/de\/wp-json\/wp\/v2\/types\/page"}],"author":[{"embeddable":true,"href":"https:\/\/bernstein-bank.com\/de\/wp-json\/wp\/v2\/users\/37"}],"replies":[{"embeddable":true,"href":"https:\/\/bernstein-bank.com\/de\/wp-json\/wp\/v2\/comments?post=13043"}],"version-history":[{"count":0,"href":"https:\/\/bernstein-bank.com\/de\/wp-json\/wp\/v2\/pages\/13043\/revisions"}],"wp:attachment":[{"href":"https:\/\/bernstein-bank.com\/de\/wp-json\/wp\/v2\/media?parent=13043"}],"curies":[{"name":"wp","href":"https:\/\/api.w.org\/{rel}","templated":true}]}}