{"id":13054,"date":"2019-09-20T12:38:56","date_gmt":"2019-09-20T10:38:56","guid":{"rendered":"https:\/\/bernstein-bank.com\/?page_id=13054\/"},"modified":"2019-09-20T12:41:29","modified_gmt":"2019-09-20T10:41:29","slug":"fundamentale-und-technische-analyse","status":"publish","type":"page","link":"https:\/\/bernstein-bank.com\/de\/fundamentale-und-technische-analyse\/","title":{"rendered":"Fundamentale und technische Analyse"},"content":{"rendered":"[vc_row type=&#8220;in_container&#8220; scene_position=&#8220;center&#8220; text_color=&#8220;dark&#8220; text_align=&#8220;left&#8220; overlay_strength=&#8220;0.3&#8243;][vc_column column_padding=&#8220;no-extra-padding&#8220; column_padding_position=&#8220;all&#8220; background_color_opacity=&#8220;1&#8243; background_hover_color_opacity=&#8220;1&#8243; width=&#8220;2\/3&#8243;][vc_column_text]\n<h1>Fundamentale und technische Analyse<\/h1>\n[\/vc_column_text]<div  class=\"divider\"><\/div><div  class=\"divider\"><\/div>[vc_column_text]Die meisten H\u00e4ndler und Investoren verwenden fundamentale oder technische Analysen, bevor sie eine Handelsposition am Markt er\u00f6ffnen. Seit Dutzenden von Jahren wird dar\u00fcber diskutiert, welche der Analysen &#8222;richtig&#8220; ist, welche die besten Signale liefert, etc. Es gibt keine definitive Antwort und wird es h\u00f6chstwahrscheinlich auch nie geben. Schauen wir uns die Beispiele an und erfahren Sie mehr \u00fcber die Vor- und Nachteile beider Methoden.<\/p>\n<h3><strong>Fundamentalanalyse<\/strong><\/h3>\n<p>Unterst\u00fctzer der Fundamentalanalyse versuchen, zuk\u00fcnftige Preisver\u00e4nderungen auf der Grundlage makro\u00f6konomischer, politischer, monet\u00e4rer und Kreditfaktoren vorherzusagen. Es ist m\u00f6glich, nur wenige oder aber auch Dutzende von Indikatoren auf einmal zu untersuchen: Bruttoinlandsprodukt, Arbeitslosigkeit, Wachstum\/Abnahme der Gesch\u00e4ftst\u00e4tigkeit, Ver\u00e4nderung der Verbrauchernachfrage, Ver\u00f6ffentlichung von Unternehmensdaten. Wenn Sie tiefer graben, k\u00f6nnen diese Indikatoren mit denen in anderen L\u00e4ndern verglichen werden.<\/p>\n<p>Beispiele:<\/p>\n<p>&#8211; Jede Ank\u00fcndigung der Zentralbanken \u00fcber die Lockerung der Geldpolitik f\u00fchrt zu einem R\u00fcckgang dieser W\u00e4hrung gegen\u00fcber den meisten anderen Weltw\u00e4hrungen.<\/p>\n<p>&#8211; Das Wachstum der \u00d6lreserven in den Lagern oder die Steigerung der Produktion f\u00fchrt zu einem R\u00fcckgang der \u00d6lpreise.<\/p>\n<p>&#8211; Wenn die Regierung eines Landes zur\u00fccktritt, f\u00e4llt die B\u00f6rse dieses Landes.<\/p>\n<p>&#8211; Wenn ein bestimmtes Unternehmen einen unerwartet guten Quartalsbericht ver\u00f6ffentlicht, steigt dessen Aktie.<\/p>\n<p>Es ist wichtig zu betonen, dass der Markt in der Theorie so funktioniert, in der Praxis ist er jedoch deutlich komplizierter. Vor allem, wenn sich verschiedene fundamentale Faktoren widersprechen.<\/p>\n<p>Fundamentalanalysten versuchen die in den obigen Beispielen beschriebenen Ereignisse vorherzusagen und das Gesch\u00e4ft im Voraus einzugehen, bevor diese dann eintreten.<\/p>\n<p>Mit dem Wirtschaftskalender auf der Webseite der Bernstein Bank sind Sie immer auf dem Laufenden, wenn es um Konjunkturindikatoren und Ver\u00f6ffentlichungen weiterer wichtiger Fundamentaldaten geht.[\/vc_column_text]<div  class=\"divider\"><\/div>[vc_row_inner][vc_column_inner column_padding=&#8220;padding-4-percent&#8220; column_padding_position=&#8220;all&#8220; background_color=&#8220;#f2f2f2&#8243; background_color_opacity=&#8220;1&#8243; width=&#8220;1\/1&#8243;][vc_column_text]<strong>Vorteile der Fundamentalanalyse:<\/strong><\/p>\n<p>&#8211; Fundamentale Faktoren halten in der Regel lange an. Eine fallende oder umgekehrt schnell wachsende Wirtschaft entwickelt sich meist nicht pl\u00f6tzlich in die entgegengesetzte Richtung. Wenn Sie sich also mit einem Trend positioniert haben, der auf Ihrer Fundamentalanalyse basiert, kann dieser Trend \u00fcber Monate und Jahre anhalten.<\/p>\n<p>&#8211; Die M\u00f6glichkeit, unterbewertete Verm\u00f6genswerte zu finden, besteht in erster Linie in der Anlageklasse der Unternehmensanteile. Nur drei der gr\u00f6\u00dften amerikanischen B\u00f6rsen handeln rund 7000 Aktien. Unter dieser Auswahl gibt es immer wieder einzelne Titel, die aus fundamentaler Sicht unterbewertet sind.<\/p>\n<p>&#8211; Aus psychologischer Sicht ist der fundamentale Ansatz eine gro\u00dfe Unterst\u00fctzung, die es dem Trader erm\u00f6glicht, kurzfristige Bewegungen zu vernachl\u00e4ssigen.[\/vc_column_text][\/vc_column_inner][\/vc_row_inner]<div  class=\"divider\"><\/div>[vc_column_text]<strong>Nachteile der Fundamentalanalyse:<\/strong><\/p>\n<p>&#8211; Das Hauptproblem der Fundamentalanalyse besteht darin, dass sie keine Antwort auf die Frage gibt, wann genau man in den Markt ein- und aussteigen sollte. Fundamentale Faktoren k\u00f6nnen einfach nur signalisieren, dass Sie ein W\u00e4hrungspaar oder eine Aktie kaufen sollten, ohne dass sich ein deutlicher Trend abzeichnet.<\/p>\n<p>&#8211; F\u00fcr Neueinsteiger ohne Fachausbildung ist es \u00e4u\u00dferst schwierig, diese Art der Analyse zun\u00e4chst anzuwenden. Es erfordert Kenntnisse in den Bereichen Wirtschaft und Politik, sowie die F\u00e4higkeit, Unternehmensberichte korrekt zu studieren, etc.<\/p>\n<p>&#8211; Wenn Sie eine langfristige Position am Markt eingenommen haben, m\u00fcssen Sie den Markt dennoch im Auge behalten, da es m\u00f6glich ist, dass neue fundamentale Faktoren auftreten, die bisher nicht ber\u00fccksichtigt wurden.<\/p>\n<h3><strong>Technische Analyse<\/strong><\/h3>\n<p>Die technische Analyse untersucht fr\u00fchere Preisver\u00e4nderungen in Charts. Die gleichen Modelle und Muster werden in verschiedenen Abst\u00e4nden wiederholt. Technische Analysten glauben, dass die Mehrheit der starken Bewegungen auf nur zwei Faktoren basiert: Angst und Gier. Und aus dieser menschlichen Irrationalit\u00e4t, ergeben sich laufende M\u00f6glichkeiten f\u00fcr Profis Geld zu verdienen.<\/p>\n<p>In den letzten 50 Jahren wurden Hunderte von verschiedenen Mustern gesammelt, Hunderte von Indikatoren geschrieben, Dutzende von Preisangaben gefunden, die jeweils unabh\u00e4ngig voneinander untersucht und dann im Handel angewendet werden k\u00f6nnen.<\/p>\n<p>Das wohl bekannteste Beispiel ist die &#8222;Turtle&#8220; Strategie, bei der eine Gruppe von Neulingen nach einer streng vorgegebenen Logik handelte. Diese basierte auf dem Handel am Hoch\/Tief der letzten 20 Tage des Preisverlaufs.<\/p>\n<p>T\u00e4glich markierten H\u00e4ndler auf dem Chart das Niveau, das dem 20-t\u00e4gigen Hoch und Tief f\u00fcr mehrere Futures entspricht, platzierten auf dieser Ebene Auftr\u00e4ge f\u00fcr den Einstieg in die Transaktion&#8230; und waren tats\u00e4chlich bis zum Ende des Tages frei, wenn die Auftr\u00e4ge nicht ausgel\u00f6st wurden. H\u00e4ndler waren nicht an der Wirtschaftslage, dem Wachstum\/R\u00fcckgang der Einzelhandelsums\u00e4tze usw. interessiert. Sie haben nur 15 Minuten am Tag damit verbracht, die Auftr\u00e4ge an den entsprechenden Stellen zu platzieren und das war alles.[\/vc_column_text]<div  class=\"divider\"><\/div>[vc_row_inner][vc_column_inner column_padding=&#8220;padding-4-percent&#8220; column_padding_position=&#8220;all&#8220; background_color=&#8220;#f2f2f2&#8243; background_color_opacity=&#8220;1&#8243; width=&#8220;1\/1&#8243;][vc_column_text]<strong>Vorteile der technischen Analyse:<\/strong><\/p>\n<p>&#8211; Investoren und H\u00e4ndler m\u00fcssen sich nur die Charts ansehen, um zu verstehen, was mit dem W\u00e4hrungspaar, dem Rohstoff oder der Aktie passiert.<\/p>\n<p>&#8211; Viele technische Analysemethoden k\u00f6nnen in 30 Minuten erlernt werden, auch f\u00fcr einen kompletten Anf\u00e4nger in diesem Bereich.<\/p>\n<p>&#8211; In den meisten F\u00e4llen ben\u00f6tigt die technische Analyse viel weniger Zeit als die Fundamentalanalyse.<\/p>\n<p>&#8211; Gro\u00dfe Auswahl an m\u00f6glichen Instrumenten und Indikatoren<\/p>\n<p>&#8211; Einfaches und verst\u00e4ndliches Timing. Versuchen Sie nicht zu verstehen, wann ein positiver oder negativer Unternehmensbericht den Aktienkurs beeinflusst, sondern geben Sie das Gesch\u00e4ft erst dann ein, wenn sich der Kurs in die richtige Richtung bewegt hat. Zum Beispiel erreichte sie in 20 Tagen ein neues Maximum.[\/vc_column_text][\/vc_column_inner][\/vc_row_inner]<div  class=\"divider\"><\/div>[vc_column_text]<strong>Nachteile der technischen Analyse:<\/strong><\/p>\n<p>&#8211; Die technische Analyse ist sehr subjektiv. Eine Person auf dem Chart kann das Potenzial f\u00fcr einen Preisverfall und die andere f\u00fcr steigende Kurse erkennen. Ein Indikator kann ein Kaufsignal geben, und der zweite kann ein Verkaufssignal geben.<\/p>\n<p>&#8211; Die technische Analyse gibt keinen Hinweis darauf, warum der Preis in die eine oder andere Richtung geht, Sie sehen nur Ver\u00e4nderungen im Chart.<\/p>\n<p>&#8211; Mit dem Aufkommen von leistungsstarken Computern funktionieren die meisten der Methoden und Muster, die vor ein paar Jahrzehnten gut funktionierten, nicht mehr.<\/p>\n<p>&#8211; Sehr oft gibt die technische Analyse zu sp\u00e4te Signale. Zum Beispiel, um ein Gesch\u00e4ft nach Trends abzuschlie\u00dfen. Zum Zeitpunkt des Einstiegs kann der gr\u00f6\u00dfte Teil der Bewegung, die auf fundamentalen Faktoren basiert, bereits vor\u00fcber sein.<\/p>\n<p>Wenn Sie von der technischen Analyse profitieren wollen, k\u00f6nnen Sie das integrierte Order- und Chartsystem der Bernstein Bank nutzen.<\/p>\n<p>Was ist also besser? Fundamentale oder technische Analyse? Die Antwort ist&#8230;.\u00a0 besser beide Methoden zusammen verwenden und eine Handelsposition nur dann einzugehen, wenn eine Methode von der anderen best\u00e4tigt wird.<\/p>\n<p>So scheint beispielsweise aus fundamentaler Sicht die Baisse zu enden. Aber es ist nicht genau bekannt, wann es enden wird. Vielleicht gleich morgen oder in einem Monat.\u00a0 Bevor Sie das Gesch\u00e4ft abschlie\u00dfen, ist es sinnvoll, auf die Best\u00e4tigung der technischen Analyse zu warten.<\/p>\n<p>Technische Analysten glauben, dass der Markt in dem Moment bullish wird, in dem der Preis um 20% der letzten Tiefstst\u00e4nde gestiegen ist. Wir sollten also auf diese Best\u00e4tigung warten und erst dann das Gesch\u00e4ft abschlie\u00dfen, an dem Punkt, an dem die technische Analyse die fundamentale Sichtweise des Marktes best\u00e4tigt.[\/vc_column_text][\/vc_column][vc_column column_padding=&#8220;no-extra-padding&#8220; column_padding_position=&#8220;all&#8220; background_color_opacity=&#8220;1&#8243; background_hover_color_opacity=&#8220;1&#8243; width=&#8220;1\/3&#8243;][vc_raw_html]JTNDZGl2JTIwY2xhc3MlM0QlMjJyb3clMjBXaWRnZXQtYmx1ZS1ib3glMjIlM0UlM0NwJTIwY2xhc3MlM0QlMjJoMiUyMiUzRUxpdmUlMjBLb250byUzQyUyRnAlM0UlM0NwJTNFTSVDMyVCNmNodGVuJTIwU2llJTIwamV0enQlMjBtaXQlMjBkZW0lMjAlM0NiciUyMCUyRiUzRSUyMEhhbmRlbCUyMGJlZ2lubmVuJTNGJTNDJTJGcCUzRSUzQ2ElMjBjbGFzcyUzRCUyMmpzLW1vZGFsJTIwQnV0dG9uJTIwQnV0dG9uLS1wcmltYXJ5JTIwQnV0dG9uLS1ibHVlLWxpZ2h0JTIwQnV0dG9uLS1kYXJrLWJnJTIyJTIwaHJlZiUzRCUyMmh0dHBzJTNBJTJGJTJGcG9ydGFsLmJlcm5zdGVpbi1iYW5rLmNvbSUyRmRlJTJGcmVnaXN0cmF0aW9uJTJGbGl2ZSUyMiUyMGRhdGEtZnVuY3Rpb24lM0QlMjJsaXZlJTIyJTIwZGF0YS1sYWJlbCUzRCUyMkVyJUMzJUI2ZmZuZW4lMjBTaWUlMjBlaW4lMjBMaXZlLUtvbnRvJTIyJTNFJTNDc3BhbiUyMGNsYXNzJTNEJTIyQnV0dG9uLWNvcHklMjIlM0VMaXZlJTIwS29udG8lM0MlMkZzcGFuJTNFJTNDJTJGYSUzRSUzQyUyRmRpdiUzRSUwQSUwQQ==[\/vc_raw_html]<div  class=\"divider\"><\/div>[vc_raw_html]JTNDZGl2JTIwY2xhc3MlM0QlMjJyb3clMjBXaWRnZXQtZ29sZC1ib3glMjIlM0UlM0NwJTIwY2xhc3MlM0QlMjJoMiUyMiUzRURlbW8lMjBLb250byUzQyUyRnAlM0UlM0NwJTNFVGVzdGVuJTIwU2llJTIwdW5zZXJlJTIwUHJvZHVrdGUlMjB1bmQlMjBGZWF0dXJlcyUyMG9obmUlMjBSaXNpa2VuJTNDJTJGcCUzRSUzQ2ElMjBjbGFzcyUzRCUyMmpzLW1vZGFsJTIwQnV0dG9uJTIwQnV0dG9uLS1wcmltYXJ5JTIwQnV0dG9uLS1nb2xkLWxpZ2h0JTIwQnV0dG9uLS1kYXJrLWJnJTIyJTIwaHJlZiUzRCUyMmh0dHBzJTNBJTJGJTJGcG9ydGFsLmJlcm5zdGVpbi1iYW5rLmNvbSUyRmRlJTJGcmVnaXN0cmF0aW9uJTJGZGVtbyUyMiUyMGRhdGEtZnVuY3Rpb24lM0QlMjJsaXZlJTIyJTIwZGF0YS1sYWJlbCUzRCUyMkRlbW8lMjBLb250byUyMiUzRSUzQ3NwYW4lMjBjbGFzcyUzRCUyMkJ1dHRvbi1jb3B5JTIyJTNFRGVtbyUyMEtvbnRvJTNDJTJGc3BhbiUzRSUzQyUyRmElM0UlM0MlMkZkaXYlM0UlMEElMEE=[\/vc_raw_html]<div  class=\"divider\"><\/div>[vc_raw_js]JTNDJTIxLS0lMjBFY29ub21pYyUyMENhbGVuZGFyJTIwV2lkZ2V0JTIwQkVHSU4lMjAtLSUzRSUwQSUzQ3NjcmlwdCUyMGlkJTNEJTIyZWNvbm9taWNDYWxlbmRhcldpZGdldCUyMiUyMHR5cGUlM0QlMjJ0ZXh0JTJGamF2YXNjcmlwdCUyMiUyMHNyYyUzRCUyMmh0dHBzJTNBJTJGJTJGYy5tcWw1LmNvbSUyRmpzJTJGd2lkZ2V0cyUyRmNhbGVuZGFyJTJGd2lkZ2V0LnYxLmpzJTIyJTNFJTNDJTJGc2NyaXB0JTNFJTBBJTNDc2NyaXB0JTIwdHlwZSUzRCUyMnRleHQlMkZqYXZhc2NyaXB0JTIyJTNFJTBBJTIwJTIwJTIwJTIwbmV3JTIwZWNvbm9taWNDYWxlbmRhciUyOCU3QiUyMHdpZHRoJTNBJTIwJTIyMTAwJTI1JTIyJTJDJTIwaGVpZ2h0JTNBJTIwJTIyNDAwJTIyJTJDJTIwbW9kZSUzQSUyMDIlMjAlN0QlMjklM0IlMEElM0MlMkZzY3JpcHQlM0UlMEElM0MlMjEtLSUyMEVjb25vbWljJTIwQ2FsZW5kYXIlMjBXaWRnZXQlMjBFTkQlMjAtLSUzRQ==[\/vc_raw_js][\/vc_column][\/vc_row]\n","protected":false},"excerpt":{"rendered":"<p>[vc_row type=&#8220;in_container&#8220; scene_position=&#8220;center&#8220; text_color=&#8220;dark&#8220; text_align=&#8220;left&#8220; overlay_strength=&#8220;0.3&#8243;][vc_column column_padding=&#8220;no-extra-padding&#8220; column_padding_position=&#8220;all&#8220; background_color_opacity=&#8220;1&#8243; background_hover_color_opacity=&#8220;1&#8243; width=&#8220;2\/3&#8243;][vc_column_text] Fundamentale und technische Analyse [\/vc_column_text][vc_column_text]Die meisten H\u00e4ndler und Investoren verwenden fundamentale oder technische Analysen, bevor sie eine Handelsposition am&#8230;<\/p>\n","protected":false},"author":37,"featured_media":0,"parent":0,"menu_order":0,"comment_status":"closed","ping_status":"closed","template":"","meta":{"inline_featured_image":false,"footnotes":""},"class_list":["post-13054","page","type-page","status-publish","hentry"],"yoast_head":"<!-- This site is optimized with the Yoast SEO plugin v27.0 - https:\/\/yoast.com\/product\/yoast-seo-wordpress\/ -->\n<title>Fundamentale und technische Analyse | Bernstein Bank<\/title>\n<meta name=\"description\" content=\"Die meisten H\u00e4ndler und Investoren verwenden technische oder fundamentale Analysen. Lernen wir die Vor- und Nachteile beider Methoden kennen.\" \/>\n<meta name=\"robots\" content=\"index, follow, max-snippet:-1, max-image-preview:large, max-video-preview:-1\" \/>\n<link rel=\"canonical\" href=\"https:\/\/bernstein-bank.com\/en\/technical-and-fundamental-analysis-what-is-better\/\" \/>\n<meta property=\"og:locale\" content=\"de_DE\" \/>\n<meta property=\"og:type\" content=\"article\" \/>\n<meta property=\"og:title\" content=\"Fundamentale und technische Analyse | Bernstein Bank\" \/>\n<meta property=\"og:description\" content=\"Die meisten H\u00e4ndler und Investoren verwenden technische oder fundamentale Analysen. Lernen wir die Vor- und Nachteile beider Methoden kennen.\" \/>\n<meta property=\"og:url\" content=\"https:\/\/bernstein-bank.com\/en\/technical-and-fundamental-analysis-what-is-better\/\" \/>\n<meta property=\"og:site_name\" content=\"Bernstein Bank\" \/>\n<meta property=\"article:modified_time\" content=\"2019-09-20T10:41:29+00:00\" \/>\n<meta name=\"twitter:card\" content=\"summary_large_image\" \/>\n<meta name=\"twitter:label1\" content=\"Gesch\u00e4tzte Lesezeit\" \/>\n\t<meta name=\"twitter:data1\" content=\"8\u00a0Minuten\" \/>\n<script type=\"application\/ld+json\" class=\"yoast-schema-graph\">{\"@context\":\"https:\/\/schema.org\",\"@graph\":[{\"@type\":\"WebPage\",\"@id\":\"https:\/\/bernstein-bank.com\/en\/technical-and-fundamental-analysis-what-is-better\/\",\"url\":\"https:\/\/bernstein-bank.com\/en\/technical-and-fundamental-analysis-what-is-better\/\",\"name\":\"Fundamentale und technische Analyse | Bernstein Bank\",\"isPartOf\":{\"@id\":\"https:\/\/bernstein-bank.com\/en\/#website\"},\"datePublished\":\"2019-09-20T10:38:56+00:00\",\"dateModified\":\"2019-09-20T10:41:29+00:00\",\"description\":\"Die meisten H\u00e4ndler und Investoren verwenden technische oder fundamentale Analysen. Lernen wir die Vor- und Nachteile beider Methoden kennen.\",\"breadcrumb\":{\"@id\":\"https:\/\/bernstein-bank.com\/en\/technical-and-fundamental-analysis-what-is-better\/#breadcrumb\"},\"inLanguage\":\"de\",\"potentialAction\":[{\"@type\":\"ReadAction\",\"target\":[\"https:\/\/bernstein-bank.com\/en\/technical-and-fundamental-analysis-what-is-better\/\"]}]},{\"@type\":\"BreadcrumbList\",\"@id\":\"https:\/\/bernstein-bank.com\/en\/technical-and-fundamental-analysis-what-is-better\/#breadcrumb\",\"itemListElement\":[{\"@type\":\"ListItem\",\"position\":1,\"name\":\"Home\",\"item\":\"https:\/\/bernstein-bank.com\/de\/\"},{\"@type\":\"ListItem\",\"position\":2,\"name\":\"Fundamentale und technische Analyse\"}]},{\"@type\":\"WebSite\",\"@id\":\"https:\/\/bernstein-bank.com\/en\/#website\",\"url\":\"https:\/\/bernstein-bank.com\/en\/\",\"name\":\"Bernstein Bank\",\"description\":\"Bernstein Bank\",\"potentialAction\":[{\"@type\":\"SearchAction\",\"target\":{\"@type\":\"EntryPoint\",\"urlTemplate\":\"https:\/\/bernstein-bank.com\/en\/?s={search_term_string}\"},\"query-input\":{\"@type\":\"PropertyValueSpecification\",\"valueRequired\":true,\"valueName\":\"search_term_string\"}}],\"inLanguage\":\"de\"}]}<\/script>\n<!-- \/ Yoast SEO plugin. -->","yoast_head_json":{"title":"Fundamentale und technische Analyse | Bernstein Bank","description":"Die meisten H\u00e4ndler und Investoren verwenden technische oder fundamentale Analysen. Lernen wir die Vor- und Nachteile beider Methoden kennen.","robots":{"index":"index","follow":"follow","max-snippet":"max-snippet:-1","max-image-preview":"max-image-preview:large","max-video-preview":"max-video-preview:-1"},"canonical":"https:\/\/bernstein-bank.com\/en\/technical-and-fundamental-analysis-what-is-better\/","og_locale":"de_DE","og_type":"article","og_title":"Fundamentale und technische Analyse | Bernstein Bank","og_description":"Die meisten H\u00e4ndler und Investoren verwenden technische oder fundamentale Analysen. Lernen wir die Vor- und Nachteile beider Methoden kennen.","og_url":"https:\/\/bernstein-bank.com\/en\/technical-and-fundamental-analysis-what-is-better\/","og_site_name":"Bernstein Bank","article_modified_time":"2019-09-20T10:41:29+00:00","twitter_card":"summary_large_image","twitter_misc":{"Gesch\u00e4tzte Lesezeit":"8\u00a0Minuten"},"schema":{"@context":"https:\/\/schema.org","@graph":[{"@type":"WebPage","@id":"https:\/\/bernstein-bank.com\/en\/technical-and-fundamental-analysis-what-is-better\/","url":"https:\/\/bernstein-bank.com\/en\/technical-and-fundamental-analysis-what-is-better\/","name":"Fundamentale und technische Analyse | Bernstein Bank","isPartOf":{"@id":"https:\/\/bernstein-bank.com\/en\/#website"},"datePublished":"2019-09-20T10:38:56+00:00","dateModified":"2019-09-20T10:41:29+00:00","description":"Die meisten H\u00e4ndler und Investoren verwenden technische oder fundamentale Analysen. Lernen wir die Vor- und Nachteile beider Methoden kennen.","breadcrumb":{"@id":"https:\/\/bernstein-bank.com\/en\/technical-and-fundamental-analysis-what-is-better\/#breadcrumb"},"inLanguage":"de","potentialAction":[{"@type":"ReadAction","target":["https:\/\/bernstein-bank.com\/en\/technical-and-fundamental-analysis-what-is-better\/"]}]},{"@type":"BreadcrumbList","@id":"https:\/\/bernstein-bank.com\/en\/technical-and-fundamental-analysis-what-is-better\/#breadcrumb","itemListElement":[{"@type":"ListItem","position":1,"name":"Home","item":"https:\/\/bernstein-bank.com\/de\/"},{"@type":"ListItem","position":2,"name":"Fundamentale und technische Analyse"}]},{"@type":"WebSite","@id":"https:\/\/bernstein-bank.com\/en\/#website","url":"https:\/\/bernstein-bank.com\/en\/","name":"Bernstein Bank","description":"Bernstein Bank","potentialAction":[{"@type":"SearchAction","target":{"@type":"EntryPoint","urlTemplate":"https:\/\/bernstein-bank.com\/en\/?s={search_term_string}"},"query-input":{"@type":"PropertyValueSpecification","valueRequired":true,"valueName":"search_term_string"}}],"inLanguage":"de"}]}},"_links":{"self":[{"href":"https:\/\/bernstein-bank.com\/de\/wp-json\/wp\/v2\/pages\/13054","targetHints":{"allow":["GET"]}}],"collection":[{"href":"https:\/\/bernstein-bank.com\/de\/wp-json\/wp\/v2\/pages"}],"about":[{"href":"https:\/\/bernstein-bank.com\/de\/wp-json\/wp\/v2\/types\/page"}],"author":[{"embeddable":true,"href":"https:\/\/bernstein-bank.com\/de\/wp-json\/wp\/v2\/users\/37"}],"replies":[{"embeddable":true,"href":"https:\/\/bernstein-bank.com\/de\/wp-json\/wp\/v2\/comments?post=13054"}],"version-history":[{"count":0,"href":"https:\/\/bernstein-bank.com\/de\/wp-json\/wp\/v2\/pages\/13054\/revisions"}],"wp:attachment":[{"href":"https:\/\/bernstein-bank.com\/de\/wp-json\/wp\/v2\/media?parent=13054"}],"curies":[{"name":"wp","href":"https:\/\/api.w.org\/{rel}","templated":true}]}}