{"id":13058,"date":"2019-09-20T15:47:45","date_gmt":"2019-09-20T13:47:45","guid":{"rendered":"https:\/\/bernstein-bank.com\/?page_id=13058\/"},"modified":"2019-09-20T15:51:16","modified_gmt":"2019-09-20T13:51:16","slug":"was-sie-ueber-einen-cfd-broker-wissen-sollten","status":"publish","type":"page","link":"https:\/\/bernstein-bank.com\/de\/was-sie-ueber-einen-cfd-broker-wissen-sollten\/","title":{"rendered":"Was Sie \u00fcber einen CFD Broker wissen sollten"},"content":{"rendered":"[vc_row type=&#8220;in_container&#8220; scene_position=&#8220;center&#8220; text_color=&#8220;dark&#8220; text_align=&#8220;left&#8220; overlay_strength=&#8220;0.3&#8243;][vc_column column_padding=&#8220;no-extra-padding&#8220; column_padding_position=&#8220;all&#8220; background_color_opacity=&#8220;1&#8243; background_hover_color_opacity=&#8220;1&#8243; width=&#8220;2\/3&#8243;][vc_column_text]\n<h1>Was Sie \u00fcber einen CFD Broker wissen sollten<\/h1>\n[\/vc_column_text]<div  class=\"divider\"><\/div><div  class=\"divider\"><\/div>[vc_column_text]Wenn Sie diese Seite lesen, sind Sie wahrscheinlich am CFD-Handel interessiert und versuchen die Kosten und Nutzen, die Ihnen bei der Verwendung dieser Art von Produkten entstehen, zu kennen oder besser zu verstehen. CFD-Broker sind das Bindeglied zwischen dem Markt und dem Trader\/ Investor. Sie unterscheiden sich in der Anzahl der verf\u00fcgbaren M\u00e4rkte, den Handelskonditionen und der Qualit\u00e4t der erbrachten Dienstleistungen. Bevor man sich f\u00fcr einen Broker entscheidet, sollte man mit seinen eigenen Pr\u00e4ferenzen beginnen und vor allem viel Wert auf die Sicherheit Ihres Geldes legen. Gehen wir der Sache also auf den Grund.<\/p>\n<p>Der Wettbewerb zwischen den Unternehmen, \u00fcber die Sie CFDs handeln k\u00f6nnen, ist extrem hoch. Die Unterschiede zwischen den einzelnen Anbietern sind daher oft nur schwer erkennbar und es wird immer schwieriger, sich f\u00fcr ein bestimmtes Unternehmen zu entscheiden. Wenn Sie jedoch etwas Zeit damit verbringen, ein Unternehmen zu testen, wird klar, ob Sie weiterhin mit diesem Anbieter arbeiten wollen oder nicht.<\/p>\n<p><strong>Was sind CFD-Broker? Welche Dienstleistungen bieten sie an?<\/strong><\/p>\n<p>Jeder CFD-Broker ist verpflichtet, die Handelsbedingungen und Margenanforderungen f\u00fcr den Handel mit CFDs klar anzugeben. Der CFD Handel umfasst eine ziemlich gro\u00dfe Anzahl von Instrumenten die sich in Aktien, Indizes und Rohstoff-Futures, Kryptow\u00e4hrungen oder W\u00e4hrungspaare einteilen lassen. Aufgrund der wachsenden Popularit\u00e4t des CFD-Marktes versuchen Broker, ihre Handelsbedingungen aus Sicht des Kunden profitabler zu gestalten, um neue Kunden zu gewinnen und sich zumindest von anderen Anbietern zu unterscheiden.<\/p>\n<p><strong>KOMMISSION<\/strong><\/p>\n<p>Ein Broker verlangt f\u00fcr jede Transaktion, die Sie \u00fcber die Plattform initiieren m\u00f6chten, eine Ordergeb\u00fchr in Form einer Kommission. Im Allgemeinen wird eine solche Kommission aber nur auf den Handel mit Aktien CFDs angewendet (und nicht auf Indizes, W\u00e4hrungen und Rohstoffe). Diese Kommission entspricht in der Regel einem Prozentsatz Ihrer Investition, und ist normalerweise auf einen Mindest- und\/oder H\u00f6chstsatz begrenzt. Betrachten wir drei Beispiele, die Sie im f\u00fcr gew\u00f6hnlich im Geb\u00fchrenverzeichnis des Brokers finden k\u00f6nnen.[\/vc_column_text]<div  class=\"divider\"><\/div>[vc_row_inner][vc_column_inner column_padding=&#8220;padding-4-percent&#8220; column_padding_position=&#8220;all&#8220; background_color=&#8220;#f2f2f2&#8243; background_color_opacity=&#8220;1&#8243; width=&#8220;1\/1&#8243;][vc_column_text]<strong>Fall 1:<\/strong><\/p>\n<p>Der Broker A gibt in seiner Aufstellung der Ordergeb\u00fchren an, dass er eine Provision von 0,10% auf die auf CFD-Aktien get\u00e4tigten Gesch\u00e4fte anwendet. Stellen Sie sich vor, Sie haben sich entschieden, 9.000 Euro in eine Aktie \u00fcber einen CFD zu investieren. Die Provision, die Sie Ihrem Broker f\u00fcr diese Transaktion zahlen m\u00fcssten, betr\u00e4gt 9 Euro (9.000 Euro*0,10%).<\/p>\n<p><strong>Fall 2:<\/strong><\/p>\n<p>Der Broker B gibt in seinen Ordergeb\u00fchren eine Begrenzung der H\u00f6he der Kommission an. Es wird beispielsweise eine Provision von 0,10% pro Transaktion auf CFD-Aktien mit einem H\u00f6chstbetrag von 6 Euro angegeben. In diesem Fall w\u00e4re die Kommission rechnerisch bei einem Ordervolumen von 9.000 Euro den Betrag von 9 Euro (9.000 Euro*0,10%) ausmachen. Da der CFD Broker den H\u00f6chstsatz der Kommission aber auf 6 Euro begrenzt hat betr\u00e4gt die zu zahlende Kommission auch nur 6 Euro.<\/p>\n<p><strong>Fall 3:<\/strong><\/p>\n<p>Broker C entschied sich, einen Mindestschwellenwert f\u00fcr die Provision festzulegen, die er seinen Kunden, die mit CFD-Aktien handeln, berechnet. Die Provision betr\u00e4gt 0,10% pro Transaktion mit einem Mindestbetrag von 10 Euro. In diesem Fall sollte Ihre Order mit einem Ordervolumen von \u20ac 9.000 rechnerisch eine Kommission von 9 Euro (\u20ac 9.000*0,10%) generieren. Da der Broker aber eine Mindestprovision von 10 Euro als Mindestbetrag f\u00fcr die Kommission vorsieht betragen die Kosten f\u00fcr die Transaktion 10 Euro.[\/vc_column_text][\/vc_column_inner][\/vc_row_inner][vc_row_inner][vc_column_inner column_padding=&#8220;no-extra-padding&#8220; column_padding_position=&#8220;all&#8220; background_color_opacity=&#8220;1&#8243; width=&#8220;1\/1&#8243;][vc_column_text]<strong>SPREAD<\/strong><\/p>\n<p>Der Preis einer Aktie, eines Index oder aber auch eines W\u00e4hrungspaares, das an der B\u00f6rse notiert ist, ermittelt sich aus dem Verh\u00e4ltnis zwischen den K\u00e4ufern, die eine oder mehrere Aktien etc. erwerben m\u00f6chten, und den Verk\u00e4ufern, die Ihre Anteile am Markt verkaufen m\u00f6chten. Einfach ausgedr\u00fcckt, entspricht der Spread dem Unterschied zwischen Angebot und Nachfrage auf ein bestimmtes Produkt. Je mehr K\u00e4ufer und Verk\u00e4ufer sich auf einen Preis einigen k\u00f6nnen, desto geringer ist der Spread, und er w\u00e4chst, wenn sich die beiden Parteien voneinander entfernen.<\/p>\n<p>Ihr Interesse sollte sein einen Broker zu finden, der es Ihnen erm\u00f6glichen, mit den niedrigsten Spreads zu handeln, um Ihre Gewinne zu optimieren und Verluste (wenn Sie in die falsche Richtung gehen) w\u00e4hrend Ihrer Handelssitzung zu reduzieren.<\/p>\n<p><strong>ZUS\u00c4TZLICHE HANDELSWERKZEUGE<\/strong><\/p>\n<p>CFD-Broker bieten Ihren Kunden oftmals zus\u00e4tzliche Instrumente f\u00fcr einen erfolgreichen Handel an. Zum Beispiel.:<\/p>\n<ul>\n<li>Virtual Trading (Demo) ist eine Simulation des Handelskontos, die Neueinsteigern f\u00fcr einen Testzeitraum \u00fcber ein kostenfreies Demo-Konto angeboten wird<\/li>\n<li>Watchlists erm\u00f6glichen einem Trader, bestimmte Werte wie Aktien etc. zu beobachten und wichtige Kennzahlen wie Geld-, Brief- Kurs, Handelssymbol usw. im Auge zu haben<\/li>\n<li>Alarmmeldungen &#8211; M\u00f6glichkeit der Einrichtung von zB. Preiswarnungen<\/li>\n<li>Chartprogramme mit Indikatoren so dass der Trader bis zu 140 unterschiedliche Indikatoren in den jeweiligen Chart einf\u00fcgen kann.<\/li>\n<li>Direkter Handel aus dem Chart<\/li>\n<li>Zeichenwerkzeuge wie Pfeil, Notiz, Trendlinie etc. die im Chart verwendet werden k\u00f6nnen.<\/li>\n<li>Trailing Stop bedeutet, dass das Preisniveau st\u00e4ndig an bestimmte Schwellenwerte angepasst wird.<\/li>\n<li>Zeichnungen, die automatisch in jedem der offenen Charts \u00fcbernommen bzw. gespeichert werden k\u00f6nnen.<\/li>\n<\/ul>\n<p><strong>WEGFALL DER NACHSCHUSSPFLICHT (NEGATIVSALDO-SCHUTZ)<\/strong><\/p>\n<p>Nicht alle CFD-Broker sind in der Lage ihren Kunden einen Schutz vor negativen Salden anbieten und diese vor einer Nachschusspflicht zu sch\u00fctzen. Der Grund daf\u00fcr liegt darin, dass einige Broker nicht alle Risiken ihrer Kunden im Falle h\u00f6herer Gewalt auf dem Markt jederzeit abdecken k\u00f6nnen. Dennoch gibt es nicht wenige regulierte Broker, die Schutz vor negativen Salden bieten.<\/p>\n<p>Ein Broker, der Ihnen einen negativen Saldenschutz bietet, ist die Bernstein Bank mit Sitz und regulatorischer Aufsicht in Deutschland.\u00a0 Wenn Sie sich also noch nicht entschieden haben bei welchem CFD-Broker Sie handeln m\u00f6chten sollten Sie die Bernstein Bank im Ged\u00e4chtnis haben. Vergessen Sie nicht, die von einem Broker angebotenen Konditionen zu \u00fcberpr\u00fcfen. Der Schutz vor negativen Salden zeigt ein wichtiges Entscheidungskriterium. Dar\u00fcber hinaus sollten Sie immer jede \u00c4nderung der Bedingungen Ihres Brokervertrages \u00fcberpr\u00fcfen, da eine neue oder aktualisierte Bedingung die Verantwortung des Brokers f\u00fcr den negativen Saldenschutz beeinflussen kann. Achten Sie daher auch darauf, in welcher Gerichtsbarkeit sich Ihr Broker befindet. So gilt beispielsweise Deutschland, in dem sich ein Broker wie die Bernstein Bank befindet, als strenger und stark regulierter Standort in Hinsicht auf die Sicherheit Ihrer Einlage und dem von Ihnen betriebenen Handel.<\/p>\n<p><strong>CFD-BROKER MIT SEGREGIERTEN KONTEN <\/strong><\/p>\n<p>Jeder H\u00e4ndler sollte sicherstellen, dass sein Kapital so sicher wie m\u00f6glich verwahrt wird. Das gesamte Konzept der Investition beinhaltet ein Risikoelement, daher ist es wichtig, alle anderen Unsicherheiten zu minimieren. Eine M\u00f6glichkeit, dies zu tun, ist die Wahl eines CFD-Brokers, der getrennte sogenannte segregierte Konten anbietet. Was bedeuten getrennte bzw. segregierte Konten? Wenn ein CFD-Broker erkl\u00e4rt, dass er segregierte Konten verwendet, bedeutet dies, dass es ein eigenes Konto gibt, auf dem Kundengelder getrennt von den Betriebsmitteln des Brokers gef\u00fchrt werden. In der Investmentbranche bevorzugen eine Reihe von Brokern die Er\u00f6ffnung von segregierten Konten f\u00fcr ihre Kunden, aber dies kann auch eine Anweisung durch eine bestimmte Regulierungsbeh\u00f6rde sein.<\/p>\n<p><strong>STRENGE REGULIERUNG<\/strong><\/p>\n<p>Alle regulierten CFD-Broker m\u00fcssen f\u00fcr Ihre Gesch\u00e4ftst\u00e4tigkeit eine Genehmigung von der zust\u00e4ndigen Regulierungsbeh\u00f6rde wie der FCA(Gro\u00dfbritannien) oder der strengsten Regulierungsbeh\u00f6rde Europas, der Bafin (Deutschland) erlangen. Gem\u00e4\u00df den gesetzlichen Anforderungen sind alle Broker verpflichtet, periodische Berichte \u00fcber ihre Finanzlage sowie j\u00e4hrliche Pr\u00fcfungsberichte vorzulegen. Wenn Sie nach einem regulierten CFD-Broker suchen, k\u00f6nnen Sie die Liste der regulierten Broker \u00fcberpr\u00fcfen, um sicherzustellen, dass der Broker auch eine Erlaubnis hat in dem jeweiligen Land aktiv sein zu d\u00fcrfen. Dar\u00fcber hinaus sind Regulierungsbeh\u00f6rden voll verantwortlich f\u00fcr den Schutz der Kunden vor skrupellosen CFD-Brokern. Alle regulierten Broker sind verpflichtet, die FCA\/Bafin-Richtlinien einzuhalten und getrennte Konten f\u00fcr Kunden- und Unternehmensverm\u00f6gen zu erstellen. Wenn Sie beispielsweise eine Brokerlizenz in Gro\u00dfbritannien erwerben m\u00f6chten, muss Ihr Betriebskapital mindestens 1.000.000 \u00a3 betragen, basierend auf der Anzahl der derzeit auf der Plattform registrierten Trader und den damit verbundenen Einzahlungen in das Unternehmen.[\/vc_column_text][\/vc_column_inner][\/vc_row_inner][\/vc_column][vc_column column_padding=&#8220;no-extra-padding&#8220; column_padding_position=&#8220;all&#8220; background_color_opacity=&#8220;1&#8243; background_hover_color_opacity=&#8220;1&#8243; width=&#8220;1\/3&#8243;][vc_raw_html]JTNDZGl2JTIwY2xhc3MlM0QlMjJyb3clMjBXaWRnZXQtYmx1ZS1ib3glMjIlM0UlM0NwJTIwY2xhc3MlM0QlMjJoMiUyMiUzRUxpdmUlMjBLb250byUzQyUyRnAlM0UlM0NwJTNFTSVDMyVCNmNodGVuJTIwU2llJTIwamV0enQlMjBtaXQlMjBkZW0lMjAlM0NiciUyMCUyRiUzRSUyMEhhbmRlbCUyMGJlZ2lubmVuJTNGJTNDJTJGcCUzRSUzQ2ElMjBjbGFzcyUzRCUyMmpzLW1vZGFsJTIwQnV0dG9uJTIwQnV0dG9uLS1wcmltYXJ5JTIwQnV0dG9uLS1ibHVlLWxpZ2h0JTIwQnV0dG9uLS1kYXJrLWJnJTIyJTIwaHJlZiUzRCUyMmh0dHBzJTNBJTJGJTJGcG9ydGFsLmJlcm5zdGVpbi1iYW5rLmNvbSUyRmRlJTJGcmVnaXN0cmF0aW9uJTJGbGl2ZSUyMiUyMGRhdGEtZnVuY3Rpb24lM0QlMjJsaXZlJTIyJTIwZGF0YS1sYWJlbCUzRCUyMkVyJUMzJUI2ZmZuZW4lMjBTaWUlMjBlaW4lMjBMaXZlLUtvbnRvJTIyJTNFJTNDc3BhbiUyMGNsYXNzJTNEJTIyQnV0dG9uLWNvcHklMjIlM0VMaXZlJTIwS29udG8lM0MlMkZzcGFuJTNFJTNDJTJGYSUzRSUzQyUyRmRpdiUzRSUwQSUwQQ==[\/vc_raw_html]<div  class=\"divider\"><\/div>[vc_raw_html]JTNDZGl2JTIwY2xhc3MlM0QlMjJyb3clMjBXaWRnZXQtZ29sZC1ib3glMjIlM0UlM0NwJTIwY2xhc3MlM0QlMjJoMiUyMiUzRURlbW8lMjBLb250byUzQyUyRnAlM0UlM0NwJTNFVGVzdGVuJTIwU2llJTIwdW5zZXJlJTIwUHJvZHVrdGUlMjB1bmQlMjBGZWF0dXJlcyUyMG9obmUlMjBSaXNpa2VuJTNDJTJGcCUzRSUzQ2ElMjBjbGFzcyUzRCUyMmpzLW1vZGFsJTIwQnV0dG9uJTIwQnV0dG9uLS1wcmltYXJ5JTIwQnV0dG9uLS1nb2xkLWxpZ2h0JTIwQnV0dG9uLS1kYXJrLWJnJTIyJTIwaHJlZiUzRCUyMmh0dHBzJTNBJTJGJTJGcG9ydGFsLmJlcm5zdGVpbi1iYW5rLmNvbSUyRmRlJTJGcmVnaXN0cmF0aW9uJTJGZGVtbyUyMiUyMGRhdGEtZnVuY3Rpb24lM0QlMjJsaXZlJTIyJTIwZGF0YS1sYWJlbCUzRCUyMkRlbW8lMjBLb250byUyMiUzRSUzQ3NwYW4lMjBjbGFzcyUzRCUyMkJ1dHRvbi1jb3B5JTIyJTNFRGVtbyUyMEtvbnRvJTNDJTJGc3BhbiUzRSUzQyUyRmElM0UlM0MlMkZkaXYlM0UlMEElMEE=[\/vc_raw_html]<div  class=\"divider\"><\/div>[vc_raw_js]JTNDJTIxLS0lMjBFY29ub21pYyUyMENhbGVuZGFyJTIwV2lkZ2V0JTIwQkVHSU4lMjAtLSUzRSUwQSUzQ3NjcmlwdCUyMGlkJTNEJTIyZWNvbm9taWNDYWxlbmRhcldpZGdldCUyMiUyMHR5cGUlM0QlMjJ0ZXh0JTJGamF2YXNjcmlwdCUyMiUyMHNyYyUzRCUyMmh0dHBzJTNBJTJGJTJGYy5tcWw1LmNvbSUyRmpzJTJGd2lkZ2V0cyUyRmNhbGVuZGFyJTJGd2lkZ2V0LnYxLmpzJTIyJTNFJTNDJTJGc2NyaXB0JTNFJTBBJTNDc2NyaXB0JTIwdHlwZSUzRCUyMnRleHQlMkZqYXZhc2NyaXB0JTIyJTNFJTBBJTIwJTIwJTIwJTIwbmV3JTIwZWNvbm9taWNDYWxlbmRhciUyOCU3QiUyMHdpZHRoJTNBJTIwJTIyMTAwJTI1JTIyJTJDJTIwaGVpZ2h0JTNBJTIwJTIyNDAwJTIyJTJDJTIwbW9kZSUzQSUyMDIlMjAlN0QlMjklM0IlMEElM0MlMkZzY3JpcHQlM0UlMEElM0MlMjEtLSUyMEVjb25vbWljJTIwQ2FsZW5kYXIlMjBXaWRnZXQlMjBFTkQlMjAtLSUzRQ==[\/vc_raw_js][\/vc_column][\/vc_row]\n","protected":false},"excerpt":{"rendered":"<p>[vc_row type=&#8220;in_container&#8220; scene_position=&#8220;center&#8220; text_color=&#8220;dark&#8220; text_align=&#8220;left&#8220; overlay_strength=&#8220;0.3&#8243;][vc_column column_padding=&#8220;no-extra-padding&#8220; column_padding_position=&#8220;all&#8220; background_color_opacity=&#8220;1&#8243; background_hover_color_opacity=&#8220;1&#8243; width=&#8220;2\/3&#8243;][vc_column_text] Was Sie \u00fcber einen CFD Broker wissen sollten [\/vc_column_text][vc_column_text]Wenn Sie diese Seite lesen, sind Sie wahrscheinlich am CFD-Handel interessiert&#8230;<\/p>\n","protected":false},"author":37,"featured_media":0,"parent":0,"menu_order":0,"comment_status":"closed","ping_status":"closed","template":"","meta":{"inline_featured_image":false,"footnotes":""},"class_list":["post-13058","page","type-page","status-publish","hentry"],"yoast_head":"<!-- This site is optimized with the Yoast SEO plugin v27.0 - https:\/\/yoast.com\/product\/yoast-seo-wordpress\/ -->\n<title>Was Sie \u00fcber einen CFD Broker wissen sollten | Bernstein Bank<\/title>\n<meta name=\"description\" content=\"Wer sind CFD Broker? Welche Dienstleistungen bieten sie an? Kosten und Nutzen. CFD-Broker sind das Bindeglied zwischen Markt und H\u00e4ndlern.\" \/>\n<meta name=\"robots\" content=\"index, follow, max-snippet:-1, max-image-preview:large, max-video-preview:-1\" \/>\n<link rel=\"canonical\" href=\"https:\/\/bernstein-bank.com\/en\/all-about-cfd-broker\/\" \/>\n<meta property=\"og:locale\" content=\"de_DE\" \/>\n<meta property=\"og:type\" content=\"article\" \/>\n<meta property=\"og:title\" content=\"Was Sie \u00fcber einen CFD Broker wissen sollten | Bernstein Bank\" \/>\n<meta property=\"og:description\" content=\"Wer sind CFD Broker? Welche Dienstleistungen bieten sie an? Kosten und Nutzen. CFD-Broker sind das Bindeglied zwischen Markt und H\u00e4ndlern.\" \/>\n<meta property=\"og:url\" content=\"https:\/\/bernstein-bank.com\/en\/all-about-cfd-broker\/\" \/>\n<meta property=\"og:site_name\" content=\"Bernstein Bank\" \/>\n<meta property=\"article:modified_time\" content=\"2019-09-20T13:51:16+00:00\" \/>\n<meta name=\"twitter:card\" content=\"summary_large_image\" \/>\n<meta name=\"twitter:label1\" content=\"Gesch\u00e4tzte Lesezeit\" \/>\n\t<meta name=\"twitter:data1\" content=\"8\u00a0Minuten\" \/>\n<script type=\"application\/ld+json\" class=\"yoast-schema-graph\">{\"@context\":\"https:\/\/schema.org\",\"@graph\":[{\"@type\":\"WebPage\",\"@id\":\"https:\/\/bernstein-bank.com\/en\/all-about-cfd-broker\/\",\"url\":\"https:\/\/bernstein-bank.com\/en\/all-about-cfd-broker\/\",\"name\":\"Was Sie \u00fcber einen CFD Broker wissen sollten | Bernstein Bank\",\"isPartOf\":{\"@id\":\"https:\/\/bernstein-bank.com\/en\/#website\"},\"datePublished\":\"2019-09-20T13:47:45+00:00\",\"dateModified\":\"2019-09-20T13:51:16+00:00\",\"description\":\"Wer sind CFD Broker? Welche Dienstleistungen bieten sie an? Kosten und Nutzen. CFD-Broker sind das Bindeglied zwischen Markt und H\u00e4ndlern.\",\"breadcrumb\":{\"@id\":\"https:\/\/bernstein-bank.com\/en\/all-about-cfd-broker\/#breadcrumb\"},\"inLanguage\":\"de\",\"potentialAction\":[{\"@type\":\"ReadAction\",\"target\":[\"https:\/\/bernstein-bank.com\/en\/all-about-cfd-broker\/\"]}]},{\"@type\":\"BreadcrumbList\",\"@id\":\"https:\/\/bernstein-bank.com\/en\/all-about-cfd-broker\/#breadcrumb\",\"itemListElement\":[{\"@type\":\"ListItem\",\"position\":1,\"name\":\"Home\",\"item\":\"https:\/\/bernstein-bank.com\/de\/\"},{\"@type\":\"ListItem\",\"position\":2,\"name\":\"Was Sie \u00fcber einen CFD Broker wissen sollten\"}]},{\"@type\":\"WebSite\",\"@id\":\"https:\/\/bernstein-bank.com\/en\/#website\",\"url\":\"https:\/\/bernstein-bank.com\/en\/\",\"name\":\"Bernstein Bank\",\"description\":\"Bernstein Bank\",\"potentialAction\":[{\"@type\":\"SearchAction\",\"target\":{\"@type\":\"EntryPoint\",\"urlTemplate\":\"https:\/\/bernstein-bank.com\/en\/?s={search_term_string}\"},\"query-input\":{\"@type\":\"PropertyValueSpecification\",\"valueRequired\":true,\"valueName\":\"search_term_string\"}}],\"inLanguage\":\"de\"}]}<\/script>\n<!-- \/ Yoast SEO plugin. -->","yoast_head_json":{"title":"Was Sie \u00fcber einen CFD Broker wissen sollten | Bernstein Bank","description":"Wer sind CFD Broker? Welche Dienstleistungen bieten sie an? Kosten und Nutzen. CFD-Broker sind das Bindeglied zwischen Markt und H\u00e4ndlern.","robots":{"index":"index","follow":"follow","max-snippet":"max-snippet:-1","max-image-preview":"max-image-preview:large","max-video-preview":"max-video-preview:-1"},"canonical":"https:\/\/bernstein-bank.com\/en\/all-about-cfd-broker\/","og_locale":"de_DE","og_type":"article","og_title":"Was Sie \u00fcber einen CFD Broker wissen sollten | Bernstein Bank","og_description":"Wer sind CFD Broker? Welche Dienstleistungen bieten sie an? Kosten und Nutzen. CFD-Broker sind das Bindeglied zwischen Markt und H\u00e4ndlern.","og_url":"https:\/\/bernstein-bank.com\/en\/all-about-cfd-broker\/","og_site_name":"Bernstein Bank","article_modified_time":"2019-09-20T13:51:16+00:00","twitter_card":"summary_large_image","twitter_misc":{"Gesch\u00e4tzte Lesezeit":"8\u00a0Minuten"},"schema":{"@context":"https:\/\/schema.org","@graph":[{"@type":"WebPage","@id":"https:\/\/bernstein-bank.com\/en\/all-about-cfd-broker\/","url":"https:\/\/bernstein-bank.com\/en\/all-about-cfd-broker\/","name":"Was Sie \u00fcber einen CFD Broker wissen sollten | Bernstein Bank","isPartOf":{"@id":"https:\/\/bernstein-bank.com\/en\/#website"},"datePublished":"2019-09-20T13:47:45+00:00","dateModified":"2019-09-20T13:51:16+00:00","description":"Wer sind CFD Broker? Welche Dienstleistungen bieten sie an? Kosten und Nutzen. CFD-Broker sind das Bindeglied zwischen Markt und H\u00e4ndlern.","breadcrumb":{"@id":"https:\/\/bernstein-bank.com\/en\/all-about-cfd-broker\/#breadcrumb"},"inLanguage":"de","potentialAction":[{"@type":"ReadAction","target":["https:\/\/bernstein-bank.com\/en\/all-about-cfd-broker\/"]}]},{"@type":"BreadcrumbList","@id":"https:\/\/bernstein-bank.com\/en\/all-about-cfd-broker\/#breadcrumb","itemListElement":[{"@type":"ListItem","position":1,"name":"Home","item":"https:\/\/bernstein-bank.com\/de\/"},{"@type":"ListItem","position":2,"name":"Was Sie \u00fcber einen CFD Broker wissen sollten"}]},{"@type":"WebSite","@id":"https:\/\/bernstein-bank.com\/en\/#website","url":"https:\/\/bernstein-bank.com\/en\/","name":"Bernstein Bank","description":"Bernstein Bank","potentialAction":[{"@type":"SearchAction","target":{"@type":"EntryPoint","urlTemplate":"https:\/\/bernstein-bank.com\/en\/?s={search_term_string}"},"query-input":{"@type":"PropertyValueSpecification","valueRequired":true,"valueName":"search_term_string"}}],"inLanguage":"de"}]}},"_links":{"self":[{"href":"https:\/\/bernstein-bank.com\/de\/wp-json\/wp\/v2\/pages\/13058","targetHints":{"allow":["GET"]}}],"collection":[{"href":"https:\/\/bernstein-bank.com\/de\/wp-json\/wp\/v2\/pages"}],"about":[{"href":"https:\/\/bernstein-bank.com\/de\/wp-json\/wp\/v2\/types\/page"}],"author":[{"embeddable":true,"href":"https:\/\/bernstein-bank.com\/de\/wp-json\/wp\/v2\/users\/37"}],"replies":[{"embeddable":true,"href":"https:\/\/bernstein-bank.com\/de\/wp-json\/wp\/v2\/comments?post=13058"}],"version-history":[{"count":0,"href":"https:\/\/bernstein-bank.com\/de\/wp-json\/wp\/v2\/pages\/13058\/revisions"}],"wp:attachment":[{"href":"https:\/\/bernstein-bank.com\/de\/wp-json\/wp\/v2\/media?parent=13058"}],"curies":[{"name":"wp","href":"https:\/\/api.w.org\/{rel}","templated":true}]}}