{"id":13060,"date":"2019-09-20T16:03:18","date_gmt":"2019-09-20T14:03:18","guid":{"rendered":"https:\/\/bernstein-bank.com\/?page_id=13060\/"},"modified":"2019-09-20T16:04:59","modified_gmt":"2019-09-20T14:04:59","slug":"vorteile-des-forex-handels","status":"publish","type":"page","link":"https:\/\/bernstein-bank.com\/de\/vorteile-des-forex-handels\/","title":{"rendered":"Vorteile des Forex-Handels"},"content":{"rendered":"[vc_row type=&#8220;in_container&#8220; scene_position=&#8220;center&#8220; text_color=&#8220;dark&#8220; text_align=&#8220;left&#8220; overlay_strength=&#8220;0.3&#8243;][vc_column column_padding=&#8220;no-extra-padding&#8220; column_padding_position=&#8220;all&#8220; background_color_opacity=&#8220;1&#8243; background_hover_color_opacity=&#8220;1&#8243; width=&#8220;2\/3&#8243;][vc_column_text]\n<h1>Vorteile des Forex-Handels<\/h1>\n[\/vc_column_text]<div  class=\"divider\"><\/div><div  class=\"divider\"><\/div>[vc_column_text]Es gibt gro\u00dfe Vorteile des Forex-Handels gegen\u00fcber dem traditionellen Aktienmarkt:<\/p>\n<p><strong>Keine Vermittler: <\/strong>Der Devisenmarkt bietet Ihnen die M\u00f6glichkeit, Vermittler zu \u00fcbersteuern und direkt mit den M\u00e4rkten zu handeln.<\/p>\n<p><strong>Keine Kosten: <\/strong>Keine Marktkosten, keine Steuern, keine Courtage. Die meisten Broker werden f\u00fcr ihre Dienstleistungen \u00fcber den Bid-Ask-Spread verg\u00fctet.<\/p>\n<p><strong>Niedrige Transaktionskosten: <\/strong>Je nach Hebelwirkung betragen die Kosten einer Transaktion insgesamt 0,01%.<\/p>\n<p><strong>Unterschiedliche Lotgr\u00f6\u00dfen: <\/strong>Der Devisenmarkt erm\u00f6glicht es Ihnen, die Lotgr\u00f6\u00dfe selbst auszuw\u00e4hlen. So k\u00f6nnen auch Trader mit einem kleineren Budget investieren.<\/p>\n<p><strong>Aktiver Markt: <\/strong>Der Forexmarkt ist rund um die Uhr ge\u00f6ffnet, an f\u00fcnf Tagen die Woche.<\/p>\n<p><strong>Hohe Liquidit\u00e4t:\u00a0<\/strong>Viele Marktteilnehmer und ein einfacher Zugang machen den Forex enorm liquide. So k\u00f6nnen W\u00e4hrungen in gro\u00dfen Mengen innerhalb weniger Sekunden ge- oder verkauft werden.<\/p>\n<p>Der Devisenmarkt ist eine interessante Investitionsm\u00f6glichkeit f\u00fcr H\u00e4ndler, die \u00fcber Wissen und die dementsprechenden Werkzeuge verf\u00fcgen, um am Handel teilzunehmen. Der ideale Weg, um von der optimalen Rentabilit\u00e4t zu profitieren, ist die Einhaltung eines klaren, realistischen und rationalen Handels. Diese Art von Strategie ber\u00fccksichtigt die von einem eingesetzten Broker mit gr\u00f6\u00dfter Aufmerksamkeit vorgeschlagene Hebelwirkung, die H\u00e4ufigkeit der durchgef\u00fchrten Transaktionen, sowie deren Zeitpunkt und H\u00f6he. Manchmal k\u00f6nnen jedoch gr\u00f6\u00dfere Verwerfungen eine Anpassung bzw. \u00dcberpr\u00fcfung der Handelsstrategie erfordern.<\/p>\n<p>Wie bei jedem Handel an den Kapitalm\u00e4rkten gilt es die Marktrisiken zu erkennen und zu beobachten. Jeder Investor, der seine Performance in diesem Markt verbessern m\u00f6chte, ist bestrebt, aus seinen Fehlern zu lernen und seine Herangehensweise an den Markt anzupassen, wenn er auf seinen Fehlentscheidungen basiert. Diese Realit\u00e4t zeigt die Bedeutung der F\u00fchrung eines Trading Tagebuchs um Tradingfehler schnell sichtbar zu machen.<\/p>\n<p>Versuchen Sie, den Devisenmarkt zu handeln, indem Sie ein <a href=\"https:\/\/portal.bernstein-bank.com\/de\/registration\/demo\"><strong>Demo-Konto<\/strong><\/a> bei der Bernstein Bank er\u00f6ffnen![\/vc_column_text][\/vc_column][vc_column column_padding=&#8220;no-extra-padding&#8220; column_padding_position=&#8220;all&#8220; background_color_opacity=&#8220;1&#8243; background_hover_color_opacity=&#8220;1&#8243; width=&#8220;1\/3&#8243;][vc_raw_html]JTNDZGl2JTIwY2xhc3MlM0QlMjJyb3clMjBXaWRnZXQtYmx1ZS1ib3glMjIlM0UlM0NwJTIwY2xhc3MlM0QlMjJoMiUyMiUzRUxpdmUlMjBLb250byUzQyUyRnAlM0UlM0NwJTNFTSVDMyVCNmNodGVuJTIwU2llJTIwamV0enQlMjBtaXQlMjBkZW0lMjAlM0NiciUyMCUyRiUzRSUyMEhhbmRlbCUyMGJlZ2lubmVuJTNGJTNDJTJGcCUzRSUzQ2ElMjBjbGFzcyUzRCUyMmpzLW1vZGFsJTIwQnV0dG9uJTIwQnV0dG9uLS1wcmltYXJ5JTIwQnV0dG9uLS1ibHVlLWxpZ2h0JTIwQnV0dG9uLS1kYXJrLWJnJTIyJTIwaHJlZiUzRCUyMmh0dHBzJTNBJTJGJTJGcG9ydGFsLmJlcm5zdGVpbi1iYW5rLmNvbSUyRmRlJTJGcmVnaXN0cmF0aW9uJTJGbGl2ZSUyMiUyMGRhdGEtZnVuY3Rpb24lM0QlMjJsaXZlJTIyJTIwZGF0YS1sYWJlbCUzRCUyMkVyJUMzJUI2ZmZuZW4lMjBTaWUlMjBlaW4lMjBMaXZlLUtvbnRvJTIyJTNFJTNDc3BhbiUyMGNsYXNzJTNEJTIyQnV0dG9uLWNvcHklMjIlM0VMaXZlJTIwS29udG8lM0MlMkZzcGFuJTNFJTNDJTJGYSUzRSUzQyUyRmRpdiUzRSUwQSUwQQ==[\/vc_raw_html]<div  class=\"divider\"><\/div>[vc_raw_html]JTNDZGl2JTIwY2xhc3MlM0QlMjJyb3clMjBXaWRnZXQtZ29sZC1ib3glMjIlM0UlM0NwJTIwY2xhc3MlM0QlMjJoMiUyMiUzRURlbW8lMjBLb250byUzQyUyRnAlM0UlM0NwJTNFVGVzdGVuJTIwU2llJTIwdW5zZXJlJTIwUHJvZHVrdGUlMjB1bmQlMjBGZWF0dXJlcyUyMG9obmUlMjBSaXNpa2VuJTNDJTJGcCUzRSUzQ2ElMjBjbGFzcyUzRCUyMmpzLW1vZGFsJTIwQnV0dG9uJTIwQnV0dG9uLS1wcmltYXJ5JTIwQnV0dG9uLS1nb2xkLWxpZ2h0JTIwQnV0dG9uLS1kYXJrLWJnJTIyJTIwaHJlZiUzRCUyMmh0dHBzJTNBJTJGJTJGcG9ydGFsLmJlcm5zdGVpbi1iYW5rLmNvbSUyRmRlJTJGcmVnaXN0cmF0aW9uJTJGZGVtbyUyMiUyMGRhdGEtZnVuY3Rpb24lM0QlMjJsaXZlJTIyJTIwZGF0YS1sYWJlbCUzRCUyMkRlbW8lMjBLb250byUyMiUzRSUzQ3NwYW4lMjBjbGFzcyUzRCUyMkJ1dHRvbi1jb3B5JTIyJTNFRGVtbyUyMEtvbnRvJTNDJTJGc3BhbiUzRSUzQyUyRmElM0UlM0MlMkZkaXYlM0UlMEElMEE=[\/vc_raw_html]<div  class=\"divider\"><\/div>[vc_raw_js]JTNDJTIxLS0lMjBFY29ub21pYyUyMENhbGVuZGFyJTIwV2lkZ2V0JTIwQkVHSU4lMjAtLSUzRSUwQSUzQ3NjcmlwdCUyMGlkJTNEJTIyZWNvbm9taWNDYWxlbmRhcldpZGdldCUyMiUyMHR5cGUlM0QlMjJ0ZXh0JTJGamF2YXNjcmlwdCUyMiUyMHNyYyUzRCUyMmh0dHBzJTNBJTJGJTJGYy5tcWw1LmNvbSUyRmpzJTJGd2lkZ2V0cyUyRmNhbGVuZGFyJTJGd2lkZ2V0LnYxLmpzJTIyJTNFJTNDJTJGc2NyaXB0JTNFJTBBJTNDc2NyaXB0JTIwdHlwZSUzRCUyMnRleHQlMkZqYXZhc2NyaXB0JTIyJTNFJTBBJTIwJTIwJTIwJTIwbmV3JTIwZWNvbm9taWNDYWxlbmRhciUyOCU3QiUyMHdpZHRoJTNBJTIwJTIyMTAwJTI1JTIyJTJDJTIwaGVpZ2h0JTNBJTIwJTIyNDAwJTIyJTJDJTIwbW9kZSUzQSUyMDIlMjAlN0QlMjklM0IlMEElM0MlMkZzY3JpcHQlM0UlMEElM0MlMjEtLSUyMEVjb25vbWljJTIwQ2FsZW5kYXIlMjBXaWRnZXQlMjBFTkQlMjAtLSUzRQ==[\/vc_raw_js][\/vc_column][\/vc_row]\n","protected":false},"excerpt":{"rendered":"<p>[vc_row type=&#8220;in_container&#8220; scene_position=&#8220;center&#8220; text_color=&#8220;dark&#8220; text_align=&#8220;left&#8220; overlay_strength=&#8220;0.3&#8243;][vc_column column_padding=&#8220;no-extra-padding&#8220; column_padding_position=&#8220;all&#8220; background_color_opacity=&#8220;1&#8243; background_hover_color_opacity=&#8220;1&#8243; width=&#8220;2\/3&#8243;][vc_column_text] Vorteile des Forex-Handels [\/vc_column_text][vc_column_text]Es gibt gro\u00dfe Vorteile des Forex-Handels gegen\u00fcber dem traditionellen Aktienmarkt: Keine Vermittler: Der Devisenmarkt bietet Ihnen&#8230;<\/p>\n","protected":false},"author":37,"featured_media":0,"parent":0,"menu_order":0,"comment_status":"closed","ping_status":"closed","template":"","meta":{"inline_featured_image":false,"footnotes":""},"class_list":["post-13060","page","type-page","status-publish","hentry"],"yoast_head":"<!-- This site is optimized with the Yoast SEO plugin v27.0 - https:\/\/yoast.com\/product\/yoast-seo-wordpress\/ -->\n<title>Vorteile des Forex-Handels | Bernstein Bank<\/title>\n<meta name=\"description\" content=\"Es gibt gro\u00dfe Leads des Forex-Handels \u00fcber den traditionellen Aktienmarkt: Keine Vermittler \/ Keine Geb\u00fchren \/ Niedrige Transaktionskosten etc.\" \/>\n<meta name=\"robots\" content=\"index, follow, max-snippet:-1, max-image-preview:large, max-video-preview:-1\" \/>\n<link rel=\"canonical\" href=\"https:\/\/bernstein-bank.com\/en\/advantages-of-forex-trading\/\" \/>\n<meta property=\"og:locale\" content=\"de_DE\" \/>\n<meta property=\"og:type\" content=\"article\" \/>\n<meta property=\"og:title\" content=\"Vorteile des Forex-Handels | Bernstein Bank\" \/>\n<meta property=\"og:description\" content=\"Es gibt gro\u00dfe Leads des Forex-Handels \u00fcber den traditionellen Aktienmarkt: Keine Vermittler \/ Keine Geb\u00fchren \/ Niedrige Transaktionskosten etc.\" \/>\n<meta property=\"og:url\" content=\"https:\/\/bernstein-bank.com\/en\/advantages-of-forex-trading\/\" \/>\n<meta property=\"og:site_name\" content=\"Bernstein Bank\" \/>\n<meta property=\"article:modified_time\" content=\"2019-09-20T14:04:59+00:00\" \/>\n<meta name=\"twitter:card\" content=\"summary_large_image\" \/>\n<meta name=\"twitter:label1\" content=\"Gesch\u00e4tzte Lesezeit\" \/>\n\t<meta name=\"twitter:data1\" content=\"3\u00a0Minuten\" \/>\n<script type=\"application\/ld+json\" class=\"yoast-schema-graph\">{\"@context\":\"https:\/\/schema.org\",\"@graph\":[{\"@type\":\"WebPage\",\"@id\":\"https:\/\/bernstein-bank.com\/en\/advantages-of-forex-trading\/\",\"url\":\"https:\/\/bernstein-bank.com\/en\/advantages-of-forex-trading\/\",\"name\":\"Vorteile des Forex-Handels | Bernstein Bank\",\"isPartOf\":{\"@id\":\"https:\/\/bernstein-bank.com\/en\/#website\"},\"datePublished\":\"2019-09-20T14:03:18+00:00\",\"dateModified\":\"2019-09-20T14:04:59+00:00\",\"description\":\"Es gibt gro\u00dfe Leads des Forex-Handels \u00fcber den traditionellen Aktienmarkt: Keine Vermittler \/ Keine Geb\u00fchren \/ Niedrige Transaktionskosten etc.\",\"breadcrumb\":{\"@id\":\"https:\/\/bernstein-bank.com\/en\/advantages-of-forex-trading\/#breadcrumb\"},\"inLanguage\":\"de\",\"potentialAction\":[{\"@type\":\"ReadAction\",\"target\":[\"https:\/\/bernstein-bank.com\/en\/advantages-of-forex-trading\/\"]}]},{\"@type\":\"BreadcrumbList\",\"@id\":\"https:\/\/bernstein-bank.com\/en\/advantages-of-forex-trading\/#breadcrumb\",\"itemListElement\":[{\"@type\":\"ListItem\",\"position\":1,\"name\":\"Home\",\"item\":\"https:\/\/bernstein-bank.com\/de\/\"},{\"@type\":\"ListItem\",\"position\":2,\"name\":\"Vorteile des Forex-Handels\"}]},{\"@type\":\"WebSite\",\"@id\":\"https:\/\/bernstein-bank.com\/en\/#website\",\"url\":\"https:\/\/bernstein-bank.com\/en\/\",\"name\":\"Bernstein Bank\",\"description\":\"Bernstein Bank\",\"potentialAction\":[{\"@type\":\"SearchAction\",\"target\":{\"@type\":\"EntryPoint\",\"urlTemplate\":\"https:\/\/bernstein-bank.com\/en\/?s={search_term_string}\"},\"query-input\":{\"@type\":\"PropertyValueSpecification\",\"valueRequired\":true,\"valueName\":\"search_term_string\"}}],\"inLanguage\":\"de\"}]}<\/script>\n<!-- \/ Yoast SEO plugin. -->","yoast_head_json":{"title":"Vorteile des Forex-Handels | Bernstein Bank","description":"Es gibt gro\u00dfe Leads des Forex-Handels \u00fcber den traditionellen Aktienmarkt: Keine Vermittler \/ Keine Geb\u00fchren \/ Niedrige Transaktionskosten etc.","robots":{"index":"index","follow":"follow","max-snippet":"max-snippet:-1","max-image-preview":"max-image-preview:large","max-video-preview":"max-video-preview:-1"},"canonical":"https:\/\/bernstein-bank.com\/en\/advantages-of-forex-trading\/","og_locale":"de_DE","og_type":"article","og_title":"Vorteile des Forex-Handels | Bernstein Bank","og_description":"Es gibt gro\u00dfe Leads des Forex-Handels \u00fcber den traditionellen Aktienmarkt: Keine Vermittler \/ Keine Geb\u00fchren \/ Niedrige Transaktionskosten etc.","og_url":"https:\/\/bernstein-bank.com\/en\/advantages-of-forex-trading\/","og_site_name":"Bernstein Bank","article_modified_time":"2019-09-20T14:04:59+00:00","twitter_card":"summary_large_image","twitter_misc":{"Gesch\u00e4tzte Lesezeit":"3\u00a0Minuten"},"schema":{"@context":"https:\/\/schema.org","@graph":[{"@type":"WebPage","@id":"https:\/\/bernstein-bank.com\/en\/advantages-of-forex-trading\/","url":"https:\/\/bernstein-bank.com\/en\/advantages-of-forex-trading\/","name":"Vorteile des Forex-Handels | Bernstein Bank","isPartOf":{"@id":"https:\/\/bernstein-bank.com\/en\/#website"},"datePublished":"2019-09-20T14:03:18+00:00","dateModified":"2019-09-20T14:04:59+00:00","description":"Es gibt gro\u00dfe Leads des Forex-Handels \u00fcber den traditionellen Aktienmarkt: Keine Vermittler \/ Keine Geb\u00fchren \/ Niedrige Transaktionskosten etc.","breadcrumb":{"@id":"https:\/\/bernstein-bank.com\/en\/advantages-of-forex-trading\/#breadcrumb"},"inLanguage":"de","potentialAction":[{"@type":"ReadAction","target":["https:\/\/bernstein-bank.com\/en\/advantages-of-forex-trading\/"]}]},{"@type":"BreadcrumbList","@id":"https:\/\/bernstein-bank.com\/en\/advantages-of-forex-trading\/#breadcrumb","itemListElement":[{"@type":"ListItem","position":1,"name":"Home","item":"https:\/\/bernstein-bank.com\/de\/"},{"@type":"ListItem","position":2,"name":"Vorteile des Forex-Handels"}]},{"@type":"WebSite","@id":"https:\/\/bernstein-bank.com\/en\/#website","url":"https:\/\/bernstein-bank.com\/en\/","name":"Bernstein Bank","description":"Bernstein Bank","potentialAction":[{"@type":"SearchAction","target":{"@type":"EntryPoint","urlTemplate":"https:\/\/bernstein-bank.com\/en\/?s={search_term_string}"},"query-input":{"@type":"PropertyValueSpecification","valueRequired":true,"valueName":"search_term_string"}}],"inLanguage":"de"}]}},"_links":{"self":[{"href":"https:\/\/bernstein-bank.com\/de\/wp-json\/wp\/v2\/pages\/13060","targetHints":{"allow":["GET"]}}],"collection":[{"href":"https:\/\/bernstein-bank.com\/de\/wp-json\/wp\/v2\/pages"}],"about":[{"href":"https:\/\/bernstein-bank.com\/de\/wp-json\/wp\/v2\/types\/page"}],"author":[{"embeddable":true,"href":"https:\/\/bernstein-bank.com\/de\/wp-json\/wp\/v2\/users\/37"}],"replies":[{"embeddable":true,"href":"https:\/\/bernstein-bank.com\/de\/wp-json\/wp\/v2\/comments?post=13060"}],"version-history":[{"count":0,"href":"https:\/\/bernstein-bank.com\/de\/wp-json\/wp\/v2\/pages\/13060\/revisions"}],"wp:attachment":[{"href":"https:\/\/bernstein-bank.com\/de\/wp-json\/wp\/v2\/media?parent=13060"}],"curies":[{"name":"wp","href":"https:\/\/api.w.org\/{rel}","templated":true}]}}