{"id":13071,"date":"2019-09-24T12:02:22","date_gmt":"2019-09-24T10:02:22","guid":{"rendered":"https:\/\/bernstein-bank.com\/?page_id=13071\/"},"modified":"2019-09-24T12:04:23","modified_gmt":"2019-09-24T10:04:23","slug":"beispiele-fuer-den-cfd-handel","status":"publish","type":"page","link":"https:\/\/bernstein-bank.com\/de\/beispiele-fuer-den-cfd-handel\/","title":{"rendered":"Beispiele f\u00fcr den CFD Handel"},"content":{"rendered":"[vc_row type=&#8220;in_container&#8220; scene_position=&#8220;center&#8220; text_color=&#8220;dark&#8220; text_align=&#8220;left&#8220; overlay_strength=&#8220;0.3&#8243;][vc_column column_padding=&#8220;no-extra-padding&#8220; column_padding_position=&#8220;all&#8220; background_color_opacity=&#8220;1&#8243; background_hover_color_opacity=&#8220;1&#8243; width=&#8220;2\/3&#8243;][vc_column_text]\n<h1>Beispiele f\u00fcr den CFD Handel<\/h1>\n[\/vc_column_text]<div  class=\"divider\"><\/div><div  class=\"divider\"><\/div>[vc_column_text]<strong>Funktionsweise eines CFD<\/strong><\/p>\n<p>Ein CFD ist ein Differenzkontrakt (<strong>C<\/strong>ontract <strong>F<\/strong>or <strong>D<\/strong>ifference). Er kann auf verschiedene, zu Grunde liegende Basiswerten gehandelt werden, z.B. Aktien, Indizes, Rohstoffe, W\u00e4hrungen und Krypto-W\u00e4hrungen. Bei einem CFD sind H\u00e4ndler\/ Trader nur an der Barabgeltung der Differenz zwischen Er\u00f6ffnungs- und Schlusskurs interessiert. Bei CFDs nutzen H\u00e4ndler den Leverage-Effekt, d.h. Gewinne und Verluste werden durch einen Multiplikator (=Leverage) verst\u00e4rkt, abh\u00e4ngig von den zugrunde liegenden CFDs. Der Hebel, der von Ihrem Broker bereitgestellt wird, liegt zwischen 2 und 33.<\/p>\n<p><strong>CFD-Leverage<\/strong><\/p>\n<p>Abh\u00e4ngig vom zugrunde liegenden Markt kann der CFD Trader verschiedene Hebel nutzen. Die Hebelwirkung f\u00fcr Privatkunden ist jedoch gesetzlich eingeschr\u00e4nkt &#8211; daher macht der Hebel keinen Unterschied, um dieses Kriterium zur Auswahl des perfekten Brokers auszuw\u00e4hlen. Die zum Handel angebotenen Hebel sind in Europa aufgrund gesetzlicher Vorschriften gleich.<\/p>\n<p>F\u00fcr Kryptow\u00e4hrungen betr\u00e4gt der maximaleHebel 2, Aktien k\u00f6nnen mit einem Hebel von 5 gehandelt werden, gro\u00dfe Indizes bieten einen Leverage von maximal 20, w\u00e4hrend Major \u2013 W\u00e4hrungspaare wie zB. EUR\/USD mit einem Leverage von 33 gehandelt werden k\u00f6nnen.<\/p>\n<p>Beispiel: Ein Trader hat ein CFD-Konto mit einer Einlage von \u20ac1.000 und m\u00f6chte einen Leverage von 1:33 f\u00fcr Positionen in Hauptw\u00e4hrungen nutzen. Er kann eine Position bis zum 33-fachen des hinterlegten Kapitals eingehen, was einem Gesamtvolumen von 33.0000 \u20ac (1.000\u20ac x 33er Hebel) entspricht.[\/vc_column_text]<div  class=\"divider\"><\/div>[vc_row_inner][vc_column_inner column_padding=&#8220;padding-4-percent&#8220; column_padding_position=&#8220;all&#8220; background_color=&#8220;#f2f2f2&#8243; background_color_opacity=&#8220;1&#8243; width=&#8220;1\/1&#8243;][vc_column_text]<strong>CFD-Hebelwirkung (Leverage) und Sicherheitsleistung (Margin)<\/strong><\/p>\n<p>Die Sicherheitsleistung, Margin genannt und die Hebelwirkung sind verschiedene Seiten einer Medaille. Grunds\u00e4tzlich erm\u00f6glicht die Margin den Leverage. Die Margin ist der Geldbetrag, den das Konto des Traders mindestens zur Verf\u00fcgung stellen muss, um die Position er\u00f6ffnen zu k\u00f6nnen. Um es anders auszudr\u00fccken: Sie k\u00f6nnen das Gesamtvolumen einer Position mit nur einem Bruchteil dieses Gesamtvolumens handeln. Sie partizipieren aber an der Wertentwicklung des zu Grunde liegenden Wertes vollumf\u00e4nglich.<\/p>\n<p>Beispiel: Ein Trader m\u00f6chte 10 McDonalds-Aktien zu einem Preis von 200 USD pro Aktie kaufen. Wenn der H\u00e4ndler die Aktien \u00fcber seinen Aktienmakler kauft, betr\u00e4gt das erforderliche Kapital f\u00fcr diese Transaktion 200 USD x 10 Aktien = 2.000 USD (ohne Ber\u00fccksichtigung von Geb\u00fchren f\u00fcr den Makler). Wenn der Trader 10 CFDs auf die Aktie von McDonalds kauft, w\u00fcrde das hierf\u00fcr erforderliche Kapital nur 20% des Gesamtvolumens betragen, was 400 USD als Margenanforderung entspricht. Hintergrund ist die Marginanforderung an die Aktie von McDonalds von nur 20%. Rechnerisch ergibt sich somit eine Hebelwirkung\/ Leverage von 5.<\/p>\n<p>Sie k\u00f6nnen die Marginanforderung und\/oder den Leverage mit einer einfachen Formel berechnen: Leverage = 100% \/ Margin%. Demnach ist die Marginanfordertung in % = 100% \/ Leverage.<\/p>\n<p>Beispiel: Der Leverage f\u00fcr den Handel von McDonalds Aktien betr\u00e4gt 5, so dass die Marge 20% betr\u00e4gt (100% \/ 5 = 20%).\u00a0 Muss ein Trader eine Marge von 5% vorweisen, um eine Position im DAX zu er\u00f6ffnen, ergibt sich ein Hebel von 20 da 100% \/ 5% = 20 ergibt.[\/vc_column_text][\/vc_column_inner][\/vc_row_inner]<div  class=\"divider\"><\/div>[vc_row_inner][vc_column_inner column_padding=&#8220;no-extra-padding&#8220; column_padding_position=&#8220;all&#8220; background_color_opacity=&#8220;1&#8243; width=&#8220;1\/1&#8243;][vc_column_text]<strong>CFD-Handel<\/strong><\/p>\n<p>Ein Trader kauft 1 Lot (CFD-Kontrakt) im DAX bei 13.000 Punkten. Wir gehen davon aus, dass 1 Punkt im DAX einem Wert von 1 \u20ac entspricht. Folgenderma\u00dfen berechnet sich die Margin und der Leverage. Das Volumen des Handels betr\u00e4gt 13.000 Punkte x 1 \u20ac pro Punkt x 1 CFD = 13.000 \u20ac. Der DAX ist ein gro\u00dfer europ\u00e4ischer Index. Die Margin f\u00fcr die Er\u00f6ffnung einer Position ist mit 5% gesetzlich vorgegeben. Dies f\u00fchrt zu einer Marginanforderung von 650 \u20ac.<\/p>\n<p><strong>CFD &#8211; positives Handelsergebnis<\/strong><\/p>\n<p>Der Preis steigt auf 13.100 Punkte und der Trader schlie\u00dft seine Position. Der realisierte Gewinn betr\u00e4gt insgesamt (1 x 1 \u20ac) x (13.100 &#8211; 13.000) = 100 \u20ac. Dies entspricht einer Rendite von rund 15% bezogen auf die Marginanforderung von 650 \u20ac.<\/p>\n<p><strong>CFD &#8211; negatives Handelsergebnis <\/strong><\/p>\n<p>Der Preis sinkt auf 12.900 Punkte und der Trader schlie\u00dft seine Position. Der realisierte Verlust betr\u00e4gt insgesamt (1 x \u20ac1) x (12.900 &#8211; 13.000) = &#8211; 100\u20ac. Dies entspricht einer Rendite von -15% bezogen auf die Marginanforderung von 650 \u20ac.<\/p>\n<p><strong>Keine Nachschusspflicht bei CFDs<\/strong><\/p>\n<p>Gelegentlich k\u00f6nnen M\u00e4rkte verr\u00fcckt spielen. Was passiert also mit den Positionen eines CFD-H\u00e4ndlers, wenn er auf der falschen Seite positioniert ist und der Markt verr\u00fcckt spielt? Gehen wir davon aus, dass der H\u00e4ndler 1.000 \u20ac auf seinem Konto eingezahlt hat. Am Wochenende, wenn die meisten M\u00e4rkte geschlossen sind, bricht die H\u00f6lle los, aufgrund von, sagen wir, schlechten Nachrichten in Asien. Wenn die B\u00f6rsen am Montagmorgen wieder \u00f6ffnen, w\u00fcrde der resultierende Verlust der H\u00e4ndlerpositionen 2.000 \u20ac betragen &#8211; aber es sind nur 1.000 \u20ac auf dem Handelskonto zur Verf\u00fcgung. In diesem Fall ist der daraus resultierende Verlust f\u00fcr den H\u00e4ndler auf seine Einlage von 1.000 \u20ac begrenzt. Damit ist der H\u00e4ndler vor Verpflichtungen zur Deckung des Restschadens der sogenannten Nachschusspflicht gesch\u00fctzt.<\/p>\n<p><strong>Hebelwirkung auf CFDs <\/strong><\/p>\n<p>Die Hebelwirkung beziehungsweise der Leverage \u2013 Effekt im CFD Handel bietet jedem Trader die M\u00f6glichkeit, seine Investitionsf\u00e4higkeit zu erh\u00f6hen.\u00a0 Mit Leverage kann ein Trader Auftr\u00e4ge bis zu einem Mehrfachen des Wertes seiner Eigenmittel eingehen. Mit anderen Worten, durch Leverage ist der Trader in der Lage gr\u00f6\u00dfere Volumina zu handeln als das im nicht gehebelten klassischen Aktienhandel zum Beispiel m\u00f6glich w\u00e4re.<\/p>\n<p>Probieren Sie den Handel mit CFDs aus und nutzen Sie ein kostenloses <a href=\"https:\/\/portal.bernstein-bank.com\/de\/registration\/demo\"><strong>Demo-Konto<\/strong><\/a> der Bernstein Bank.[\/vc_column_text][\/vc_column_inner][\/vc_row_inner][\/vc_column][vc_column column_padding=&#8220;no-extra-padding&#8220; column_padding_position=&#8220;all&#8220; background_color_opacity=&#8220;1&#8243; background_hover_color_opacity=&#8220;1&#8243; width=&#8220;1\/3&#8243;][vc_raw_html]JTNDZGl2JTIwY2xhc3MlM0QlMjJyb3clMjBXaWRnZXQtYmx1ZS1ib3glMjIlM0UlM0NwJTIwY2xhc3MlM0QlMjJoMiUyMiUzRUxpdmUlMjBLb250byUzQyUyRnAlM0UlM0NwJTNFTSVDMyVCNmNodGVuJTIwU2llJTIwamV0enQlMjBtaXQlMjBkZW0lMjAlM0NiciUyMCUyRiUzRSUyMEhhbmRlbCUyMGJlZ2lubmVuJTNGJTNDJTJGcCUzRSUzQ2ElMjBjbGFzcyUzRCUyMmpzLW1vZGFsJTIwQnV0dG9uJTIwQnV0dG9uLS1wcmltYXJ5JTIwQnV0dG9uLS1ibHVlLWxpZ2h0JTIwQnV0dG9uLS1kYXJrLWJnJTIyJTIwaHJlZiUzRCUyMmh0dHBzJTNBJTJGJTJGcG9ydGFsLmJlcm5zdGVpbi1iYW5rLmNvbSUyRmRlJTJGcmVnaXN0cmF0aW9uJTJGbGl2ZSUyMiUyMGRhdGEtZnVuY3Rpb24lM0QlMjJsaXZlJTIyJTIwZGF0YS1sYWJlbCUzRCUyMkVyJUMzJUI2ZmZuZW4lMjBTaWUlMjBlaW4lMjBMaXZlLUtvbnRvJTIyJTNFJTNDc3BhbiUyMGNsYXNzJTNEJTIyQnV0dG9uLWNvcHklMjIlM0VMaXZlJTIwS29udG8lM0MlMkZzcGFuJTNFJTNDJTJGYSUzRSUzQyUyRmRpdiUzRSUwQSUwQQ==[\/vc_raw_html]<div  class=\"divider\"><\/div>[vc_raw_html]JTNDZGl2JTIwY2xhc3MlM0QlMjJyb3clMjBXaWRnZXQtZ29sZC1ib3glMjIlM0UlM0NwJTIwY2xhc3MlM0QlMjJoMiUyMiUzRURlbW8lMjBLb250byUzQyUyRnAlM0UlM0NwJTNFVGVzdGVuJTIwU2llJTIwdW5zZXJlJTIwUHJvZHVrdGUlMjB1bmQlMjBGZWF0dXJlcyUyMG9obmUlMjBSaXNpa2VuJTNDJTJGcCUzRSUzQ2ElMjBjbGFzcyUzRCUyMmpzLW1vZGFsJTIwQnV0dG9uJTIwQnV0dG9uLS1wcmltYXJ5JTIwQnV0dG9uLS1nb2xkLWxpZ2h0JTIwQnV0dG9uLS1kYXJrLWJnJTIyJTIwaHJlZiUzRCUyMmh0dHBzJTNBJTJGJTJGcG9ydGFsLmJlcm5zdGVpbi1iYW5rLmNvbSUyRmRlJTJGcmVnaXN0cmF0aW9uJTJGZGVtbyUyMiUyMGRhdGEtZnVuY3Rpb24lM0QlMjJsaXZlJTIyJTIwZGF0YS1sYWJlbCUzRCUyMkRlbW8lMjBLb250byUyMiUzRSUzQ3NwYW4lMjBjbGFzcyUzRCUyMkJ1dHRvbi1jb3B5JTIyJTNFRGVtbyUyMEtvbnRvJTNDJTJGc3BhbiUzRSUzQyUyRmElM0UlM0MlMkZkaXYlM0UlMEElMEE=[\/vc_raw_html]<div  class=\"divider\"><\/div>[vc_raw_js]JTNDJTIxLS0lMjBFY29ub21pYyUyMENhbGVuZGFyJTIwV2lkZ2V0JTIwQkVHSU4lMjAtLSUzRSUwQSUzQ3NjcmlwdCUyMGlkJTNEJTIyZWNvbm9taWNDYWxlbmRhcldpZGdldCUyMiUyMHR5cGUlM0QlMjJ0ZXh0JTJGamF2YXNjcmlwdCUyMiUyMHNyYyUzRCUyMmh0dHBzJTNBJTJGJTJGYy5tcWw1LmNvbSUyRmpzJTJGd2lkZ2V0cyUyRmNhbGVuZGFyJTJGd2lkZ2V0LnYxLmpzJTIyJTNFJTNDJTJGc2NyaXB0JTNFJTBBJTNDc2NyaXB0JTIwdHlwZSUzRCUyMnRleHQlMkZqYXZhc2NyaXB0JTIyJTNFJTBBJTIwJTIwJTIwJTIwbmV3JTIwZWNvbm9taWNDYWxlbmRhciUyOCU3QiUyMHdpZHRoJTNBJTIwJTIyMTAwJTI1JTIyJTJDJTIwaGVpZ2h0JTNBJTIwJTIyNDAwJTIyJTJDJTIwbW9kZSUzQSUyMDIlMjAlN0QlMjklM0IlMEElM0MlMkZzY3JpcHQlM0UlMEElM0MlMjEtLSUyMEVjb25vbWljJTIwQ2FsZW5kYXIlMjBXaWRnZXQlMjBFTkQlMjAtLSUzRQ==[\/vc_raw_js][\/vc_column][\/vc_row]\n","protected":false},"excerpt":{"rendered":"<p>[vc_row type=&#8220;in_container&#8220; scene_position=&#8220;center&#8220; text_color=&#8220;dark&#8220; text_align=&#8220;left&#8220; overlay_strength=&#8220;0.3&#8243;][vc_column column_padding=&#8220;no-extra-padding&#8220; column_padding_position=&#8220;all&#8220; background_color_opacity=&#8220;1&#8243; background_hover_color_opacity=&#8220;1&#8243; width=&#8220;2\/3&#8243;][vc_column_text] Beispiele f\u00fcr den CFD Handel [\/vc_column_text][vc_column_text]Funktionsweise eines CFD Ein CFD ist ein Differenzkontrakt (Contract For Difference). Er kann auf&#8230;<\/p>\n","protected":false},"author":37,"featured_media":0,"parent":0,"menu_order":0,"comment_status":"closed","ping_status":"closed","template":"","meta":{"inline_featured_image":false,"footnotes":""},"class_list":["post-13071","page","type-page","status-publish","hentry"],"yoast_head":"<!-- This site is optimized with the Yoast SEO plugin v27.0 - https:\/\/yoast.com\/product\/yoast-seo-wordpress\/ -->\n<title>Beispiele f\u00fcr den CFD Handel | Bernstein Bank<\/title>\n<meta name=\"description\" content=\"Beispiele f\u00fcr den CFD-Handel. CFD-Leverage und Marge. CFDs gewinnen und verlieren den Handel. Hebelwirkung auf den CFD. Verlustschutz mit CFDs.\" \/>\n<meta name=\"robots\" content=\"index, follow, max-snippet:-1, max-image-preview:large, max-video-preview:-1\" \/>\n<link rel=\"canonical\" href=\"https:\/\/bernstein-bank.com\/en\/examples-of-cfd-trading\/\" \/>\n<meta property=\"og:locale\" content=\"de_DE\" \/>\n<meta property=\"og:type\" content=\"article\" \/>\n<meta property=\"og:title\" content=\"Beispiele f\u00fcr den CFD Handel | Bernstein Bank\" \/>\n<meta property=\"og:description\" content=\"Beispiele f\u00fcr den CFD-Handel. CFD-Leverage und Marge. CFDs gewinnen und verlieren den Handel. Hebelwirkung auf den CFD. Verlustschutz mit CFDs.\" \/>\n<meta property=\"og:url\" content=\"https:\/\/bernstein-bank.com\/en\/examples-of-cfd-trading\/\" \/>\n<meta property=\"og:site_name\" content=\"Bernstein Bank\" \/>\n<meta property=\"article:modified_time\" content=\"2019-09-24T10:04:23+00:00\" \/>\n<meta name=\"twitter:card\" content=\"summary_large_image\" \/>\n<meta name=\"twitter:label1\" content=\"Gesch\u00e4tzte Lesezeit\" \/>\n\t<meta name=\"twitter:data1\" content=\"6\u00a0Minuten\" \/>\n<script type=\"application\/ld+json\" class=\"yoast-schema-graph\">{\"@context\":\"https:\/\/schema.org\",\"@graph\":[{\"@type\":\"WebPage\",\"@id\":\"https:\/\/bernstein-bank.com\/en\/examples-of-cfd-trading\/\",\"url\":\"https:\/\/bernstein-bank.com\/en\/examples-of-cfd-trading\/\",\"name\":\"Beispiele f\u00fcr den CFD Handel | Bernstein Bank\",\"isPartOf\":{\"@id\":\"https:\/\/bernstein-bank.com\/en\/#website\"},\"datePublished\":\"2019-09-24T10:02:22+00:00\",\"dateModified\":\"2019-09-24T10:04:23+00:00\",\"description\":\"Beispiele f\u00fcr den CFD-Handel. CFD-Leverage und Marge. CFDs gewinnen und verlieren den Handel. Hebelwirkung auf den CFD. Verlustschutz mit CFDs.\",\"breadcrumb\":{\"@id\":\"https:\/\/bernstein-bank.com\/en\/examples-of-cfd-trading\/#breadcrumb\"},\"inLanguage\":\"de\",\"potentialAction\":[{\"@type\":\"ReadAction\",\"target\":[\"https:\/\/bernstein-bank.com\/en\/examples-of-cfd-trading\/\"]}]},{\"@type\":\"BreadcrumbList\",\"@id\":\"https:\/\/bernstein-bank.com\/en\/examples-of-cfd-trading\/#breadcrumb\",\"itemListElement\":[{\"@type\":\"ListItem\",\"position\":1,\"name\":\"Home\",\"item\":\"https:\/\/bernstein-bank.com\/de\/\"},{\"@type\":\"ListItem\",\"position\":2,\"name\":\"Beispiele f\u00fcr den CFD Handel\"}]},{\"@type\":\"WebSite\",\"@id\":\"https:\/\/bernstein-bank.com\/en\/#website\",\"url\":\"https:\/\/bernstein-bank.com\/en\/\",\"name\":\"Bernstein Bank\",\"description\":\"Bernstein Bank\",\"potentialAction\":[{\"@type\":\"SearchAction\",\"target\":{\"@type\":\"EntryPoint\",\"urlTemplate\":\"https:\/\/bernstein-bank.com\/en\/?s={search_term_string}\"},\"query-input\":{\"@type\":\"PropertyValueSpecification\",\"valueRequired\":true,\"valueName\":\"search_term_string\"}}],\"inLanguage\":\"de\"}]}<\/script>\n<!-- \/ Yoast SEO plugin. -->","yoast_head_json":{"title":"Beispiele f\u00fcr den CFD Handel | Bernstein Bank","description":"Beispiele f\u00fcr den CFD-Handel. CFD-Leverage und Marge. CFDs gewinnen und verlieren den Handel. Hebelwirkung auf den CFD. Verlustschutz mit CFDs.","robots":{"index":"index","follow":"follow","max-snippet":"max-snippet:-1","max-image-preview":"max-image-preview:large","max-video-preview":"max-video-preview:-1"},"canonical":"https:\/\/bernstein-bank.com\/en\/examples-of-cfd-trading\/","og_locale":"de_DE","og_type":"article","og_title":"Beispiele f\u00fcr den CFD Handel | Bernstein Bank","og_description":"Beispiele f\u00fcr den CFD-Handel. CFD-Leverage und Marge. CFDs gewinnen und verlieren den Handel. Hebelwirkung auf den CFD. Verlustschutz mit CFDs.","og_url":"https:\/\/bernstein-bank.com\/en\/examples-of-cfd-trading\/","og_site_name":"Bernstein Bank","article_modified_time":"2019-09-24T10:04:23+00:00","twitter_card":"summary_large_image","twitter_misc":{"Gesch\u00e4tzte Lesezeit":"6\u00a0Minuten"},"schema":{"@context":"https:\/\/schema.org","@graph":[{"@type":"WebPage","@id":"https:\/\/bernstein-bank.com\/en\/examples-of-cfd-trading\/","url":"https:\/\/bernstein-bank.com\/en\/examples-of-cfd-trading\/","name":"Beispiele f\u00fcr den CFD Handel | Bernstein Bank","isPartOf":{"@id":"https:\/\/bernstein-bank.com\/en\/#website"},"datePublished":"2019-09-24T10:02:22+00:00","dateModified":"2019-09-24T10:04:23+00:00","description":"Beispiele f\u00fcr den CFD-Handel. CFD-Leverage und Marge. CFDs gewinnen und verlieren den Handel. Hebelwirkung auf den CFD. Verlustschutz mit CFDs.","breadcrumb":{"@id":"https:\/\/bernstein-bank.com\/en\/examples-of-cfd-trading\/#breadcrumb"},"inLanguage":"de","potentialAction":[{"@type":"ReadAction","target":["https:\/\/bernstein-bank.com\/en\/examples-of-cfd-trading\/"]}]},{"@type":"BreadcrumbList","@id":"https:\/\/bernstein-bank.com\/en\/examples-of-cfd-trading\/#breadcrumb","itemListElement":[{"@type":"ListItem","position":1,"name":"Home","item":"https:\/\/bernstein-bank.com\/de\/"},{"@type":"ListItem","position":2,"name":"Beispiele f\u00fcr den CFD Handel"}]},{"@type":"WebSite","@id":"https:\/\/bernstein-bank.com\/en\/#website","url":"https:\/\/bernstein-bank.com\/en\/","name":"Bernstein Bank","description":"Bernstein Bank","potentialAction":[{"@type":"SearchAction","target":{"@type":"EntryPoint","urlTemplate":"https:\/\/bernstein-bank.com\/en\/?s={search_term_string}"},"query-input":{"@type":"PropertyValueSpecification","valueRequired":true,"valueName":"search_term_string"}}],"inLanguage":"de"}]}},"_links":{"self":[{"href":"https:\/\/bernstein-bank.com\/de\/wp-json\/wp\/v2\/pages\/13071","targetHints":{"allow":["GET"]}}],"collection":[{"href":"https:\/\/bernstein-bank.com\/de\/wp-json\/wp\/v2\/pages"}],"about":[{"href":"https:\/\/bernstein-bank.com\/de\/wp-json\/wp\/v2\/types\/page"}],"author":[{"embeddable":true,"href":"https:\/\/bernstein-bank.com\/de\/wp-json\/wp\/v2\/users\/37"}],"replies":[{"embeddable":true,"href":"https:\/\/bernstein-bank.com\/de\/wp-json\/wp\/v2\/comments?post=13071"}],"version-history":[{"count":0,"href":"https:\/\/bernstein-bank.com\/de\/wp-json\/wp\/v2\/pages\/13071\/revisions"}],"wp:attachment":[{"href":"https:\/\/bernstein-bank.com\/de\/wp-json\/wp\/v2\/media?parent=13071"}],"curies":[{"name":"wp","href":"https:\/\/api.w.org\/{rel}","templated":true}]}}