{"id":13076,"date":"2019-09-24T15:37:34","date_gmt":"2019-09-24T13:37:34","guid":{"rendered":"https:\/\/bernstein-bank.com\/?page_id=13076\/"},"modified":"2019-09-24T15:40:50","modified_gmt":"2019-09-24T13:40:50","slug":"wie-kann-man-mit-forex-handeln","status":"publish","type":"page","link":"https:\/\/bernstein-bank.com\/de\/wie-kann-man-mit-forex-handeln\/","title":{"rendered":"Wie kann man mit Forex handeln?"},"content":{"rendered":"[vc_row type=&#8220;in_container&#8220; scene_position=&#8220;center&#8220; text_color=&#8220;dark&#8220; text_align=&#8220;left&#8220; overlay_strength=&#8220;0.3&#8243;][vc_column column_padding=&#8220;no-extra-padding&#8220; column_padding_position=&#8220;all&#8220; background_color_opacity=&#8220;1&#8243; background_hover_color_opacity=&#8220;1&#8243; width=&#8220;2\/3&#8243;][vc_column_text]\n<h1>Wie kann man mit Forex handeln?<\/h1>\n[\/vc_column_text]<div  class=\"divider\"><\/div><div  class=\"divider\"><\/div>[vc_column_text]Der Forex-Markt ist von Natur aus global aufgestellt und wickelt t\u00e4glich Millionen und Abermillionen von Transaktionen \u00fcber mehrere W\u00e4hrungspaare hinweg ab. Was sind das f\u00fcr Paare? Wie kann man eine vern\u00fcnftige Wahl der W\u00e4hrungen treffen, um mit dem Forex-Handel zu arbeiten? Wie arbeitet ein durchschnittlicher Forex-H\u00e4ndler oder Forex-Broker jeden Tag, um Einnahmen zu erzielen?<\/p>\n<p>Die Devisen (FX) qualifizieren per Definition einen Bereich der Finanzindustrie, in der Investoren W\u00e4hrungen in \u00dcbereinstimmung mit Abweichungen der Wechselkurse kaufen und verkaufen k\u00f6nnen. Ein solcher Vorgang bedeutet, dass die Verm\u00f6genswerte paarweise ge- und verkauft werden. So wird der Preis jeder W\u00e4hrung in Relation zu einer anderen W\u00e4hrung ermittelt. Der Kurs, der diese Korrelation ausdr\u00fcckt, wird allgemein als Wechselkurs bezeichnet. Es gibt zum Beispiel das EUR\/USD-Paar, das Euro und US-Dollar beinhaltet. Jedes W\u00e4hrungspaar hat einen schwankenden Preis bzw. Kurs, der die Kosten f\u00fcr den Kauf und den Verkauf einer W\u00e4hrung ausdr\u00fcckt. Nehmen wir an, der EUR\/USD-Preis betr\u00e4gt 1,12 $. Das bedeutet, dass du f\u00fcr 1\u20ac $1,12 kaufen kannst. Das Gegenteil ist ebenfalls der Fall: Um \u20ac1 zu kaufen, m\u00fcssen $1,12 bezahlt werden. So funktioniert der W\u00e4hrungshandel, der allgemein Forex genannt wird. Mit einem Forex-Broker wie der Bernstein Bank besteht die M\u00f6glichkeit Dutzende von W\u00e4hrungspaaren handeln zu k\u00f6nnen.[\/vc_column_text]<div  class=\"divider\"><\/div>[vc_row_inner][vc_column_inner column_padding=&#8220;padding-4-percent&#8220; column_padding_position=&#8220;all&#8220; background_color=&#8220;#f2f2f2&#8243; background_color_opacity=&#8220;1&#8243; width=&#8220;1\/1&#8243;][vc_column_text]<strong>Hebelwirkung im Devisenhandel<\/strong><\/p>\n<p>Das Konzept der Hebelwirkung ist allgegenw\u00e4rtig im Forex Handel. Was genau bedeutet Hebelwirkung? Leverage (wie die Hebelwirkung an der B\u00f6rse genannt wird) ist ein Mechanismus, der es allen Forex-H\u00e4ndlern erm\u00f6glicht, Positionen einzunehmen, unabh\u00e4ngig davon, ob sie kaufen oder verkaufen, die deutlich h\u00f6her sind als die Mittel, die sie auf ihrem Konto zur Verf\u00fcgung haben. Dieses Verh\u00e4ltnis stellen Broker in der Regel auf ihren Handelsplattformen oder Websites dar.<\/p>\n<p>Die Hebelwirkung variiert zwischen 2:1 und 1000:1 auf dem Devisenmarkt. Mit anderen Worten, mit einem Hebel von 500:1 haben Sie die M\u00f6glichkeit, eine Position einzunehmen, die 500 mal gr\u00f6\u00dfer ist als Ihr tats\u00e4chliches Kapital. Dieser Mechanismus erm\u00f6glicht es Ihnen, gr\u00f6\u00dfere Gewinne zu erzielen, wenn Sie eine gute Performance im Devisenhandel erzielen. Im Gegenzug verursacht der Leverage-Effekt auch bei Entscheidungen am Devisenmarkt die gegen Sie laufen, erhebliche Verluste.[\/vc_column_text][\/vc_column_inner][\/vc_row_inner]<div  class=\"divider\"><\/div>[vc_row_inner][vc_column_inner column_padding=&#8220;no-extra-padding&#8220; column_padding_position=&#8220;all&#8220; background_color_opacity=&#8220;1&#8243; width=&#8220;1\/1&#8243;][vc_column_text]Der Leverage-Effekt h\u00e4ngt von mehreren Faktoren ab:<\/p>\n<p><strong>Der Regulierung: <\/strong>Abh\u00e4ngig von nationalem oder internationalem Recht kann der Leverage begrenzt sein. Dies geht Hand in Hand mit dem Verbraucherschutz f\u00fcr den Kunden.<\/p>\n<p><strong>Der Broker: <\/strong>Abh\u00e4ngig vom gew\u00e4hlten Broker kann der Leverage unterschiedlich in seiner H\u00f6he sein.<\/p>\n<p><strong>Die Anlagestrategie: <\/strong>Es liegt auch an Ihnen, wie viel Hebelwirkung Sie f\u00fcr den Handel verwenden wollen oder mit welchem Hebel Sie sich sicher und wohl f\u00fchlen.<\/p>\n<p>In der Regel bittet der Broker einen H\u00e4ndler um eine Mindesteinlage um ihm einen bestimmten Hebel zur Verf\u00fcgung stellen zu k\u00f6nnen. Nehmen wir an der Leverage betr\u00e4gt 50: 1. Der Trader m\u00f6chte eine Position f\u00fcr 50.000 Euro einnehmen, hat aber nur 1000 Euro auf seinem Konto hinterlegt. Mit seiner Einlage von \u20ac1000 erm\u00f6glicht der Broker dem Trader, das bis zu 50-fache seiner Einlage (entsprechend dem Leverage-Effekt), d.h. \u20ac50 000, handeln zu k\u00f6nnen. In diesem Fall werden die Gewinne, die ein Trader erzielt, seinem Konto gutgeschrieben. Bitte beachten Sie, dass auch Verluste in \u00e4hnlicher Weise ber\u00fccksichtigt werden m\u00fcssen.<\/p>\n<p>Angesichts der Risiken, die mit der Nutzung des Forex-Handels verbunden sind, haben die Broker eine Reihe von Beschr\u00e4nkungen eingef\u00fchrt, um Kundenverluste zu minimieren, so dass ein Trader im Falle eines Verlusts nicht mehr verliert, als er auf seinem Konto hat. Sollte diese Bedingung zum Kundenschutz nicht vom jeweiligen Broker abgedeckt sein, muss der Broker einen Margin Call durchf\u00fchren und den Trader auffordern, den Betrag zur Deckung seiner Positionen einzuzahlen. Wenn Sie mit einem Broker wie der Bernstein Bank zusammen arbeiten, haben Sie jederzeit die volle Kontrolle \u00fcber Ihr Positionsrisiko und Ihre Marginanforderung. \u00dcber Stop-Loss k\u00f6nnen Sie ihre jeweilige Position absichern. Die meisten Broker haben minimale Marginanforderungen, die von 2% (oder 50: 1) bis 10% (10: 1) oder mehr f\u00fcr kleinere W\u00e4hrungspaare reichen k\u00f6nnen.[\/vc_column_text][\/vc_column_inner][\/vc_row_inner]<div  class=\"divider\"><\/div>[vc_row_inner][vc_column_inner column_padding=&#8220;padding-4-percent&#8220; column_padding_position=&#8220;all&#8220; background_color=&#8220;#f2f2f2&#8243; background_color_opacity=&#8220;1&#8243; width=&#8220;1\/1&#8243;][vc_column_text]<strong>Hebelwirkung und Margin<\/strong><\/p>\n<p>Die Margin wird entsprechend dem Hebel berechnet. Es handelt sich um einen Betrag, der f\u00fcr den jeweiligen Handel einer bestimmten Position vom Broker gefordert wird und w\u00e4hrend der Zeit, in der die Position offen ist blockiert wird.<\/p>\n<p>Handeln ohne Leverage (1:1)<\/p>\n<p>Um es einfach zu machen und zu verstehen, was Margin ist, lassen wir die Hebelwirkung f\u00fcr einen Moment beiseite und gehen davon aus, dass wir mit 1:1 Hebel (d.h. ohne Hebel) handeln. Wenn Sie zum Beispiel $10.000 auf Ihrem Handelskonto haben und EUR\/USD f\u00fcr $5.000 (oder 0,05 Lots) kaufen, wie viele Dollar m\u00fcssen Sie f\u00fcr diese Position finterlegen?<\/p>\n<p>Das W\u00e4hrungspaar EUR\/USD notiert bei 1,12197.\u00a0 Das bedeutet, dass ein Euro 1,12197 $ entspricht. Wenn Sie also ohne Hebel (1:1) 5.000 \u20ac kaufen wollen, m\u00fcssen Sie 5609,85 $ hinterlegen, denn 5.000 \u20ac = 5.000 $*1,12197 = 5609,85 $.<\/p>\n<p>Wenn Sie EUR\/USD f\u00fcr \u20ac5.000 kaufen, m\u00fcssen Sie $5609,85 haben, die von Ihrem Broker mobilisiert werden, um Ihre Position zu decken, es ist dieser Betrag von $5609,85, der als Margin bezeichnet wird. Wenn Sie Ihre Position schlie\u00dfen, wird dieser Betrag von Ihrem Forex-Broker freigegeben und ihre Position ist am Markt geschlossen.<\/p>\n<p>Beispiel mit einer Hebelwirkung von 500: 1<\/p>\n<p>Gehen Sie nun davon aus, dass Ihr Handelskonto 500:1 Leverage hat. Um 5.000 \u20ac zu kaufen, m\u00fcssen Sie lediglich 1\/500stel oder 0,002 des Betrags zahlen, den Sie im vorherigen Beispiel ben\u00f6tigt haben, wenn Sie ohne Leverage gehandelt haben. Um \u20ac5.000 zu kaufen, ben\u00f6tigen Sie $5609,85*0.002 = $ 11,21. Nur $11,21 sind als Margin erforderlich, um 5.000 \u20ac investieren zu k\u00f6nnen.<\/p>\n<p>Der Leverage-Effekt erm\u00f6glicht es, die Gr\u00f6\u00dfe der Investitionen an den Finanzm\u00e4rkten deutlich zu erh\u00f6hen. Diese Eigenschaft von Devisenbrokern, die CFDs Anlageprodukte anbieten, erkl\u00e4rt ihren Erfolg, da sie den Handel auf den Finanzm\u00e4rkten erm\u00f6glichen und von ihnen ohne gro\u00dfe Investitionen profitieren. Die Hebelwirkung erfordert jedoch viel Kontrolle, es ist ein zweischneidiges Schwert, das Gewinne vervielfachen, aber gleichzeitig auch erhebliche finanzielle Verluste verursachen kann.[\/vc_column_text][\/vc_column_inner][\/vc_row_inner]<div  class=\"divider\"><\/div>[vc_row_inner][vc_column_inner column_padding=&#8220;no-extra-padding&#8220; column_padding_position=&#8220;all&#8220; background_color_opacity=&#8220;1&#8243; width=&#8220;1\/1&#8243;][vc_column_text]<strong>Definition von Pips, Lots und Spreads<\/strong><\/p>\n<p>Der Einstieg in den Devisenhandel erfordert ein Minimum an Wissen und Beherrschung der Grundlagen dieses Marktes. Pips, Lots und Spreads sind einige der wichtigsten Begriffe in diesem Bereich.<\/p>\n<p>Ein Pip: Standardeinheit der Preisschwankung<\/p>\n<p>Ein Pip ist die kleinste Kurs\u00e4nderung eines W\u00e4hrungspaares, die sie auf B\u00f6rsenplattformen, wie zum Beispiel dem MetaTrader, der von Brokern wie der Bernstein Bank kostenfrei angeboten wird sehen k\u00f6nnen. Per Definition entspricht ein Pip 1:1000 oder 0,0001, unabh\u00e4ngig vom W\u00e4hrungspaar. Pips, die auf Parit\u00e4ten, einschlie\u00dflich des japanischen Yen, angewendet werden, haben eine Ausnahme, da die japanische W\u00e4hrung f\u00fcr den weltweiten W\u00e4hrungshandel untypisch ist. Der Pip entspricht 0,01 oder 1:100, so dass das Verh\u00e4ltnis zwischen den Hauptw\u00e4hrungen und dem Yen oft einem Quotienten von 100 entspricht.<\/p>\n<p>Definition von Lots<\/p>\n<p>Im Allgemeinen betr\u00e4gt das Handelsvolumen eines Lots 100.000 Einheiten der jeweiligen W\u00e4hrung. Es gibt dar\u00fcber hinaus noch Minilots und Microlots, die aus 10.000 bzw. 1.000 Einheiten der W\u00e4hrung bestehen. Mit Hilfe der Lotgr\u00f6\u00dfen kann schnell der Wert eines Pip f\u00fcr ein bestimmtes W\u00e4hrungspaar berechnet werden. Au\u00dferdem erm\u00f6glichen Lots eine schnelle Bewertung von Verlusten und Gewinnen im Devisenhandel.[\/vc_column_text][\/vc_column_inner][\/vc_row_inner]<div  class=\"divider\"><\/div><div class=\"img-with-aniamtion-wrap center\"><img decoding=\"async\" class=\"img-with-animation \" data-delay=\"0\" height=\"100%\" width=\"100%\" data-animation=\"none\" src=\"https:\/\/bernstein-bank.azureedge.net\/wp-content\/uploads\/2019\/09\/forex-definition-der-lotgroessen.jpg\" alt=\"Forex Definition der Lotg\u00f6\u00dfen\" \/><\/div><div  class=\"divider\"><\/div>[vc_column_text]<strong>Spreads<\/strong><\/p>\n<p>Das Spread-Konzept ist eng mit der Definition von Pips verbunden. Insbesondere bestimmt der Spread die Differenz zwischen dem Verkaufspreis und dem Kaufpreis einer W\u00e4hrung, wobei diese Preise von einem Broker frei definiert werden k\u00f6nnen. Der Spread entspricht in diesem Fall den von einem Broker geforderten Transaktionsgeb\u00fchren. Spreads k\u00f6nnen je nach Handelsplattform variabel oder fix sein.<\/p>\n<p>Auf den Handelsplattformen werden die Spreads durch zwei nebeneinander gestellte Kurse dargestellt, z.B. EUR\/USD: 1.2906\/1.2909. Der Preis auf der linken Seite, der auch Bid genannt wird, ist der Preis, mit dem sich ein Broker bereit erkl\u00e4rt, die Basisw\u00e4hrung von einem Trader zu kaufen. Der Preis auf der rechten Seite, auch Ask genannt, ist der Preis, zu dem sich ein Broker verpflichtet, die gleiche Basisw\u00e4hrung zu verkaufen. Der Spread entspricht der Differenz zwischen diesen beiden Preisen, ausgedr\u00fcckt in Pips.[\/vc_column_text]<div  class=\"divider\"><\/div><div class=\"img-with-aniamtion-wrap center\"><img decoding=\"async\" class=\"img-with-animation \" data-delay=\"0\" height=\"100%\" width=\"100%\" data-animation=\"none\" src=\"https:\/\/bernstein-bank.azureedge.net\/wp-content\/uploads\/2019\/09\/forex-spread-de.jpg\" alt=\"Das Spread-Konzept\" \/><\/div>[\/vc_column][vc_column column_padding=&#8220;no-extra-padding&#8220; column_padding_position=&#8220;all&#8220; background_color_opacity=&#8220;1&#8243; background_hover_color_opacity=&#8220;1&#8243; width=&#8220;1\/3&#8243;][vc_raw_html]JTNDZGl2JTIwY2xhc3MlM0QlMjJyb3clMjBXaWRnZXQtYmx1ZS1ib3glMjIlM0UlM0NwJTIwY2xhc3MlM0QlMjJoMiUyMiUzRUxpdmUlMjBLb250byUzQyUyRnAlM0UlM0NwJTNFTSVDMyVCNmNodGVuJTIwU2llJTIwamV0enQlMjBtaXQlMjBkZW0lMjAlM0NiciUyMCUyRiUzRSUyMEhhbmRlbCUyMGJlZ2lubmVuJTNGJTNDJTJGcCUzRSUzQ2ElMjBjbGFzcyUzRCUyMmpzLW1vZGFsJTIwQnV0dG9uJTIwQnV0dG9uLS1wcmltYXJ5JTIwQnV0dG9uLS1ibHVlLWxpZ2h0JTIwQnV0dG9uLS1kYXJrLWJnJTIyJTIwaHJlZiUzRCUyMmh0dHBzJTNBJTJGJTJGcG9ydGFsLmJlcm5zdGVpbi1iYW5rLmNvbSUyRmRlJTJGcmVnaXN0cmF0aW9uJTJGbGl2ZSUyMiUyMGRhdGEtZnVuY3Rpb24lM0QlMjJsaXZlJTIyJTIwZGF0YS1sYWJlbCUzRCUyMkVyJUMzJUI2ZmZuZW4lMjBTaWUlMjBlaW4lMjBMaXZlLUtvbnRvJTIyJTNFJTNDc3BhbiUyMGNsYXNzJTNEJTIyQnV0dG9uLWNvcHklMjIlM0VMaXZlJTIwS29udG8lM0MlMkZzcGFuJTNFJTNDJTJGYSUzRSUzQyUyRmRpdiUzRSUwQSUwQQ==[\/vc_raw_html]<div  class=\"divider\"><\/div>[vc_raw_html]JTNDZGl2JTIwY2xhc3MlM0QlMjJyb3clMjBXaWRnZXQtZ29sZC1ib3glMjIlM0UlM0NwJTIwY2xhc3MlM0QlMjJoMiUyMiUzRURlbW8lMjBLb250byUzQyUyRnAlM0UlM0NwJTNFVGVzdGVuJTIwU2llJTIwdW5zZXJlJTIwUHJvZHVrdGUlMjB1bmQlMjBGZWF0dXJlcyUyMG9obmUlMjBSaXNpa2VuJTNDJTJGcCUzRSUzQ2ElMjBjbGFzcyUzRCUyMmpzLW1vZGFsJTIwQnV0dG9uJTIwQnV0dG9uLS1wcmltYXJ5JTIwQnV0dG9uLS1nb2xkLWxpZ2h0JTIwQnV0dG9uLS1kYXJrLWJnJTIyJTIwaHJlZiUzRCUyMmh0dHBzJTNBJTJGJTJGcG9ydGFsLmJlcm5zdGVpbi1iYW5rLmNvbSUyRmRlJTJGcmVnaXN0cmF0aW9uJTJGZGVtbyUyMiUyMGRhdGEtZnVuY3Rpb24lM0QlMjJsaXZlJTIyJTIwZGF0YS1sYWJlbCUzRCUyMkRlbW8lMjBLb250byUyMiUzRSUzQ3NwYW4lMjBjbGFzcyUzRCUyMkJ1dHRvbi1jb3B5JTIyJTNFRGVtbyUyMEtvbnRvJTNDJTJGc3BhbiUzRSUzQyUyRmElM0UlM0MlMkZkaXYlM0UlMEElMEE=[\/vc_raw_html]<div  class=\"divider\"><\/div>[vc_raw_js]JTNDJTIxLS0lMjBFY29ub21pYyUyMENhbGVuZGFyJTIwV2lkZ2V0JTIwQkVHSU4lMjAtLSUzRSUwQSUzQ3NjcmlwdCUyMGlkJTNEJTIyZWNvbm9taWNDYWxlbmRhcldpZGdldCUyMiUyMHR5cGUlM0QlMjJ0ZXh0JTJGamF2YXNjcmlwdCUyMiUyMHNyYyUzRCUyMmh0dHBzJTNBJTJGJTJGYy5tcWw1LmNvbSUyRmpzJTJGd2lkZ2V0cyUyRmNhbGVuZGFyJTJGd2lkZ2V0LnYxLmpzJTIyJTNFJTNDJTJGc2NyaXB0JTNFJTBBJTNDc2NyaXB0JTIwdHlwZSUzRCUyMnRleHQlMkZqYXZhc2NyaXB0JTIyJTNFJTBBJTIwJTIwJTIwJTIwbmV3JTIwZWNvbm9taWNDYWxlbmRhciUyOCU3QiUyMHdpZHRoJTNBJTIwJTIyMTAwJTI1JTIyJTJDJTIwaGVpZ2h0JTNBJTIwJTIyNDAwJTIyJTJDJTIwbW9kZSUzQSUyMDIlMjAlN0QlMjklM0IlMEElM0MlMkZzY3JpcHQlM0UlMEElM0MlMjEtLSUyMEVjb25vbWljJTIwQ2FsZW5kYXIlMjBXaWRnZXQlMjBFTkQlMjAtLSUzRQ==[\/vc_raw_js][\/vc_column][\/vc_row]\n","protected":false},"excerpt":{"rendered":"<p>[vc_row type=&#8220;in_container&#8220; scene_position=&#8220;center&#8220; text_color=&#8220;dark&#8220; text_align=&#8220;left&#8220; overlay_strength=&#8220;0.3&#8243;][vc_column column_padding=&#8220;no-extra-padding&#8220; column_padding_position=&#8220;all&#8220; background_color_opacity=&#8220;1&#8243; background_hover_color_opacity=&#8220;1&#8243; width=&#8220;2\/3&#8243;][vc_column_text] Wie kann man mit Forex handeln? [\/vc_column_text][vc_column_text]Der Forex-Markt ist von Natur aus global aufgestellt und wickelt t\u00e4glich Millionen und&#8230;<\/p>\n","protected":false},"author":37,"featured_media":0,"parent":0,"menu_order":0,"comment_status":"closed","ping_status":"closed","template":"","meta":{"inline_featured_image":false,"footnotes":""},"class_list":["post-13076","page","type-page","status-publish","hentry"],"yoast_head":"<!-- This site is optimized with the Yoast SEO plugin v27.0 - https:\/\/yoast.com\/product\/yoast-seo-wordpress\/ -->\n<title>Wie kann man mit Forex handeln? | Bernstein Bank<\/title>\n<meta name=\"description\" content=\"Forex f\u00fcr Anf\u00e4nger. Erfahren Sie, wie ein kluger Devisenh\u00e4ndler handeln sollte, um einen erfolgreichen Devisenhandel durchzuf\u00fchren.\" \/>\n<meta name=\"robots\" content=\"index, follow, max-snippet:-1, max-image-preview:large, max-video-preview:-1\" \/>\n<link rel=\"canonical\" href=\"https:\/\/bernstein-bank.com\/en\/how-to-trade-forex\/\" \/>\n<meta property=\"og:locale\" content=\"de_DE\" \/>\n<meta property=\"og:type\" content=\"article\" \/>\n<meta property=\"og:title\" content=\"Wie kann man mit Forex handeln? | Bernstein Bank\" \/>\n<meta property=\"og:description\" content=\"Forex f\u00fcr Anf\u00e4nger. Erfahren Sie, wie ein kluger Devisenh\u00e4ndler handeln sollte, um einen erfolgreichen Devisenhandel durchzuf\u00fchren.\" \/>\n<meta property=\"og:url\" content=\"https:\/\/bernstein-bank.com\/en\/how-to-trade-forex\/\" \/>\n<meta property=\"og:site_name\" content=\"Bernstein Bank\" \/>\n<meta property=\"article:modified_time\" content=\"2019-09-24T13:40:50+00:00\" \/>\n<meta name=\"twitter:card\" content=\"summary_large_image\" \/>\n<meta name=\"twitter:label1\" content=\"Gesch\u00e4tzte Lesezeit\" \/>\n\t<meta name=\"twitter:data1\" content=\"9\u00a0Minuten\" \/>\n<script type=\"application\/ld+json\" class=\"yoast-schema-graph\">{\"@context\":\"https:\/\/schema.org\",\"@graph\":[{\"@type\":\"WebPage\",\"@id\":\"https:\/\/bernstein-bank.com\/en\/how-to-trade-forex\/\",\"url\":\"https:\/\/bernstein-bank.com\/en\/how-to-trade-forex\/\",\"name\":\"Wie kann man mit Forex handeln? | Bernstein Bank\",\"isPartOf\":{\"@id\":\"https:\/\/bernstein-bank.com\/en\/#website\"},\"datePublished\":\"2019-09-24T13:37:34+00:00\",\"dateModified\":\"2019-09-24T13:40:50+00:00\",\"description\":\"Forex f\u00fcr Anf\u00e4nger. Erfahren Sie, wie ein kluger Devisenh\u00e4ndler handeln sollte, um einen erfolgreichen Devisenhandel durchzuf\u00fchren.\",\"breadcrumb\":{\"@id\":\"https:\/\/bernstein-bank.com\/en\/how-to-trade-forex\/#breadcrumb\"},\"inLanguage\":\"de\",\"potentialAction\":[{\"@type\":\"ReadAction\",\"target\":[\"https:\/\/bernstein-bank.com\/en\/how-to-trade-forex\/\"]}]},{\"@type\":\"BreadcrumbList\",\"@id\":\"https:\/\/bernstein-bank.com\/en\/how-to-trade-forex\/#breadcrumb\",\"itemListElement\":[{\"@type\":\"ListItem\",\"position\":1,\"name\":\"Home\",\"item\":\"https:\/\/bernstein-bank.com\/de\/\"},{\"@type\":\"ListItem\",\"position\":2,\"name\":\"Wie kann man mit Forex handeln?\"}]},{\"@type\":\"WebSite\",\"@id\":\"https:\/\/bernstein-bank.com\/en\/#website\",\"url\":\"https:\/\/bernstein-bank.com\/en\/\",\"name\":\"Bernstein Bank\",\"description\":\"Bernstein Bank\",\"potentialAction\":[{\"@type\":\"SearchAction\",\"target\":{\"@type\":\"EntryPoint\",\"urlTemplate\":\"https:\/\/bernstein-bank.com\/en\/?s={search_term_string}\"},\"query-input\":{\"@type\":\"PropertyValueSpecification\",\"valueRequired\":true,\"valueName\":\"search_term_string\"}}],\"inLanguage\":\"de\"}]}<\/script>\n<!-- \/ Yoast SEO plugin. -->","yoast_head_json":{"title":"Wie kann man mit Forex handeln? | Bernstein Bank","description":"Forex f\u00fcr Anf\u00e4nger. Erfahren Sie, wie ein kluger Devisenh\u00e4ndler handeln sollte, um einen erfolgreichen Devisenhandel durchzuf\u00fchren.","robots":{"index":"index","follow":"follow","max-snippet":"max-snippet:-1","max-image-preview":"max-image-preview:large","max-video-preview":"max-video-preview:-1"},"canonical":"https:\/\/bernstein-bank.com\/en\/how-to-trade-forex\/","og_locale":"de_DE","og_type":"article","og_title":"Wie kann man mit Forex handeln? | Bernstein Bank","og_description":"Forex f\u00fcr Anf\u00e4nger. Erfahren Sie, wie ein kluger Devisenh\u00e4ndler handeln sollte, um einen erfolgreichen Devisenhandel durchzuf\u00fchren.","og_url":"https:\/\/bernstein-bank.com\/en\/how-to-trade-forex\/","og_site_name":"Bernstein Bank","article_modified_time":"2019-09-24T13:40:50+00:00","twitter_card":"summary_large_image","twitter_misc":{"Gesch\u00e4tzte Lesezeit":"9\u00a0Minuten"},"schema":{"@context":"https:\/\/schema.org","@graph":[{"@type":"WebPage","@id":"https:\/\/bernstein-bank.com\/en\/how-to-trade-forex\/","url":"https:\/\/bernstein-bank.com\/en\/how-to-trade-forex\/","name":"Wie kann man mit Forex handeln? | Bernstein Bank","isPartOf":{"@id":"https:\/\/bernstein-bank.com\/en\/#website"},"datePublished":"2019-09-24T13:37:34+00:00","dateModified":"2019-09-24T13:40:50+00:00","description":"Forex f\u00fcr Anf\u00e4nger. Erfahren Sie, wie ein kluger Devisenh\u00e4ndler handeln sollte, um einen erfolgreichen Devisenhandel durchzuf\u00fchren.","breadcrumb":{"@id":"https:\/\/bernstein-bank.com\/en\/how-to-trade-forex\/#breadcrumb"},"inLanguage":"de","potentialAction":[{"@type":"ReadAction","target":["https:\/\/bernstein-bank.com\/en\/how-to-trade-forex\/"]}]},{"@type":"BreadcrumbList","@id":"https:\/\/bernstein-bank.com\/en\/how-to-trade-forex\/#breadcrumb","itemListElement":[{"@type":"ListItem","position":1,"name":"Home","item":"https:\/\/bernstein-bank.com\/de\/"},{"@type":"ListItem","position":2,"name":"Wie kann man mit Forex handeln?"}]},{"@type":"WebSite","@id":"https:\/\/bernstein-bank.com\/en\/#website","url":"https:\/\/bernstein-bank.com\/en\/","name":"Bernstein Bank","description":"Bernstein Bank","potentialAction":[{"@type":"SearchAction","target":{"@type":"EntryPoint","urlTemplate":"https:\/\/bernstein-bank.com\/en\/?s={search_term_string}"},"query-input":{"@type":"PropertyValueSpecification","valueRequired":true,"valueName":"search_term_string"}}],"inLanguage":"de"}]}},"_links":{"self":[{"href":"https:\/\/bernstein-bank.com\/de\/wp-json\/wp\/v2\/pages\/13076","targetHints":{"allow":["GET"]}}],"collection":[{"href":"https:\/\/bernstein-bank.com\/de\/wp-json\/wp\/v2\/pages"}],"about":[{"href":"https:\/\/bernstein-bank.com\/de\/wp-json\/wp\/v2\/types\/page"}],"author":[{"embeddable":true,"href":"https:\/\/bernstein-bank.com\/de\/wp-json\/wp\/v2\/users\/37"}],"replies":[{"embeddable":true,"href":"https:\/\/bernstein-bank.com\/de\/wp-json\/wp\/v2\/comments?post=13076"}],"version-history":[{"count":0,"href":"https:\/\/bernstein-bank.com\/de\/wp-json\/wp\/v2\/pages\/13076\/revisions"}],"wp:attachment":[{"href":"https:\/\/bernstein-bank.com\/de\/wp-json\/wp\/v2\/media?parent=13076"}],"curies":[{"name":"wp","href":"https:\/\/api.w.org\/{rel}","templated":true}]}}