{"id":13080,"date":"2019-09-24T16:26:09","date_gmt":"2019-09-24T14:26:09","guid":{"rendered":"https:\/\/bernstein-bank.com\/?page_id=13080\/"},"modified":"2019-09-24T16:27:49","modified_gmt":"2019-09-24T14:27:49","slug":"wesentliche-grundsaetze-des-cfd-handels","status":"publish","type":"page","link":"https:\/\/bernstein-bank.com\/de\/wesentliche-grundsaetze-des-cfd-handels\/","title":{"rendered":"Wesentliche Grunds\u00e4tze des CFD-Handels"},"content":{"rendered":"[vc_row type=&#8220;in_container&#8220; scene_position=&#8220;center&#8220; text_color=&#8220;dark&#8220; text_align=&#8220;left&#8220; overlay_strength=&#8220;0.3&#8243;][vc_column column_padding=&#8220;no-extra-padding&#8220; column_padding_position=&#8220;all&#8220; background_color_opacity=&#8220;1&#8243; background_hover_color_opacity=&#8220;1&#8243; width=&#8220;2\/3&#8243;][vc_column_text]\n<h1>Wesentliche Grunds\u00e4tze des CFD-Handels<\/h1>\n[\/vc_column_text]<div  class=\"divider\"><\/div><div  class=\"divider\"><\/div>[vc_column_text]Wenn Sie ein Trader sind, der Informationen \u00fcber verschiedene Finanzinstrumente und M\u00f6glichkeiten zur Erweiterung des Handelshorizonts, haben wir hier einen umfassenden CFD-Leitfaden f\u00fcr Sie zusammengestellt. Die folgenden Abs\u00e4tze sind sicherlich n\u00fctzlich f\u00fcr einen Anf\u00e4nger, der mehr \u00fcber die Grundlagen des Handels und des CFDs als Finanzinstrument erfahren m\u00f6chte. Diese Informationen sind aber auch f\u00fcr einen erfahrenen CFD-H\u00e4ndler interessant, der sein Wissen \u00fcber Online-Investitionen systematisieren und einige der Grundprinzipien des Aktienhandels noch einmal \u00fcberpr\u00fcfen m\u00f6chte.<\/p>\n<p>CFDs sind als Differenzkontrakte definiert. F\u00fcr den Handel mit CFDs muss ein H\u00e4ndler CFDs kaufen und verkaufen. Es handelt sich hierbei um Derivate, die es einem H\u00e4ndler erm\u00f6glichen, an M\u00e4rkten wie Devisen, Rohstoffen, Aktien oder Indizes zu handeln, ohne dass er diese jedoch physisch kaufen oder als physischer Basiswert verkaufen muss. Diese Art von Handel hebt sich vom klassischen Aktienhandel ab, sei es beim Kapitalaufwand oder bei den Rechten eines Aktion\u00e4rs. Dennoch bietet es einem H\u00e4ndler die M\u00f6glichkeit, einen Verm\u00f6genswert zu kaufen und zu verkaufen und dadurch die tats\u00e4chliche Differenz zwischen den Kauf- und Verkaufspreisen der Transaktion zu gewinnen oder zu verlieren.<\/p>\n<p>Ein entscheidendes Merkmal des CFD-Handel ist, dass jeder Trader aus Kursschwankungen in beide Richtungen (in Richtung steigender M\u00e4rkte und fallender M\u00e4rkte) entsprechend der Richtigkeit seiner Prognosen Profite erzielen kann.[\/vc_column_text]<div  class=\"divider\"><\/div><div class=\"img-with-aniamtion-wrap center\"><img decoding=\"async\" class=\"img-with-animation \" data-delay=\"0\" height=\"100%\" width=\"100%\" data-animation=\"fade-in\" src=\"https:\/\/bernstein-bank.azureedge.net\/wp-content\/uploads\/2019\/09\/Prinzip-des-CFD-Handels.jpg\" alt=\"Prinzip-des-CFD-Handels\" \/><\/div><div  class=\"divider\"><\/div>[vc_column_text]Lassen Sie uns die Kernpunkte eines CFD genauer betrachten, indem wir die folgenden Begriffe erl\u00e4utern:<\/p>\n<ul>\n<li>Long und Short CFD Handel<\/li>\n<li>Margin<\/li>\n<li>Absicherung<\/li>\n<li>Gehebelter Handel (Leverage)<\/li>\n<\/ul>\n<p><strong>CFD-Handel: Long- und Short-Positionen<\/strong><\/p>\n<p>Der CFD-Handel erm\u00f6glicht es einem Trader, sowohl an sinkende als auch steigenden Kursen zu profitieren. Ein Differenzkontrakt ist nicht nur f\u00fcr die Nachbildung einer konventionellen Investition sinnvoll, sondern kann auch Gewinne erwirtschaften, wenn der Preis eines Basiswertes sinkt. Ein solcher Prozess wird als &#8222;going short&#8220; bezeichnet, was genau das Gegenteil von &#8222;going long&#8220; ist.<\/p>\n<p>Sobald ein Trader denkt, dass der Google-Preis sinken wird, kann er die entsprechenden CFD-Aktien verkaufen. Auch hier handelt es sich um ein Kostendelta zwischen Ein- und Verkaufspreisen. In diesem Beispiel kann ein Trader Gewinne erzielen, wenn die Aktienkurse fallen und Verluste erleiden, wenn sie steigen. Unabh\u00e4ngig davon, ob ein Trader short oder long geht, werden seine negativen oder positiven Ertr\u00e4ge erst nach Abschluss des Gesch\u00e4fts realisiert.[\/vc_column_text]<div  class=\"divider\"><\/div>[vc_row_inner][vc_column_inner column_padding=&#8220;padding-4-percent&#8220; column_padding_position=&#8220;all&#8220; background_color=&#8220;#f2f2f2&#8243; background_color_opacity=&#8220;1&#8243; width=&#8220;1\/1&#8243;][vc_column_text]<strong>Gehebelter CFD Handel (Leverage)<\/strong><\/p>\n<p>Durch den gehebelten Handel eines CFDs (Leverage Effekt) ist ein Trader in der Lage gr\u00f6\u00dfere Ordervolumen als beispielsweise im klassischen Aktienhandel einzugehen. Nehmen wir an, ein Trader m\u00f6chte eine Google-Position von 300 Aktien er\u00f6ffnen. F\u00fcr einen klassischen Aktienhandel w\u00e4re der volle Aktienkurs der Google Aktien zu zahlen. Bei demselben Gesch\u00e4ft per CFD auf die Google Aktie m\u00fcsste der Trader nur 20% des Ordervolumens als Sicherheitsleistung, der sogenannten Margin hinterlegen.<\/p>\n<p>Der Gewinn bzw. Verlust aus dem CFD Trade berechnet sich aber auf die gesamte Positionsgr\u00f6\u00dfe in diesem Fall &#8211; 300 Google-Aktien. Daher k\u00f6nnen sowohl Gewinne als auch Verluste im Vergleich zu einem klassischen Investment prozentual deutlich gr\u00f6\u00dfer sein. Aus diesem Grund ist es sehr wichtig sich der Hebelwirkung bewusst zu sein.[\/vc_column_text][\/vc_column_inner][\/vc_row_inner]<div  class=\"divider\"><\/div>[vc_row_inner][vc_column_inner column_padding=&#8220;no-extra-padding&#8220; column_padding_position=&#8220;all&#8220; background_color_opacity=&#8220;1&#8243; width=&#8220;1\/1&#8243;][vc_column_text]Die Margin wird in zwei Arten unterteilt:<\/p>\n<p>1. Margin, die als individuelle Sicherheitsleistung ben\u00f6tigt wird, um eine Position er\u00f6ffnen zu k\u00f6nnen<\/p>\n<p>2. Aggregierte Margin, die erforderlich ist, falls der Handel in einer Position sich gegen den Trader entwickelt und nicht durch zus\u00e4tzliches Kapital auf dem Konto des H\u00e4ndlers gedeckt ist<\/p>\n<p>Im Falle einer negativen Entwicklung kann ein Trader auch einen Margin Call von seinem Broker erhalten, der ihn auffordert, eine Marginzahlung auf seinem Konto durchzuf\u00fchren. Wenn ein Trader nicht gen\u00fcgend Geld zur Deckung seiner Position aufweisen kann, kann der jeweilige Broker die Position schlie\u00dfen, was zur Realisierung der Verluste aus der Position f\u00fchren w\u00fcrde.<\/p>\n<p><strong>CFDs&#8216; Modus Operandi<\/strong><\/p>\n<p>Es gibt vier entscheidende Faktoren die den CFD-Handel pr\u00e4gen: Ordergr\u00f6\u00dfe, Haltedauer, Spreads und Gewinne\/Verluste. Konzentrieren wir uns auf diese vier Punkte.<\/p>\n<p><strong>1. Spreads, Provisionen, Swaps, etc.:<\/strong> CFD-Kurse werden in Kaufpreis (Bid) und Verkaufspreis (Ask) unterteilt: Der Verkaufspreis liegt in der Regel etwas unterhalb des tats\u00e4chlichen Marktpreises, w\u00e4hrend der Kaufpreis leicht \u00fcber diesem liegt. Die Differenz zwischen diesen beiden Kursen wird als &#8222;Spread&#8220; definiert.[\/vc_column_text][\/vc_column_inner][\/vc_row_inner]<div  class=\"divider\"><\/div><div class=\"img-with-aniamtion-wrap center\"><img decoding=\"async\" class=\"img-with-animation \" data-delay=\"0\" height=\"100%\" width=\"100%\" data-animation=\"none\" src=\"https:\/\/bernstein-bank.azureedge.net\/wp-content\/uploads\/2019\/09\/einkaufs-und-verkaufskurse.jpg\" alt=\"Einkaufs- und Verkaufskurse\" \/><\/div><div  class=\"divider\"><\/div>[vc_column_text]Je kleiner der Spread einer Position ist, desto schneller kann die gehandelte Position im Plus sein. Was den Differenzkontrakt betrifft, so gibt es CFD-Handelskonten und Anlageklassen, die keine Kommission f\u00fcr das Er\u00f6ffnen bzw. Schlie\u00dfen einer Transaktion verlangen. In diesem Fall sind alle Kosten zur Er\u00f6ffnung etc. bereits im Spread enthalten.<\/p>\n<p>Werden CFD Positionen \u00fcber Nacht gehalten, erhebt der Broker in der Regel eine Swap-Geb\u00fchr in Form von Finanzierungskosten um die Position \u00fcber die Nacht offen halten zu k\u00f6nnen.<\/p>\n<p>Kommissionen in Form einer klassischen Ordergeb\u00fchr gibt es normalerweise beim CFD-Handel mit Aktien. Die Kosten orientieren sich h\u00e4ufig an den Kosten f\u00fcr den klassischen Handel mit physischen Aktien.<\/p>\n<p><strong>2. Handelsgr\u00f6\u00dfe: <\/strong>Differenzkontrakte werden in Form von sogenannten Lots, also standardisierten Kontrakten gehandelt. Das Ordervolumen eines CFDs bildet die Grundlage des Basiswertes nach und entspricht oft der Gr\u00f6\u00dfe, zu der der jeweilige Kontrakt auch an der B\u00f6rse gehandelt wird.<\/p>\n<p>Gold wird weltweit an den Rohstoffb\u00f6rsen gehandelt und zwar in einer Lot- bzw. Kontraktgr\u00f6\u00dfe von \u00a0bis zu 100 Feinunzen pro Lot\/ Kontrakt. Dementsprechend wird ein CFD auf Gold auch mit einem Ordervolumen von 100 Feinunzen pro Kontrakt gehandelt. Bei Aktien-CFDs entspricht ein Kontrakt exakt einer einzelnen Aktie.<\/p>\n<p><strong>3. Haltedauer:<\/strong> Die Mehrheit der als CFD handelbaren Produkte sind von der Haltedauer unlimitiert und besitzen somit keine festen Verfallsdaten. Ein Trade wird jeweils geschlossen, indem der Trader eine Order in die entgegengesetzte Richtung, zu der f\u00fcr die Er\u00f6ffnung gew\u00e4hlten, platziert. Wenn ein Trader 100 Silberkontrakte kauft, muss er im Anschluss wieder 100 Silberkontrakte verkaufen, um die Position zu schlie\u00dfen.<\/p>\n<p>L\u00e4sst ein Trader nach Ablauf eines Handelstages (ca. 23.00 Uhr) eine CFD-Position offen, zahlt er &#8211; bis auf wenige Ausnahmen &#8211; die Finanzierungskosten \u00fcber Nacht.<\/p>\n<p><strong>4. Gewinn und Verlust (GuV): <\/strong>Berechnung der GuV bei einer CFD Long Position:<\/p>\n<p>G oder V = Anzahl der Kontrakte * Kurs des Kontraktes * (Verkaufspreispreis &#8211; Kaufpreis)<\/p>\n<p>Berechnung der GuV bei einer CFD Short-Position:<\/p>\n<p>G oder V = Anzahl der Kontrakte * Kurs des Kontraktes * (Kaufpreis &#8211; Verkaufspreis)<\/p>\n<p>Um eine vollst\u00e4ndige Berechnung des reinen Gewinns oder Verlustes einer Transaktion durchzuf\u00fchren, ist es notwendig, die gezahlten Geb\u00fchren wie Provisionen oder Stop-Loss-Geb\u00fchren abzuziehen.[\/vc_column_text][\/vc_column][vc_column column_padding=&#8220;no-extra-padding&#8220; column_padding_position=&#8220;all&#8220; background_color_opacity=&#8220;1&#8243; background_hover_color_opacity=&#8220;1&#8243; width=&#8220;1\/3&#8243;][vc_raw_html]JTNDZGl2JTIwY2xhc3MlM0QlMjJyb3clMjBXaWRnZXQtYmx1ZS1ib3glMjIlM0UlM0NwJTIwY2xhc3MlM0QlMjJoMiUyMiUzRUxpdmUlMjBLb250byUzQyUyRnAlM0UlM0NwJTNFTSVDMyVCNmNodGVuJTIwU2llJTIwamV0enQlMjBtaXQlMjBkZW0lMjAlM0NiciUyMCUyRiUzRSUyMEhhbmRlbCUyMGJlZ2lubmVuJTNGJTNDJTJGcCUzRSUzQ2ElMjBjbGFzcyUzRCUyMmpzLW1vZGFsJTIwQnV0dG9uJTIwQnV0dG9uLS1wcmltYXJ5JTIwQnV0dG9uLS1ibHVlLWxpZ2h0JTIwQnV0dG9uLS1kYXJrLWJnJTIyJTIwaHJlZiUzRCUyMmh0dHBzJTNBJTJGJTJGcG9ydGFsLmJlcm5zdGVpbi1iYW5rLmNvbSUyRmRlJTJGcmVnaXN0cmF0aW9uJTJGbGl2ZSUyMiUyMGRhdGEtZnVuY3Rpb24lM0QlMjJsaXZlJTIyJTIwZGF0YS1sYWJlbCUzRCUyMkVyJUMzJUI2ZmZuZW4lMjBTaWUlMjBlaW4lMjBMaXZlLUtvbnRvJTIyJTNFJTNDc3BhbiUyMGNsYXNzJTNEJTIyQnV0dG9uLWNvcHklMjIlM0VMaXZlJTIwS29udG8lM0MlMkZzcGFuJTNFJTNDJTJGYSUzRSUzQyUyRmRpdiUzRSUwQSUwQQ==[\/vc_raw_html]<div  class=\"divider\"><\/div>[vc_raw_html]JTNDZGl2JTIwY2xhc3MlM0QlMjJyb3clMjBXaWRnZXQtZ29sZC1ib3glMjIlM0UlM0NwJTIwY2xhc3MlM0QlMjJoMiUyMiUzRURlbW8lMjBLb250byUzQyUyRnAlM0UlM0NwJTNFVGVzdGVuJTIwU2llJTIwdW5zZXJlJTIwUHJvZHVrdGUlMjB1bmQlMjBGZWF0dXJlcyUyMG9obmUlMjBSaXNpa2VuJTNDJTJGcCUzRSUzQ2ElMjBjbGFzcyUzRCUyMmpzLW1vZGFsJTIwQnV0dG9uJTIwQnV0dG9uLS1wcmltYXJ5JTIwQnV0dG9uLS1nb2xkLWxpZ2h0JTIwQnV0dG9uLS1kYXJrLWJnJTIyJTIwaHJlZiUzRCUyMmh0dHBzJTNBJTJGJTJGcG9ydGFsLmJlcm5zdGVpbi1iYW5rLmNvbSUyRmRlJTJGcmVnaXN0cmF0aW9uJTJGZGVtbyUyMiUyMGRhdGEtZnVuY3Rpb24lM0QlMjJsaXZlJTIyJTIwZGF0YS1sYWJlbCUzRCUyMkRlbW8lMjBLb250byUyMiUzRSUzQ3NwYW4lMjBjbGFzcyUzRCUyMkJ1dHRvbi1jb3B5JTIyJTNFRGVtbyUyMEtvbnRvJTNDJTJGc3BhbiUzRSUzQyUyRmElM0UlM0MlMkZkaXYlM0UlMEElMEE=[\/vc_raw_html]<div  class=\"divider\"><\/div>[vc_raw_js]JTNDJTIxLS0lMjBFY29ub21pYyUyMENhbGVuZGFyJTIwV2lkZ2V0JTIwQkVHSU4lMjAtLSUzRSUwQSUzQ3NjcmlwdCUyMGlkJTNEJTIyZWNvbm9taWNDYWxlbmRhcldpZGdldCUyMiUyMHR5cGUlM0QlMjJ0ZXh0JTJGamF2YXNjcmlwdCUyMiUyMHNyYyUzRCUyMmh0dHBzJTNBJTJGJTJGYy5tcWw1LmNvbSUyRmpzJTJGd2lkZ2V0cyUyRmNhbGVuZGFyJTJGd2lkZ2V0LnYxLmpzJTIyJTNFJTNDJTJGc2NyaXB0JTNFJTBBJTNDc2NyaXB0JTIwdHlwZSUzRCUyMnRleHQlMkZqYXZhc2NyaXB0JTIyJTNFJTBBJTIwJTIwJTIwJTIwbmV3JTIwZWNvbm9taWNDYWxlbmRhciUyOCU3QiUyMHdpZHRoJTNBJTIwJTIyMTAwJTI1JTIyJTJDJTIwaGVpZ2h0JTNBJTIwJTIyNDAwJTIyJTJDJTIwbW9kZSUzQSUyMDIlMjAlN0QlMjklM0IlMEElM0MlMkZzY3JpcHQlM0UlMEElM0MlMjEtLSUyMEVjb25vbWljJTIwQ2FsZW5kYXIlMjBXaWRnZXQlMjBFTkQlMjAtLSUzRQ==[\/vc_raw_js][\/vc_column][\/vc_row]\n","protected":false},"excerpt":{"rendered":"<p>[vc_row type=&#8220;in_container&#8220; scene_position=&#8220;center&#8220; text_color=&#8220;dark&#8220; text_align=&#8220;left&#8220; overlay_strength=&#8220;0.3&#8243;][vc_column column_padding=&#8220;no-extra-padding&#8220; column_padding_position=&#8220;all&#8220; background_color_opacity=&#8220;1&#8243; background_hover_color_opacity=&#8220;1&#8243; width=&#8220;2\/3&#8243;][vc_column_text] Wesentliche Grunds\u00e4tze des CFD-Handels [\/vc_column_text][vc_column_text]Wenn Sie ein Trader sind, der Informationen \u00fcber verschiedene Finanzinstrumente und M\u00f6glichkeiten zur Erweiterung des&#8230;<\/p>\n","protected":false},"author":37,"featured_media":0,"parent":0,"menu_order":0,"comment_status":"closed","ping_status":"closed","template":"","meta":{"inline_featured_image":false,"footnotes":""},"class_list":["post-13080","page","type-page","status-publish","hentry"],"yoast_head":"<!-- This site is optimized with the Yoast SEO plugin v27.0 - https:\/\/yoast.com\/product\/yoast-seo-wordpress\/ -->\n<title>Wesentliche Grunds\u00e4tze des CFD-Handels | Bernstein Bank<\/title>\n<meta name=\"description\" content=\"Grundlegendes Verst\u00e4ndnis f\u00fcr den Handel mit CFDs. Antworten auf alle Fragen rund um den CFD-Handel: wertvolle Hinweise von CFD-Brokern und Marktanalysten.\" \/>\n<meta name=\"robots\" content=\"index, follow, max-snippet:-1, max-image-preview:large, max-video-preview:-1\" \/>\n<link rel=\"canonical\" href=\"https:\/\/bernstein-bank.com\/en\/crucial-principles-of-cfd-trading\/\" \/>\n<meta property=\"og:locale\" content=\"de_DE\" \/>\n<meta property=\"og:type\" content=\"article\" \/>\n<meta property=\"og:title\" content=\"Wesentliche Grunds\u00e4tze des CFD-Handels | Bernstein Bank\" \/>\n<meta property=\"og:description\" content=\"Grundlegendes Verst\u00e4ndnis f\u00fcr den Handel mit CFDs. Antworten auf alle Fragen rund um den CFD-Handel: wertvolle Hinweise von CFD-Brokern und Marktanalysten.\" \/>\n<meta property=\"og:url\" content=\"https:\/\/bernstein-bank.com\/en\/crucial-principles-of-cfd-trading\/\" \/>\n<meta property=\"og:site_name\" content=\"Bernstein Bank\" \/>\n<meta property=\"article:modified_time\" content=\"2019-09-24T14:27:49+00:00\" \/>\n<meta name=\"twitter:card\" content=\"summary_large_image\" \/>\n<meta name=\"twitter:label1\" content=\"Gesch\u00e4tzte Lesezeit\" \/>\n\t<meta name=\"twitter:data1\" content=\"7\u00a0Minuten\" \/>\n<script type=\"application\/ld+json\" class=\"yoast-schema-graph\">{\"@context\":\"https:\/\/schema.org\",\"@graph\":[{\"@type\":\"WebPage\",\"@id\":\"https:\/\/bernstein-bank.com\/en\/crucial-principles-of-cfd-trading\/\",\"url\":\"https:\/\/bernstein-bank.com\/en\/crucial-principles-of-cfd-trading\/\",\"name\":\"Wesentliche Grunds\u00e4tze des CFD-Handels | Bernstein Bank\",\"isPartOf\":{\"@id\":\"https:\/\/bernstein-bank.com\/en\/#website\"},\"datePublished\":\"2019-09-24T14:26:09+00:00\",\"dateModified\":\"2019-09-24T14:27:49+00:00\",\"description\":\"Grundlegendes Verst\u00e4ndnis f\u00fcr den Handel mit CFDs. Antworten auf alle Fragen rund um den CFD-Handel: wertvolle Hinweise von CFD-Brokern und Marktanalysten.\",\"breadcrumb\":{\"@id\":\"https:\/\/bernstein-bank.com\/en\/crucial-principles-of-cfd-trading\/#breadcrumb\"},\"inLanguage\":\"de\",\"potentialAction\":[{\"@type\":\"ReadAction\",\"target\":[\"https:\/\/bernstein-bank.com\/en\/crucial-principles-of-cfd-trading\/\"]}]},{\"@type\":\"BreadcrumbList\",\"@id\":\"https:\/\/bernstein-bank.com\/en\/crucial-principles-of-cfd-trading\/#breadcrumb\",\"itemListElement\":[{\"@type\":\"ListItem\",\"position\":1,\"name\":\"Home\",\"item\":\"https:\/\/bernstein-bank.com\/de\/\"},{\"@type\":\"ListItem\",\"position\":2,\"name\":\"Wesentliche Grunds\u00e4tze des CFD-Handels\"}]},{\"@type\":\"WebSite\",\"@id\":\"https:\/\/bernstein-bank.com\/en\/#website\",\"url\":\"https:\/\/bernstein-bank.com\/en\/\",\"name\":\"Bernstein Bank\",\"description\":\"Bernstein Bank\",\"potentialAction\":[{\"@type\":\"SearchAction\",\"target\":{\"@type\":\"EntryPoint\",\"urlTemplate\":\"https:\/\/bernstein-bank.com\/en\/?s={search_term_string}\"},\"query-input\":{\"@type\":\"PropertyValueSpecification\",\"valueRequired\":true,\"valueName\":\"search_term_string\"}}],\"inLanguage\":\"de\"}]}<\/script>\n<!-- \/ Yoast SEO plugin. -->","yoast_head_json":{"title":"Wesentliche Grunds\u00e4tze des CFD-Handels | Bernstein Bank","description":"Grundlegendes Verst\u00e4ndnis f\u00fcr den Handel mit CFDs. Antworten auf alle Fragen rund um den CFD-Handel: wertvolle Hinweise von CFD-Brokern und Marktanalysten.","robots":{"index":"index","follow":"follow","max-snippet":"max-snippet:-1","max-image-preview":"max-image-preview:large","max-video-preview":"max-video-preview:-1"},"canonical":"https:\/\/bernstein-bank.com\/en\/crucial-principles-of-cfd-trading\/","og_locale":"de_DE","og_type":"article","og_title":"Wesentliche Grunds\u00e4tze des CFD-Handels | Bernstein Bank","og_description":"Grundlegendes Verst\u00e4ndnis f\u00fcr den Handel mit CFDs. Antworten auf alle Fragen rund um den CFD-Handel: wertvolle Hinweise von CFD-Brokern und Marktanalysten.","og_url":"https:\/\/bernstein-bank.com\/en\/crucial-principles-of-cfd-trading\/","og_site_name":"Bernstein Bank","article_modified_time":"2019-09-24T14:27:49+00:00","twitter_card":"summary_large_image","twitter_misc":{"Gesch\u00e4tzte Lesezeit":"7\u00a0Minuten"},"schema":{"@context":"https:\/\/schema.org","@graph":[{"@type":"WebPage","@id":"https:\/\/bernstein-bank.com\/en\/crucial-principles-of-cfd-trading\/","url":"https:\/\/bernstein-bank.com\/en\/crucial-principles-of-cfd-trading\/","name":"Wesentliche Grunds\u00e4tze des CFD-Handels | Bernstein Bank","isPartOf":{"@id":"https:\/\/bernstein-bank.com\/en\/#website"},"datePublished":"2019-09-24T14:26:09+00:00","dateModified":"2019-09-24T14:27:49+00:00","description":"Grundlegendes Verst\u00e4ndnis f\u00fcr den Handel mit CFDs. Antworten auf alle Fragen rund um den CFD-Handel: wertvolle Hinweise von CFD-Brokern und Marktanalysten.","breadcrumb":{"@id":"https:\/\/bernstein-bank.com\/en\/crucial-principles-of-cfd-trading\/#breadcrumb"},"inLanguage":"de","potentialAction":[{"@type":"ReadAction","target":["https:\/\/bernstein-bank.com\/en\/crucial-principles-of-cfd-trading\/"]}]},{"@type":"BreadcrumbList","@id":"https:\/\/bernstein-bank.com\/en\/crucial-principles-of-cfd-trading\/#breadcrumb","itemListElement":[{"@type":"ListItem","position":1,"name":"Home","item":"https:\/\/bernstein-bank.com\/de\/"},{"@type":"ListItem","position":2,"name":"Wesentliche Grunds\u00e4tze des CFD-Handels"}]},{"@type":"WebSite","@id":"https:\/\/bernstein-bank.com\/en\/#website","url":"https:\/\/bernstein-bank.com\/en\/","name":"Bernstein Bank","description":"Bernstein Bank","potentialAction":[{"@type":"SearchAction","target":{"@type":"EntryPoint","urlTemplate":"https:\/\/bernstein-bank.com\/en\/?s={search_term_string}"},"query-input":{"@type":"PropertyValueSpecification","valueRequired":true,"valueName":"search_term_string"}}],"inLanguage":"de"}]}},"_links":{"self":[{"href":"https:\/\/bernstein-bank.com\/de\/wp-json\/wp\/v2\/pages\/13080","targetHints":{"allow":["GET"]}}],"collection":[{"href":"https:\/\/bernstein-bank.com\/de\/wp-json\/wp\/v2\/pages"}],"about":[{"href":"https:\/\/bernstein-bank.com\/de\/wp-json\/wp\/v2\/types\/page"}],"author":[{"embeddable":true,"href":"https:\/\/bernstein-bank.com\/de\/wp-json\/wp\/v2\/users\/37"}],"replies":[{"embeddable":true,"href":"https:\/\/bernstein-bank.com\/de\/wp-json\/wp\/v2\/comments?post=13080"}],"version-history":[{"count":0,"href":"https:\/\/bernstein-bank.com\/de\/wp-json\/wp\/v2\/pages\/13080\/revisions"}],"wp:attachment":[{"href":"https:\/\/bernstein-bank.com\/de\/wp-json\/wp\/v2\/media?parent=13080"}],"curies":[{"name":"wp","href":"https:\/\/api.w.org\/{rel}","templated":true}]}}