{"id":13084,"date":"2019-09-24T16:46:05","date_gmt":"2019-09-24T14:46:05","guid":{"rendered":"https:\/\/bernstein-bank.com\/?page_id=13084\/"},"modified":"2019-09-24T16:46:05","modified_gmt":"2019-09-24T14:46:05","slug":"was-ist-forex","status":"publish","type":"page","link":"https:\/\/bernstein-bank.com\/de\/was-ist-forex\/","title":{"rendered":"Was ist Forex?"},"content":{"rendered":"[vc_row type=&#8220;in_container&#8220; scene_position=&#8220;center&#8220; text_color=&#8220;dark&#8220; text_align=&#8220;left&#8220; overlay_strength=&#8220;0.3&#8243;][vc_column column_padding=&#8220;no-extra-padding&#8220; column_padding_position=&#8220;all&#8220; background_color_opacity=&#8220;1&#8243; background_hover_color_opacity=&#8220;1&#8243; width=&#8220;2\/3&#8243;][vc_column_text]\n<h1>Was ist Forex?<\/h1>\n[\/vc_column_text]<div  class=\"divider\"><\/div><div  class=\"divider\"><\/div>[vc_column_text]Nach jahrzehntelanger Entwicklung ist der Devisenmarkt (FX) heute weltweit sehr weit entwickelt. W\u00e4hrungsgesch\u00e4fte scheinen f\u00fcr jeden Forex-H\u00e4ndler oder Forex-Broker, der sein Geld wachsen lassen m\u00f6chte, immer interessanter zu werden. Die M\u00f6glichkeiten, in diesem Markt seine M\u00f6glichkeiten zu nutzen, sind endlos. Nicht alle Trader schaffen es allerdings Ihre Chancen im W\u00e4hrungshandel zu nutzen. Nur wenige Anleger, sowohl institutionelle als auch private, schaffen es, die Vorteile der regelm\u00e4\u00dfigen Ertr\u00e4ge aus dem Devisenhandel zu nutzen.[\/vc_column_text]<div  class=\"divider\"><\/div><div class=\"img-with-aniamtion-wrap center\"><img decoding=\"async\" class=\"img-with-animation \" data-delay=\"0\" height=\"100%\" width=\"100%\" data-animation=\"none\" src=\"https:\/\/bernstein-bank.azureedge.net\/wp-content\/uploads\/2019\/09\/forex-grundlagen.jpg\" alt=\"Forex grundlagen\" \/><\/div><div  class=\"divider\"><\/div>[vc_column_text]Um einen Gewinn zu erzielen, m\u00fcssen Sie eine W\u00e4hrung billiger kaufen und dann zu einem sp\u00e4teren Zeitpunkt teurer verkaufen oder umgekehrt: teurer verkaufen und dann wieder billiger kaufen. Die H\u00f6he des Gewinns h\u00e4ngt von der Differenz zwischen dem Kaufpreis und dem Verkaufspreis ab. Wenn Sie die Richtung der Kursentwicklung richtig eingesch\u00e4tzt haben, erzielen Sie einen Gewinn, wenn Sie falsch liegen wird die Position f\u00fchrt zu einem Verlust f\u00fchren.[\/vc_column_text]<div  class=\"divider\"><\/div>[vc_row_inner][vc_column_inner column_padding=&#8220;padding-4-percent&#8220; column_padding_position=&#8220;all&#8220; background_color=&#8220;#f2f2f2&#8243; background_color_opacity=&#8220;1&#8243; width=&#8220;1\/1&#8243;][vc_column_text]<strong>Forex Intro<\/strong><\/p>\n<p>Der Forex- oder Devisenmarkt ist ein Bereich des Finanzsektors, in dem konvertierbare W\u00e4hrungen gekauft und verkauft werden unter Ber\u00fccksichtigung der variierenden Wechselkurse. Als Folge der Globalisierung des Internets w\u00e4chst die Zahl der Menschen, die an den Devisenm\u00e4rkten Chancen nutzen m\u00f6chten. Aber wie funktioniert der Devisenmarkt eigentlich?<\/p>\n<p>Der Devisenmarkt erlaubt es H\u00e4ndlern, W\u00e4hrungen zu tauschen, deren Kurse sich in st\u00e4ndiger Bewegung befinden. Der Devisen- oder auch Forexmarkt ist rund um die Uhr ge\u00f6ffnet und zum Handel verf\u00fcgbar. Die wichtigsten globalen B\u00f6rsen von Sydney bis New York, \u00fcber Frankfurt und London wechseln sich in den jeweiligen Zeitzonen ab, um grenz\u00fcberschreitende Transaktionen zu erfassen. Die Devisennotierung beinhaltet immer zwei W\u00e4hrungen, die in der Quotierung nebeneinanderstehen; die linke oder erstgenannte W\u00e4hrung ist die Basisw\u00e4hrung und die rechte bzw. zweitgenannte W\u00e4hrung ist die Notierungsw\u00e4hrung. Wie an anderen Finanzm\u00e4rkten spielen Deviseninvestoren mit Wechselkursschwankungen, um Gewinne zu erzielen.<\/p>\n<p>Der \u00fcberwiegende Teil der Devisenmarkttransaktionen wird durch Swaps oder durch Prozentswaps in zwei verschiedenen W\u00e4hrungen abgewickelt. Auch OTC (Over the Counter)- und Kassatermingesch\u00e4fte sind in den Devisenm\u00e4rkten handelbar. Ein guter Teil der Transaktionen im Forex wird von Banken und Institutionellen Anlegern abgewickelt.<\/p>\n<p>Fast 42% der Transaktionen finden zwischen Banken statt, 40% zwischen einer Bank und einem Nichtbanken-Finanzinstitut und 18% zwischen einer Bank und einem Nicht-Finanzinstitut. Tausende von Einzelpersonen nehmen auch am Trading teil, indem sie \u00fcber Forex-Plattformen von Banken oder Fondsmanagern investieren.[\/vc_column_text][\/vc_column_inner][\/vc_row_inner]<div  class=\"divider\"><\/div>[vc_row_inner][vc_column_inner column_padding=&#8220;no-extra-padding&#8220; column_padding_position=&#8220;all&#8220; background_color_opacity=&#8220;1&#8243; width=&#8220;1\/1&#8243;][vc_column_text]<strong>FX-Paare<\/strong><\/p>\n<p>Auf dem Devisenmarkt stehen mehrere hundert W\u00e4hrungspaare zur Verf\u00fcgung. Der Gro\u00dfteil des Devisenhandels dreht sich jedoch um eine Handvoll W\u00e4hrungen, die als Hauptw\u00e4hrungen bezeichnet werden. Die Paare, die diese W\u00e4hrungen enthalten, machen allein mehr als 95% des t\u00e4glichen Handels aus, der in der Welt stattfindet.<\/p>\n<p>Der US-Dollar steht an der Spitze der wichtigsten globalen W\u00e4hrungen, wobei die US-W\u00e4hrung im Zeitraum 2016-2018 86% der Transaktionen umfasste. Der Euro liegt knapp dahinter, gefolgt von Japanischem Yen, Pfund Sterling, Schweizer Franken und Australischem Dollar. EUR\/USD ist mit einem Marktanteil von 24% im Jahr 2015 das am h\u00e4ufigsten gehandelte Anlagegut weltweit. Neben den Hauptw\u00e4hrungen beherbergt der Forex mehrere andere konvertierbare W\u00e4hrungen von geringerer Bedeutung, die von L\u00e4ndern verwendet werden, deren Wirtschaft weniger Platz auf der Weltb\u00fchne einnimmt. Diese W\u00e4hrungspaare werden als exotische W\u00e4hrungen bezeichnet, sowohl wegen ihrer Seltenheit auf dem Markt als auch wegen ihrer Unvorhersehbarkeit. Die Paare, die diese exotischen W\u00e4hrungen enthalten, sehen also ihre Preise in oft unerwarteten Amplituden schwanken.<\/p>\n<p>Diese Werte, auch wenn sie manchmal hohe Renditen versprechen, bleiben erfahrenen H\u00e4ndlern vorbehalten, die die Entwicklung besser einsch\u00e4tzen k\u00f6nnen.[\/vc_column_text][\/vc_column_inner][\/vc_row_inner][\/vc_column][vc_column column_padding=&#8220;no-extra-padding&#8220; column_padding_position=&#8220;all&#8220; background_color_opacity=&#8220;1&#8243; background_hover_color_opacity=&#8220;1&#8243; width=&#8220;1\/3&#8243;][vc_raw_html]JTNDZGl2JTIwY2xhc3MlM0QlMjJyb3clMjBXaWRnZXQtYmx1ZS1ib3glMjIlM0UlM0NwJTIwY2xhc3MlM0QlMjJoMiUyMiUzRUxpdmUlMjBLb250byUzQyUyRnAlM0UlM0NwJTNFTSVDMyVCNmNodGVuJTIwU2llJTIwamV0enQlMjBtaXQlMjBkZW0lMjAlM0NiciUyMCUyRiUzRSUyMEhhbmRlbCUyMGJlZ2lubmVuJTNGJTNDJTJGcCUzRSUzQ2ElMjBjbGFzcyUzRCUyMmpzLW1vZGFsJTIwQnV0dG9uJTIwQnV0dG9uLS1wcmltYXJ5JTIwQnV0dG9uLS1ibHVlLWxpZ2h0JTIwQnV0dG9uLS1kYXJrLWJnJTIyJTIwaHJlZiUzRCUyMmh0dHBzJTNBJTJGJTJGcG9ydGFsLmJlcm5zdGVpbi1iYW5rLmNvbSUyRmRlJTJGcmVnaXN0cmF0aW9uJTJGbGl2ZSUyMiUyMGRhdGEtZnVuY3Rpb24lM0QlMjJsaXZlJTIyJTIwZGF0YS1sYWJlbCUzRCUyMkVyJUMzJUI2ZmZuZW4lMjBTaWUlMjBlaW4lMjBMaXZlLUtvbnRvJTIyJTNFJTNDc3BhbiUyMGNsYXNzJTNEJTIyQnV0dG9uLWNvcHklMjIlM0VMaXZlJTIwS29udG8lM0MlMkZzcGFuJTNFJTNDJTJGYSUzRSUzQyUyRmRpdiUzRSUwQSUwQQ==[\/vc_raw_html]<div  class=\"divider\"><\/div>[vc_raw_html]JTNDZGl2JTIwY2xhc3MlM0QlMjJyb3clMjBXaWRnZXQtZ29sZC1ib3glMjIlM0UlM0NwJTIwY2xhc3MlM0QlMjJoMiUyMiUzRURlbW8lMjBLb250byUzQyUyRnAlM0UlM0NwJTNFVGVzdGVuJTIwU2llJTIwdW5zZXJlJTIwUHJvZHVrdGUlMjB1bmQlMjBGZWF0dXJlcyUyMG9obmUlMjBSaXNpa2VuJTNDJTJGcCUzRSUzQ2ElMjBjbGFzcyUzRCUyMmpzLW1vZGFsJTIwQnV0dG9uJTIwQnV0dG9uLS1wcmltYXJ5JTIwQnV0dG9uLS1nb2xkLWxpZ2h0JTIwQnV0dG9uLS1kYXJrLWJnJTIyJTIwaHJlZiUzRCUyMmh0dHBzJTNBJTJGJTJGcG9ydGFsLmJlcm5zdGVpbi1iYW5rLmNvbSUyRmRlJTJGcmVnaXN0cmF0aW9uJTJGZGVtbyUyMiUyMGRhdGEtZnVuY3Rpb24lM0QlMjJsaXZlJTIyJTIwZGF0YS1sYWJlbCUzRCUyMkRlbW8lMjBLb250byUyMiUzRSUzQ3NwYW4lMjBjbGFzcyUzRCUyMkJ1dHRvbi1jb3B5JTIyJTNFRGVtbyUyMEtvbnRvJTNDJTJGc3BhbiUzRSUzQyUyRmElM0UlM0MlMkZkaXYlM0UlMEElMEE=[\/vc_raw_html]<div  class=\"divider\"><\/div>[vc_raw_js]JTNDJTIxLS0lMjBFY29ub21pYyUyMENhbGVuZGFyJTIwV2lkZ2V0JTIwQkVHSU4lMjAtLSUzRSUwQSUzQ3NjcmlwdCUyMGlkJTNEJTIyZWNvbm9taWNDYWxlbmRhcldpZGdldCUyMiUyMHR5cGUlM0QlMjJ0ZXh0JTJGamF2YXNjcmlwdCUyMiUyMHNyYyUzRCUyMmh0dHBzJTNBJTJGJTJGYy5tcWw1LmNvbSUyRmpzJTJGd2lkZ2V0cyUyRmNhbGVuZGFyJTJGd2lkZ2V0LnYxLmpzJTIyJTNFJTNDJTJGc2NyaXB0JTNFJTBBJTNDc2NyaXB0JTIwdHlwZSUzRCUyMnRleHQlMkZqYXZhc2NyaXB0JTIyJTNFJTBBJTIwJTIwJTIwJTIwbmV3JTIwZWNvbm9taWNDYWxlbmRhciUyOCU3QiUyMHdpZHRoJTNBJTIwJTIyMTAwJTI1JTIyJTJDJTIwaGVpZ2h0JTNBJTIwJTIyNDAwJTIyJTJDJTIwbW9kZSUzQSUyMDIlMjAlN0QlMjklM0IlMEElM0MlMkZzY3JpcHQlM0UlMEElM0MlMjEtLSUyMEVjb25vbWljJTIwQ2FsZW5kYXIlMjBXaWRnZXQlMjBFTkQlMjAtLSUzRQ==[\/vc_raw_js][\/vc_column][\/vc_row]\n","protected":false},"excerpt":{"rendered":"<p>[vc_row type=&#8220;in_container&#8220; scene_position=&#8220;center&#8220; text_color=&#8220;dark&#8220; text_align=&#8220;left&#8220; overlay_strength=&#8220;0.3&#8243;][vc_column column_padding=&#8220;no-extra-padding&#8220; column_padding_position=&#8220;all&#8220; background_color_opacity=&#8220;1&#8243; background_hover_color_opacity=&#8220;1&#8243; width=&#8220;2\/3&#8243;][vc_column_text] Was ist Forex? [\/vc_column_text][vc_column_text]Nach jahrzehntelanger Entwicklung ist der Devisenmarkt (FX) heute weltweit sehr weit entwickelt. W\u00e4hrungsgesch\u00e4fte scheinen f\u00fcr jeden&#8230;<\/p>\n","protected":false},"author":37,"featured_media":0,"parent":0,"menu_order":0,"comment_status":"closed","ping_status":"closed","template":"","meta":{"inline_featured_image":false,"footnotes":""},"class_list":["post-13084","page","type-page","status-publish","hentry"],"yoast_head":"<!-- This site is optimized with the Yoast SEO plugin v27.0 - https:\/\/yoast.com\/product\/yoast-seo-wordpress\/ -->\n<title>Was ist Forex? | Bernstein Bank<\/title>\n<meta name=\"description\" content=\"Der Einstieg in den Forex-Handel ist ganz einfach: Versuchen Sie den besten Forex-Broker zu finden und werden Sie selbst zu einem f\u00fchrenden Forex-H\u00e4ndler.\" \/>\n<meta name=\"robots\" content=\"index, follow, max-snippet:-1, max-image-preview:large, max-video-preview:-1\" \/>\n<link rel=\"canonical\" href=\"https:\/\/bernstein-bank.com\/en\/what-is-forex\/\" \/>\n<meta property=\"og:locale\" content=\"de_DE\" \/>\n<meta property=\"og:type\" content=\"article\" \/>\n<meta property=\"og:title\" content=\"Was ist Forex? | Bernstein Bank\" \/>\n<meta property=\"og:description\" content=\"Der Einstieg in den Forex-Handel ist ganz einfach: Versuchen Sie den besten Forex-Broker zu finden und werden Sie selbst zu einem f\u00fchrenden Forex-H\u00e4ndler.\" \/>\n<meta property=\"og:url\" content=\"https:\/\/bernstein-bank.com\/en\/what-is-forex\/\" \/>\n<meta property=\"og:site_name\" content=\"Bernstein Bank\" \/>\n<meta name=\"twitter:card\" content=\"summary_large_image\" \/>\n<meta name=\"twitter:label1\" content=\"Gesch\u00e4tzte Lesezeit\" \/>\n\t<meta name=\"twitter:data1\" content=\"5\u00a0Minuten\" \/>\n<script type=\"application\/ld+json\" class=\"yoast-schema-graph\">{\"@context\":\"https:\/\/schema.org\",\"@graph\":[{\"@type\":\"WebPage\",\"@id\":\"https:\/\/bernstein-bank.com\/en\/what-is-forex\/\",\"url\":\"https:\/\/bernstein-bank.com\/en\/what-is-forex\/\",\"name\":\"Was ist Forex? | Bernstein Bank\",\"isPartOf\":{\"@id\":\"https:\/\/bernstein-bank.com\/en\/#website\"},\"datePublished\":\"2019-09-24T14:46:05+00:00\",\"description\":\"Der Einstieg in den Forex-Handel ist ganz einfach: Versuchen Sie den besten Forex-Broker zu finden und werden Sie selbst zu einem f\u00fchrenden Forex-H\u00e4ndler.\",\"breadcrumb\":{\"@id\":\"https:\/\/bernstein-bank.com\/en\/what-is-forex\/#breadcrumb\"},\"inLanguage\":\"de\",\"potentialAction\":[{\"@type\":\"ReadAction\",\"target\":[\"https:\/\/bernstein-bank.com\/en\/what-is-forex\/\"]}]},{\"@type\":\"BreadcrumbList\",\"@id\":\"https:\/\/bernstein-bank.com\/en\/what-is-forex\/#breadcrumb\",\"itemListElement\":[{\"@type\":\"ListItem\",\"position\":1,\"name\":\"Home\",\"item\":\"https:\/\/bernstein-bank.com\/de\/\"},{\"@type\":\"ListItem\",\"position\":2,\"name\":\"Was ist Forex?\"}]},{\"@type\":\"WebSite\",\"@id\":\"https:\/\/bernstein-bank.com\/en\/#website\",\"url\":\"https:\/\/bernstein-bank.com\/en\/\",\"name\":\"Bernstein Bank\",\"description\":\"Bernstein Bank\",\"potentialAction\":[{\"@type\":\"SearchAction\",\"target\":{\"@type\":\"EntryPoint\",\"urlTemplate\":\"https:\/\/bernstein-bank.com\/en\/?s={search_term_string}\"},\"query-input\":{\"@type\":\"PropertyValueSpecification\",\"valueRequired\":true,\"valueName\":\"search_term_string\"}}],\"inLanguage\":\"de\"}]}<\/script>\n<!-- \/ Yoast SEO plugin. -->","yoast_head_json":{"title":"Was ist Forex? | Bernstein Bank","description":"Der Einstieg in den Forex-Handel ist ganz einfach: Versuchen Sie den besten Forex-Broker zu finden und werden Sie selbst zu einem f\u00fchrenden Forex-H\u00e4ndler.","robots":{"index":"index","follow":"follow","max-snippet":"max-snippet:-1","max-image-preview":"max-image-preview:large","max-video-preview":"max-video-preview:-1"},"canonical":"https:\/\/bernstein-bank.com\/en\/what-is-forex\/","og_locale":"de_DE","og_type":"article","og_title":"Was ist Forex? | Bernstein Bank","og_description":"Der Einstieg in den Forex-Handel ist ganz einfach: Versuchen Sie den besten Forex-Broker zu finden und werden Sie selbst zu einem f\u00fchrenden Forex-H\u00e4ndler.","og_url":"https:\/\/bernstein-bank.com\/en\/what-is-forex\/","og_site_name":"Bernstein Bank","twitter_card":"summary_large_image","twitter_misc":{"Gesch\u00e4tzte Lesezeit":"5\u00a0Minuten"},"schema":{"@context":"https:\/\/schema.org","@graph":[{"@type":"WebPage","@id":"https:\/\/bernstein-bank.com\/en\/what-is-forex\/","url":"https:\/\/bernstein-bank.com\/en\/what-is-forex\/","name":"Was ist Forex? | Bernstein Bank","isPartOf":{"@id":"https:\/\/bernstein-bank.com\/en\/#website"},"datePublished":"2019-09-24T14:46:05+00:00","description":"Der Einstieg in den Forex-Handel ist ganz einfach: Versuchen Sie den besten Forex-Broker zu finden und werden Sie selbst zu einem f\u00fchrenden Forex-H\u00e4ndler.","breadcrumb":{"@id":"https:\/\/bernstein-bank.com\/en\/what-is-forex\/#breadcrumb"},"inLanguage":"de","potentialAction":[{"@type":"ReadAction","target":["https:\/\/bernstein-bank.com\/en\/what-is-forex\/"]}]},{"@type":"BreadcrumbList","@id":"https:\/\/bernstein-bank.com\/en\/what-is-forex\/#breadcrumb","itemListElement":[{"@type":"ListItem","position":1,"name":"Home","item":"https:\/\/bernstein-bank.com\/de\/"},{"@type":"ListItem","position":2,"name":"Was ist Forex?"}]},{"@type":"WebSite","@id":"https:\/\/bernstein-bank.com\/en\/#website","url":"https:\/\/bernstein-bank.com\/en\/","name":"Bernstein Bank","description":"Bernstein Bank","potentialAction":[{"@type":"SearchAction","target":{"@type":"EntryPoint","urlTemplate":"https:\/\/bernstein-bank.com\/en\/?s={search_term_string}"},"query-input":{"@type":"PropertyValueSpecification","valueRequired":true,"valueName":"search_term_string"}}],"inLanguage":"de"}]}},"_links":{"self":[{"href":"https:\/\/bernstein-bank.com\/de\/wp-json\/wp\/v2\/pages\/13084","targetHints":{"allow":["GET"]}}],"collection":[{"href":"https:\/\/bernstein-bank.com\/de\/wp-json\/wp\/v2\/pages"}],"about":[{"href":"https:\/\/bernstein-bank.com\/de\/wp-json\/wp\/v2\/types\/page"}],"author":[{"embeddable":true,"href":"https:\/\/bernstein-bank.com\/de\/wp-json\/wp\/v2\/users\/37"}],"replies":[{"embeddable":true,"href":"https:\/\/bernstein-bank.com\/de\/wp-json\/wp\/v2\/comments?post=13084"}],"version-history":[{"count":0,"href":"https:\/\/bernstein-bank.com\/de\/wp-json\/wp\/v2\/pages\/13084\/revisions"}],"wp:attachment":[{"href":"https:\/\/bernstein-bank.com\/de\/wp-json\/wp\/v2\/media?parent=13084"}],"curies":[{"name":"wp","href":"https:\/\/api.w.org\/{rel}","templated":true}]}}